{"id":1976,"date":"2020-03-16T13:04:08","date_gmt":"2020-03-16T13:04:08","guid":{"rendered":"https:\/\/notronpipeline.com\/sobre-nosotros\/"},"modified":"2022-11-02T12:01:55","modified_gmt":"2022-11-02T12:01:55","slug":"sobre-nosotros","status":"publish","type":"page","link":"https:\/\/notronpipeline.com\/es\/sobre-nosotros\/","title":{"rendered":"SOBRE NOSOTROS"},"content":{"rendered":"\t\t<div data-elementor-type=\"wp-page\" data-elementor-id=\"1976\" class=\"elementor elementor-1976 elementor-94\">\n\t\t\t\t\t\t<section class=\"elementor-section elementor-top-section elementor-element elementor-element-d4735f3 elementor-section-boxed elementor-section-height-default elementor-section-height-default\" data-id=\"d4735f3\" data-element_type=\"section\">\n\t\t\t\t\t\t<div class=\"elementor-container elementor-column-gap-default\">\n\t\t\t\t\t<div class=\"elementor-column elementor-col-50 elementor-top-column elementor-element elementor-element-b46ca0a\" data-id=\"b46ca0a\" data-element_type=\"column\">\n\t\t\t<div class=\"elementor-widget-wrap elementor-element-populated\">\n\t\t\t\t\t\t<div class=\"elementor-element elementor-element-d817781 elementor-widget elementor-widget-heading\" data-id=\"d817781\" data-element_type=\"widget\" data-widget_type=\"heading.default\">\n\t\t\t\t<div class=\"elementor-widget-container\">\n\t\t\t<h3 class='heading-left  divider-modern'  style=\"color:#000000\"><span><em class=\"heading-subtitle\">Our company<\/em>Notron P\u0131pel\u0131ne<\/span><\/h3>\t\t<\/div>\n\t\t\t\t<\/div>\n\t\t\t\t<div class=\"elementor-element elementor-element-2e39c59 elementor-widget elementor-widget-text-editor\" data-id=\"2e39c59\" data-element_type=\"widget\" data-widget_type=\"text-editor.default\">\n\t\t\t\t<div class=\"elementor-widget-container\">\n\t\t\t\t\t\t\t<p>&nbsp; &nbsp; &nbsp; &nbsp; &nbsp; Nuestra empresa, fundada en 2008, comenz\u00f3 a dise\u00f1ar y producir equipos para oleoductos y gasoductos en el sector de la transmisi\u00f3n de energ\u00eda. Es la \u00fanica empresa en Turqu\u00eda que puede responder a la producci\u00f3n y el dise\u00f1o \u00abPig\u00bb. Gracias a esta capacidad, competimos con empresas internacionales en licitaciones de proyectos de oleoductos Blue Stream y Baku-Ceyhan.<\/p>\n<p><\/p>\n<p>&nbsp; &nbsp; &nbsp; &nbsp; &nbsp;Gracias a nuestro personal de ingenieros en nuestra empresa, producimos soluciones innovadoras. En este punto, dise\u00f1amos y fabricamos no solo pigs para oleoductos &#8211; gasoductos, sino tambi\u00e9n equipos de conexi\u00f3n con altos est\u00e1ndares de calidad y calidad.<\/p>\n<p>&nbsp;Adem\u00e1s de estos, podemos producir \u00abMarcadores electr\u00f3nicos\u00bb con una calidad superior a los est\u00e1ndares para marcar los puntos cr\u00edticos o las ubicaciones est\u00e1ndar de las l\u00edneas de transmisi\u00f3n de telecomunicaciones, fibra \u00f3ptica y energ\u00eda que pasan bajo tierra.&nbsp;<\/p>\n<p>&nbsp; &nbsp; &nbsp; &nbsp; Como Notronpipeline, siempre continuamos produciendo productos mejores y de mayor calidad en l\u00ednea con las demandas del sector energ\u00e9tico, el sector de infraestructura de telecomunicaciones y los servicios de mantenimiento.<\/p>\t\t\t\t\t\t<\/div>\n\t\t\t\t<\/div>\n\t\t\t\t\t<\/div>\n\t\t<\/div>\n\t\t\t\t<div class=\"elementor-column elementor-col-50 elementor-top-column elementor-element elementor-element-6606ae0\" data-id=\"6606ae0\" data-element_type=\"column\">\n\t\t\t<div class=\"elementor-widget-wrap elementor-element-populated\">\n\t\t\t\t\t\t<div class=\"elementor-element elementor-element-6fd0c6d elementor-widget elementor-widget-spacer\" data-id=\"6fd0c6d\" data-element_type=\"widget\" data-widget_type=\"spacer.default\">\n\t\t\t\t<div class=\"elementor-widget-container\">\n\t\t\t\t\t<div class=\"elementor-spacer\">\n\t\t\t<div class=\"elementor-spacer-inner\"><\/div>\n\t\t<\/div>\n\t\t\t\t<\/div>\n\t\t\t\t<\/div>\n\t\t\t\t<div class=\"elementor-element elementor-element-6f7810d elementor-widget elementor-widget-image\" data-id=\"6f7810d\" data-element_type=\"widget\" data-widget_type=\"image.default\">\n\t\t\t\t<div class=\"elementor-widget-container\">\n\t\t\t\t\t\t\t\t\t\t\t\t\t<img fetchpriority=\"high\" decoding=\"async\" width=\"980\" height=\"654\" src=\"https:\/\/notronpipeline.com\/wp-content\/uploads\/ANKA7831-Medium-1024x683.jpg\" class=\"attachment-large size-large wp-image-666\" alt=\"about us\" srcset=\"https:\/\/notronpipeline.com\/wp-content\/uploads\/ANKA7831-Medium-1024x683.jpg 1024w, https:\/\/notronpipeline.com\/wp-content\/uploads\/ANKA7831-Medium-300x200.jpg 300w, https:\/\/notronpipeline.com\/wp-content\/uploads\/ANKA7831-Medium-768x512.jpg 768w, https:\/\/notronpipeline.com\/wp-content\/uploads\/ANKA7831-Medium.jpg 1152w\" sizes=\"(max-width: 980px) 100vw, 980px\" \/>\t\t\t\t\t\t\t\t\t\t\t\t\t<\/div>\n\t\t\t\t<\/div>\n\t\t\t\t\t<\/div>\n\t\t<\/div>\n\t\t\t\t\t<\/div>\n\t\t<\/section>\n\t\t\t\t<section class=\"elementor-section elementor-top-section elementor-element elementor-element-1eee019 elementor-section-boxed elementor-section-height-default elementor-section-height-default\" data-id=\"1eee019\" data-element_type=\"section\">\n\t\t\t\t\t\t<div class=\"elementor-container elementor-column-gap-default\">\n\t\t\t\t\t<div class=\"elementor-column elementor-col-100 elementor-top-column elementor-element elementor-element-7d5c711\" data-id=\"7d5c711\" data-element_type=\"column\">\n\t\t\t<div class=\"elementor-widget-wrap elementor-element-populated\">\n\t\t\t\t\t\t<div class=\"elementor-element elementor-element-6c72cc1 elementor-widget elementor-widget-heading\" data-id=\"6c72cc1\" data-element_type=\"widget\" data-widget_type=\"heading.default\">\n\t\t\t\t<div class=\"elementor-widget-container\">\n\t\t\t<h3 class='heading-left  divider-modern'  style=\"color:#000000\"><span><em class=\"heading-subtitle\">Innovative Technology<\/em>Notron PIPELINE<\/span><\/h3>\t\t<\/div>\n\t\t\t\t<\/div>\n\t\t\t\t<section class=\"elementor-section elementor-inner-section elementor-element elementor-element-c4a9764 elementor-section-boxed elementor-section-height-default elementor-section-height-default\" data-id=\"c4a9764\" data-element_type=\"section\">\n\t\t\t\t\t\t<div class=\"elementor-container elementor-column-gap-default\">\n\t\t\t\t\t<div class=\"elementor-column elementor-col-50 elementor-inner-column elementor-element elementor-element-f65643c\" data-id=\"f65643c\" data-element_type=\"column\">\n\t\t\t<div class=\"elementor-widget-wrap elementor-element-populated\">\n\t\t\t\t\t\t<div class=\"elementor-element elementor-element-094c0ef elementor-widget elementor-widget-text-editor\" data-id=\"094c0ef\" data-element_type=\"widget\" data-widget_type=\"text-editor.default\">\n\t\t\t\t<div class=\"elementor-widget-container\">\n\t\t\t\t\t\t\t<p><strong>Nuestra visi\u00f3n<\/strong><\/p>\n<p>Nuestra empresa trabaja en soluciones m\u00e1s innovadoras anticip\u00e1ndose a las necesidades futuras. Al mismo tiempo, da pasos firmes siguiendo el mercado en desarrollo en l\u00ednea con la tecnolog\u00eda actual y las necesidades sectoriales.<\/p>\n\t\t\t\t\t\t<\/div>\n\t\t\t\t<\/div>\n\t\t\t\t\t<\/div>\n\t\t<\/div>\n\t\t\t\t<div class=\"elementor-column elementor-col-50 elementor-inner-column elementor-element elementor-element-7a1fb29\" data-id=\"7a1fb29\" data-element_type=\"column\">\n\t\t\t<div class=\"elementor-widget-wrap elementor-element-populated\">\n\t\t\t\t\t\t<div class=\"elementor-element elementor-element-dda6fb2 elementor-widget elementor-widget-text-editor\" data-id=\"dda6fb2\" data-element_type=\"widget\" data-widget_type=\"text-editor.default\">\n\t\t\t\t<div class=\"elementor-widget-container\">\n\t\t\t\t\t\t\t<p><strong>Nuestra misi\u00f3n<\/strong><\/p>\n<p>Nuestra misi\u00f3n m\u00e1s importante es ser una gran empresa de ingenier\u00eda y fabricaci\u00f3n en el mundo, tratando de tener una voz en su propio sector en nombre de su pa\u00eds, y tratando de producir productos innovadores, de calidad y confiables.<\/p>\n\t\t\t\t\t\t<\/div>\n\t\t\t\t<\/div>\n\t\t\t\t\t<\/div>\n\t\t<\/div>\n\t\t\t\t\t<\/div>\n\t\t<\/section>\n\t\t\t\t\t<\/div>\n\t\t<\/div>\n\t\t\t\t\t<\/div>\n\t\t<\/section>\n\t\t\t\t<section class=\"elementor-section elementor-top-section elementor-element elementor-element-ac4b0a8 elementor-section-boxed elementor-section-height-default elementor-section-height-default\" data-id=\"ac4b0a8\" data-element_type=\"section\">\n\t\t\t\t\t\t<div class=\"elementor-container elementor-column-gap-default\">\n\t\t\t\t\t<div class=\"elementor-column elementor-col-100 elementor-top-column elementor-element elementor-element-142b98d\" data-id=\"142b98d\" data-element_type=\"column\">\n\t\t\t<div class=\"elementor-widget-wrap elementor-element-populated\">\n\t\t\t\t\t\t<div class=\"elementor-element elementor-element-926901d elementor-widget elementor-widget-heading\" data-id=\"926901d\" data-element_type=\"widget\" data-widget_type=\"heading.default\">\n\t\t\t\t<div class=\"elementor-widget-container\">\n\t\t\t<h3 class='heading-left  divider-modern'  style=\"color:#000000\"><span><em class=\"heading-subtitle\">Notron Pipeline<\/em>EQUIPO CON EXPERIENCIA<\/span><\/h3>\t\t<\/div>\n\t\t\t\t<\/div>\n\t\t\t\t<div class=\"elementor-element elementor-element-956c385 elementor-widget elementor-widget-team\" data-id=\"956c385\" data-element_type=\"widget\" data-widget_type=\"team.default\">\n\t\t\t\t<div class=\"elementor-widget-container\">\n\t\t\t<div class='team team-col-2'><\/div>\t\t<\/div>\n\t\t\t\t<\/div>\n\t\t\t\t\t<\/div>\n\t\t<\/div>\n\t\t\t\t\t<\/div>\n\t\t<\/section>\n\t\t\t\t<section class=\"elementor-section elementor-top-section elementor-element elementor-element-f33ba7c elementor-section-stretched elementor-section-boxed elementor-section-height-default elementor-section-height-default\" data-id=\"f33ba7c\" data-element_type=\"section\" data-settings=\"{&quot;stretch_section&quot;:&quot;section-stretched&quot;,&quot;background_background&quot;:&quot;classic&quot;}\">\n\t\t\t\t\t\t<div class=\"elementor-container elementor-column-gap-no\">\n\t\t\t\t\t<div class=\"elementor-column elementor-col-100 elementor-top-column elementor-element elementor-element-3c5383f\" data-id=\"3c5383f\" data-element_type=\"column\">\n\t\t\t<div class=\"elementor-widget-wrap elementor-element-populated\">\n\t\t\t\t\t\t<div class=\"elementor-element elementor-element-287a588 elementor-widget elementor-widget-download\" data-id=\"287a588\" data-element_type=\"widget\" data-widget_type=\"download.default\">\n\t\t\t\t<div class=\"elementor-widget-container\">\n\t\t\t<div class=\"download\"><div class='download-content text-uppercase' style='color: #FFFFFF'><i class='fa far fa-file-pdf'><\/i> DOWNLOAD A COMPLETE CATALOG OF OUR SERVICES AND PROJECTS SPECIFICATIONS<\/div><a target='_blank' href='https:\/\/notronpipeline.com\/wp-content\/uploads\/Notron_Pipeline_Catalogue.pdf' class='btn btn-md btn-dark btn-shadow'><i class='fa fas fa-cloud-download-alt'><\/i> Download<\/a><\/div>\t\t<\/div>\n\t\t\t\t<\/div>\n\t\t\t\t\t<\/div>\n\t\t<\/div>\n\t\t\t\t\t<\/div>\n\t\t<\/section>\n\t\t\t\t<\/div>\n\t\t","protected":false},"excerpt":{"rendered":"<p>Our companyNotron P\u0131pel\u0131ne &nbsp; &nbsp; &nbsp; &nbsp; &nbsp; Nuestra empresa, fundada en 2008, comenz\u00f3 a dise\u00f1ar y producir equipos para oleoductos y gasoductos en el sector de la transmisi\u00f3n de energ\u00eda. Es la \u00fanica empresa en Turqu\u00eda que puede responder &hellip;<\/p>\n","protected":false},"author":1,"featured_media":0,"parent":0,"menu_order":1,"comment_status":"closed","ping_status":"closed","template":"","meta":{"footnotes":""},"class_list":["post-1976","page","type-page","status-publish","hentry"],"_links":{"self":[{"href":"https:\/\/notronpipeline.com\/es\/wp-json\/wp\/v2\/pages\/1976","targetHints":{"allow":["GET"]}}],"collection":[{"href":"https:\/\/notronpipeline.com\/es\/wp-json\/wp\/v2\/pages"}],"about":[{"href":"https:\/\/notronpipeline.com\/es\/wp-json\/wp\/v2\/types\/page"}],"author":[{"embeddable":true,"href":"https:\/\/notronpipeline.com\/es\/wp-json\/wp\/v2\/users\/1"}],"replies":[{"embeddable":true,"href":"https:\/\/notronpipeline.com\/es\/wp-json\/wp\/v2\/comments?post=1976"}],"version-history":[{"count":1,"href":"https:\/\/notronpipeline.com\/es\/wp-json\/wp\/v2\/pages\/1976\/revisions"}],"predecessor-version":[{"id":1977,"href":"https:\/\/notronpipeline.com\/es\/wp-json\/wp\/v2\/pages\/1976\/revisions\/1977"}],"wp:attachment":[{"href":"https:\/\/notronpipeline.com\/es\/wp-json\/wp\/v2\/media?parent=1976"}],"curies":[{"name":"wp","href":"https:\/\/api.w.org\/{rel}","templated":true}]}}