{"id":2626,"date":"2023-03-01T10:06:36","date_gmt":"2023-03-01T10:06:36","guid":{"rendered":"https:\/\/notronpipeline.com\/anillo-de-reparacion-de-bridas\/"},"modified":"2025-06-26T09:26:57","modified_gmt":"2025-06-26T09:26:57","slug":"collar-de-reparacion-de-brida","status":"publish","type":"page","link":"https:\/\/notronpipeline.com\/es\/collar-de-reparacion-de-brida\/","title":{"rendered":"Collar de Reparaci\u00f3n de Brida"},"content":{"rendered":"\t\t<div data-elementor-type=\"wp-page\" data-elementor-id=\"2626\" class=\"elementor elementor-2626 elementor-2389\">\n\t\t\t\t\t\t<section class=\"elementor-section elementor-top-section elementor-element elementor-element-5d94c059 elementor-section-boxed elementor-section-height-default elementor-section-height-default\" data-id=\"5d94c059\" data-element_type=\"section\">\n\t\t\t\t\t\t<div class=\"elementor-container elementor-column-gap-default\">\n\t\t\t\t\t<div class=\"elementor-column elementor-col-100 elementor-top-column elementor-element elementor-element-50a07c64\" data-id=\"50a07c64\" data-element_type=\"column\">\n\t\t\t<div class=\"elementor-widget-wrap elementor-element-populated\">\n\t\t\t\t\t\t<div class=\"elementor-element elementor-element-1f311372 elementor-widget elementor-widget-gallery_slider\" data-id=\"1f311372\" data-element_type=\"widget\" data-widget_type=\"gallery_slider.default\">\n\t\t\t\t<div class=\"elementor-widget-container\">\n\t\t\t<div class=\"gallery-fs\"><figure><img decoding=\"async\" src=\"https:\/\/notronpipeline.com\/wp-content\/uploads\/NT-FRR-1_y-2.jpg\" alt=\"\"><\/figure><div class=\"gallery-fs-nav\"><button class=\"gallery-fs-fullscreen\"><i class=\"fa fa-arrows-alt\"><\/i><\/button><\/div><div class=\"gallery-fs-thumbnails gallery-fs-thumbnails-col-5 owl-carousel owl-loaded\"><a href='https:\/\/notronpipeline.com\/wp-content\/uploads\/NT-FRR-1_y-2.jpg' data-caption='NT-FRR-1_y (2)' title='NT-FRR-1_y (2)' class=\"selected\"><img class='attachment-anps-gallery-thumb size-anps-gallery-thumb' src=https:\/\/notronpipeline.com\/wp-content\/uploads\/NT-FRR-1_y-2.jpg sizes='(max-width: 280px) 100vw, 280px' width='280' height='158'><\/a><a href='https:\/\/notronpipeline.com\/wp-content\/uploads\/NT-FRR-2_y-2.jpg' data-caption='NT-FRR-2_y (2)' title='NT-FRR-2_y (2)'><img class='attachment-anps-gallery-thumb size-anps-gallery-thumb' src=https:\/\/notronpipeline.com\/wp-content\/uploads\/NT-FRR-2_y-2.jpg sizes='(max-width: 280px) 100vw, 280px' width='280' height='158'><\/a><a href='https:\/\/notronpipeline.com\/wp-content\/uploads\/NT-FRR-3_1_y-2.jpg' data-caption='NT-FRR-3_1_y (2)' title='NT-FRR-3_1_y (2)'><img class='attachment-anps-gallery-thumb size-anps-gallery-thumb' src=https:\/\/notronpipeline.com\/wp-content\/uploads\/NT-FRR-3_1_y-2.jpg sizes='(max-width: 280px) 100vw, 280px' width='280' height='158'><\/a><\/div><\/div>\t\t<\/div>\n\t\t\t\t<\/div>\n\t\t\t\t\t<\/div>\n\t\t<\/div>\n\t\t\t\t\t<\/div>\n\t\t<\/section>\n\t\t\t\t<section class=\"elementor-section elementor-top-section elementor-element elementor-element-148aff23 elementor-section-boxed elementor-section-height-default elementor-section-height-default\" data-id=\"148aff23\" data-element_type=\"section\">\n\t\t\t\t\t\t<div class=\"elementor-container elementor-column-gap-default\">\n\t\t\t\t\t<div class=\"elementor-column elementor-col-100 elementor-top-column elementor-element elementor-element-6fe40bb5\" data-id=\"6fe40bb5\" data-element_type=\"column\">\n\t\t\t<div class=\"elementor-widget-wrap elementor-element-populated\">\n\t\t\t\t\t\t<div class=\"elementor-element elementor-element-6fd8980c elementor-widget elementor-widget-heading\" data-id=\"6fd8980c\" data-element_type=\"widget\" data-widget_type=\"heading.default\">\n\t\t\t\t<div class=\"elementor-widget-container\">\n\t\t\t<h3 class='heading-left  divider-sm'  style=\"color:#000000\"><span>Collar de Reparaci\u00f3n de Brida<\/span><\/h3>\t\t<\/div>\n\t\t\t\t<\/div>\n\t\t\t\t<div class=\"elementor-element elementor-element-5d4f8828 elementor-widget elementor-widget-text-editor\" data-id=\"5d4f8828\" data-element_type=\"widget\" data-widget_type=\"text-editor.default\">\n\t\t\t\t<div class=\"elementor-widget-container\">\n\t\t\t\t\t\t\t<p>El anillo de reparaci\u00f3n de bridas NOTRON sella la junta con fugas en el di\u00e1metro exterior del juego de anillos. Esto puede hacerse con la tuber\u00eda a\u00fan en servicio, lo que reduce las costosas paradas. Los anillos de reparaci\u00f3n de bridas NOTRON est\u00e1n dise\u00f1ados de acuerdo con la secci\u00f3n VIII de ASME, utilizando materiales aprobados por el c\u00f3digo de recipientes a presi\u00f3n, como SA-A516 Gr. 70, SA-A193 Gr. B7, y SA-194 Gr.2H. Hay otros materiales disponibles previa solicitud.<\/p>\n\t\t\t\t\t\t<\/div>\n\t\t\t\t<\/div>\n\t\t\t\t\t<\/div>\n\t\t<\/div>\n\t\t\t\t\t<\/div>\n\t\t<\/section>\n\t\t\t\t<section class=\"elementor-section elementor-top-section elementor-element elementor-element-1890b585 elementor-section-boxed elementor-section-height-default elementor-section-height-default\" data-id=\"1890b585\" data-element_type=\"section\">\n\t\t\t\t\t\t<div class=\"elementor-container elementor-column-gap-default\">\n\t\t\t\t\t<div class=\"elementor-column elementor-col-66 elementor-top-column elementor-element elementor-element-1bf1dc91\" data-id=\"1bf1dc91\" data-element_type=\"column\">\n\t\t\t<div class=\"elementor-widget-wrap elementor-element-populated\">\n\t\t\t\t\t\t<div class=\"elementor-element elementor-element-5fbc3ac0 elementor-widget elementor-widget-heading\" data-id=\"5fbc3ac0\" data-element_type=\"widget\" data-widget_type=\"heading.default\">\n\t\t\t\t<div class=\"elementor-widget-container\">\n\t\t\t<h3 class='heading-left  divider-sm'  style=\"color:#000000\"><span>Detalles<\/span><\/h3>\t\t<\/div>\n\t\t\t\t<\/div>\n\t\t\t\t<div class=\"elementor-element elementor-element-34be3cb7 elementor-widget elementor-widget-text-editor\" data-id=\"34be3cb7\" data-element_type=\"widget\" data-widget_type=\"text-editor.default\">\n\t\t\t\t<div class=\"elementor-widget-container\">\n\t\t\t\t\t\t\t<p>Una vez que el anillo de reparaci\u00f3n de bridas NOTRON se aprieta a la especificaci\u00f3n correcta, la fuga seguir\u00e1 el camino de menor resistencia hacia los pernos de la brida. NOTRON soluciona este problema inyectando sellador a trav\u00e9s de los puertos de inyecci\u00f3n para rellenar los huecos alrededor de los pernos de la brida. NOTRON ofrece muchos tipos de materiales de empaquetadura\/sellado y opciones de sellantes para garantizar una compatibilidad adecuada con el contenido de la tuber\u00eda.<\/p>\n\t\t\t\t\t\t<\/div>\n\t\t\t\t<\/div>\n\t\t\t\t<div class=\"elementor-element elementor-element-3bf1d199 elementor-widget elementor-widget-accordion\" data-id=\"3bf1d199\" data-element_type=\"widget\" data-widget_type=\"accordion.default\">\n\t\t\t\t<div class=\"elementor-widget-container\">\n\t\t\t\t\t<div class=\"elementor-accordion\">\n\t\t\t\t\t\t\t<div class=\"elementor-accordion-item\">\n\t\t\t\t\t<div id=\"elementor-tab-title-1001\" class=\"elementor-tab-title\" data-tab=\"1\" role=\"button\" aria-controls=\"elementor-tab-content-1001\" aria-expanded=\"false\">\n\t\t\t\t\t\t\t\t\t\t\t\t\t<span class=\"elementor-accordion-icon elementor-accordion-icon-left\" aria-hidden=\"true\">\n\t\t\t\t\t\t\t\t\t\t\t\t\t\t\t<span class=\"elementor-accordion-icon-closed\"><i class=\"fas fa-plus\"><\/i><\/span>\n\t\t\t\t\t\t\t\t<span class=\"elementor-accordion-icon-opened\"><i class=\"fas fa-minus\"><\/i><\/span>\n\t\t\t\t\t\t\t\t\t\t\t\t\t\t<\/span>\n\t\t\t\t\t\t\t\t\t\t\t\t<a class=\"elementor-accordion-title\" tabindex=\"0\">Los materiales est\u00e1ndar de la carrocer\u00eda son:  <\/a>\n\t\t\t\t\t<\/div>\n\t\t\t\t\t<div id=\"elementor-tab-content-1001\" class=\"elementor-tab-content elementor-clearfix\" data-tab=\"1\" role=\"region\" aria-labelledby=\"elementor-tab-title-1001\"><p>SA-A516 Gr. 70,<\/p>\n<p>SA-A193 Gr. B7,<\/p>\n<p>SA-194 Gr.2H.<\/p>\n<\/div>\n\t\t\t\t<\/div>\n\t\t\t\t\t\t\t<div class=\"elementor-accordion-item\">\n\t\t\t\t\t<div id=\"elementor-tab-title-1002\" class=\"elementor-tab-title\" data-tab=\"2\" role=\"button\" aria-controls=\"elementor-tab-content-1002\" aria-expanded=\"false\">\n\t\t\t\t\t\t\t\t\t\t\t\t\t<span class=\"elementor-accordion-icon elementor-accordion-icon-left\" aria-hidden=\"true\">\n\t\t\t\t\t\t\t\t\t\t\t\t\t\t\t<span class=\"elementor-accordion-icon-closed\"><i class=\"fas fa-plus\"><\/i><\/span>\n\t\t\t\t\t\t\t\t<span class=\"elementor-accordion-icon-opened\"><i class=\"fas fa-minus\"><\/i><\/span>\n\t\t\t\t\t\t\t\t\t\t\t\t\t\t<\/span>\n\t\t\t\t\t\t\t\t\t\t\t\t<a class=\"elementor-accordion-title\" tabindex=\"0\">Opciones:<\/a>\n\t\t\t\t\t<\/div>\n\t\t\t\t\t<div id=\"elementor-tab-content-1002\" class=\"elementor-tab-content elementor-clearfix\" data-tab=\"2\" role=\"region\" aria-labelledby=\"elementor-tab-title-1002\"><p>Options:<br \/>&#8211; Marine epoxy paint for corrosion protection<br \/>&#8211; Hinges for ease of installation and handling<br \/>&#8211; Vents per customer specications<br \/>&#8211; Anodes for cathodic protection<br \/>&#8211; NACE MR0175 \/ ISO 15156 compliant materials<\/p>\n<\/div>\n\t\t\t\t<\/div>\n\t\t\t\t\t\t\t\t<\/div>\n\t\t\t\t<\/div>\n\t\t\t\t<\/div>\n\t\t\t\t\t<\/div>\n\t\t<\/div>\n\t\t\t\t<div class=\"elementor-column elementor-col-33 elementor-top-column elementor-element elementor-element-2e9cc042\" data-id=\"2e9cc042\" data-element_type=\"column\">\n\t\t\t<div class=\"elementor-widget-wrap\">\n\t\t\t\t\t\t\t<\/div>\n\t\t<\/div>\n\t\t\t\t\t<\/div>\n\t\t<\/section>\n\t\t\t\t<section class=\"elementor-section elementor-top-section elementor-element elementor-element-2b996ba elementor-section-boxed elementor-section-height-default elementor-section-height-default\" data-id=\"2b996ba\" data-element_type=\"section\">\n\t\t\t\t\t\t<div class=\"elementor-container elementor-column-gap-default\">\n\t\t\t\t\t<div class=\"elementor-column elementor-col-100 elementor-top-column elementor-element elementor-element-c0b41ce\" data-id=\"c0b41ce\" data-element_type=\"column\">\n\t\t\t<div class=\"elementor-widget-wrap elementor-element-populated\">\n\t\t\t\t\t\t<div class=\"elementor-element elementor-element-814f266 elementor-widget elementor-widget-button\" data-id=\"814f266\" data-element_type=\"widget\" data-widget_type=\"button.default\">\n\t\t\t\t<div class=\"elementor-widget-container\">\n\t\t\t<a id=button-id-0 target=_blank href=https:\/\/notronpipeline.com\/wp-content\/uploads\/FLANGE-REPAIR-COLLAR.pdf class=\"btn  \" style=><i class='fa far fa-arrow-alt-circle-down'><\/i> descargue nuestro folleto<\/a>\t\t<\/div>\n\t\t\t\t<\/div>\n\t\t\t\t\t<\/div>\n\t\t<\/div>\n\t\t\t\t\t<\/div>\n\t\t<\/section>\n\t\t\t\t<\/div>\n\t\t","protected":false},"excerpt":{"rendered":"<p>Collar de Reparaci\u00f3n de Brida El anillo de reparaci\u00f3n de bridas NOTRON sella la junta con fugas en el di\u00e1metro exterior del juego de anillos. Esto puede hacerse con la tuber\u00eda a\u00fan en servicio, lo que reduce las costosas paradas. &hellip;<\/p>\n","protected":false},"author":1,"featured_media":0,"parent":0,"menu_order":0,"comment_status":"closed","ping_status":"closed","template":"","meta":{"footnotes":""},"class_list":["post-2626","page","type-page","status-publish","hentry"],"_links":{"self":[{"href":"https:\/\/notronpipeline.com\/es\/wp-json\/wp\/v2\/pages\/2626","targetHints":{"allow":["GET"]}}],"collection":[{"href":"https:\/\/notronpipeline.com\/es\/wp-json\/wp\/v2\/pages"}],"about":[{"href":"https:\/\/notronpipeline.com\/es\/wp-json\/wp\/v2\/types\/page"}],"author":[{"embeddable":true,"href":"https:\/\/notronpipeline.com\/es\/wp-json\/wp\/v2\/users\/1"}],"replies":[{"embeddable":true,"href":"https:\/\/notronpipeline.com\/es\/wp-json\/wp\/v2\/comments?post=2626"}],"version-history":[{"count":18,"href":"https:\/\/notronpipeline.com\/es\/wp-json\/wp\/v2\/pages\/2626\/revisions"}],"predecessor-version":[{"id":7217,"href":"https:\/\/notronpipeline.com\/es\/wp-json\/wp\/v2\/pages\/2626\/revisions\/7217"}],"wp:attachment":[{"href":"https:\/\/notronpipeline.com\/es\/wp-json\/wp\/v2\/media?parent=2626"}],"curies":[{"name":"wp","href":"https:\/\/api.w.org\/{rel}","templated":true}]}}