{"id":2628,"date":"2022-02-02T14:03:26","date_gmt":"2022-02-02T14:03:26","guid":{"rendered":"https:\/\/notronpipeline.com\/suela-mates\/"},"modified":"2025-06-24T10:53:07","modified_gmt":"2025-06-24T10:53:07","slug":"manga-de-media-tuberia","status":"publish","type":"page","link":"https:\/\/notronpipeline.com\/es\/manga-de-media-tuberia\/","title":{"rendered":"Manga de Media Tuber\u00eda"},"content":{"rendered":"\t\t<div data-elementor-type=\"wp-page\" data-elementor-id=\"2628\" class=\"elementor elementor-2628 elementor-751\">\n\t\t\t\t\t\t<section class=\"elementor-section elementor-top-section elementor-element elementor-element-5d94c059 elementor-section-boxed elementor-section-height-default elementor-section-height-default\" data-id=\"5d94c059\" data-element_type=\"section\">\n\t\t\t\t\t\t<div class=\"elementor-container elementor-column-gap-default\">\n\t\t\t\t\t<div class=\"elementor-column elementor-col-100 elementor-top-column elementor-element elementor-element-50a07c64\" data-id=\"50a07c64\" data-element_type=\"column\">\n\t\t\t<div class=\"elementor-widget-wrap elementor-element-populated\">\n\t\t\t\t\t\t<div class=\"elementor-element elementor-element-1f311372 elementor-widget elementor-widget-gallery_slider\" data-id=\"1f311372\" data-element_type=\"widget\" data-widget_type=\"gallery_slider.default\">\n\t\t\t\t<div class=\"elementor-widget-container\">\n\t\t\t<div class=\"gallery-fs\"><figure><img decoding=\"async\" src=\"https:\/\/notronpipeline.com\/wp-content\/uploads\/NT-MS-2_y-2.jpg\" alt=\"\"><\/figure><div class=\"gallery-fs-nav\"><button class=\"gallery-fs-fullscreen\"><i class=\"fa fa-arrows-alt\"><\/i><\/button><\/div><div class=\"gallery-fs-thumbnails gallery-fs-thumbnails-col-5 owl-carousel owl-loaded\"><a href='https:\/\/notronpipeline.com\/wp-content\/uploads\/NT-MS-2_y-2.jpg' data-caption='NT-MS-2_y (2)' title='NT-MS-2_y (2)' class=\"selected\"><img class='attachment-anps-gallery-thumb size-anps-gallery-thumb' src=https:\/\/notronpipeline.com\/wp-content\/uploads\/NT-MS-2_y-2.jpg sizes='(max-width: 280px) 100vw, 280px' width='280' height='158'><\/a><a href='https:\/\/notronpipeline.com\/wp-content\/uploads\/20220218_105412_FINAL_Y-scaled.jpg' data-caption='20220218_105412_F\u0130NAL_Y' title='20220218_105412_F\u0130NAL_Y'><img class='attachment-anps-gallery-thumb size-anps-gallery-thumb' src=https:\/\/notronpipeline.com\/wp-content\/uploads\/20220218_105412_FINAL_Y-scaled.jpg sizes='(max-width: 280px) 100vw, 280px' width='280' height='158'><\/a><a href='https:\/\/notronpipeline.com\/wp-content\/uploads\/20220218_105356_FINAL_Y-scaled.jpg' data-caption='20220218_105356_F\u0130NAL_Y' title='20220218_105356_F\u0130NAL_Y'><img class='attachment-anps-gallery-thumb size-anps-gallery-thumb' src=https:\/\/notronpipeline.com\/wp-content\/uploads\/20220218_105356_FINAL_Y-scaled.jpg sizes='(max-width: 280px) 100vw, 280px' width='280' height='158'><\/a><a href='https:\/\/notronpipeline.com\/wp-content\/uploads\/20220218_105353_FINAL_Y-scaled.jpg' data-caption='20220218_105353_F\u0130NAL_Y' title='20220218_105353_F\u0130NAL_Y'><img class='attachment-anps-gallery-thumb size-anps-gallery-thumb' src=https:\/\/notronpipeline.com\/wp-content\/uploads\/20220218_105353_FINAL_Y-scaled.jpg sizes='(max-width: 280px) 100vw, 280px' width='280' height='158'><\/a><a href='https:\/\/notronpipeline.com\/wp-content\/uploads\/20220218_105210_FINAL_Y-scaled.jpg' data-caption='20220218_105210_F\u0130NAL_Y' title='20220218_105210_F\u0130NAL_Y'><img class='attachment-anps-gallery-thumb size-anps-gallery-thumb' src=https:\/\/notronpipeline.com\/wp-content\/uploads\/20220218_105210_FINAL_Y-scaled.jpg sizes='(max-width: 280px) 100vw, 280px' width='280' height='158'><\/a><a href='https:\/\/notronpipeline.com\/wp-content\/uploads\/20220218_105151_FINAL_Y-scaled.jpg' data-caption='20220218_105151_F\u0130NAL_Y' title='20220218_105151_F\u0130NAL_Y'><img class='attachment-anps-gallery-thumb size-anps-gallery-thumb' src=https:\/\/notronpipeline.com\/wp-content\/uploads\/20220218_105151_FINAL_Y-scaled.jpg sizes='(max-width: 280px) 100vw, 280px' width='280' height='158'><\/a><a href='https:\/\/notronpipeline.com\/wp-content\/uploads\/20220218_105127_FINAL_Y-scaled.jpg' data-caption='20220218_105127_F\u0130NAL_Y' title='20220218_105127_F\u0130NAL_Y'><img class='attachment-anps-gallery-thumb size-anps-gallery-thumb' src=https:\/\/notronpipeline.com\/wp-content\/uploads\/20220218_105127_FINAL_Y-scaled.jpg sizes='(max-width: 280px) 100vw, 280px' width='280' height='158'><\/a><a href='https:\/\/notronpipeline.com\/wp-content\/uploads\/20220218_105117_FINAL_Y-scaled.jpg' data-caption='20220218_105117_F\u0130NAL_Y' title='20220218_105117_F\u0130NAL_Y'><img class='attachment-anps-gallery-thumb size-anps-gallery-thumb' src=https:\/\/notronpipeline.com\/wp-content\/uploads\/20220218_105117_FINAL_Y-scaled.jpg sizes='(max-width: 280px) 100vw, 280px' width='280' height='158'><\/a><a href='https:\/\/notronpipeline.com\/wp-content\/uploads\/NT-MS-3_y-2.jpg' data-caption='NT-MS-3_y (2)' title='NT-MS-3_y (2)'><img class='attachment-anps-gallery-thumb size-anps-gallery-thumb' src=https:\/\/notronpipeline.com\/wp-content\/uploads\/NT-MS-3_y-2.jpg sizes='(max-width: 280px) 100vw, 280px' width='280' height='158'><\/a><a href='https:\/\/notronpipeline.com\/wp-content\/uploads\/NT-MS-4_y-2.jpg' data-caption='NT-MS-4_y (2)' title='NT-MS-4_y (2)'><img class='attachment-anps-gallery-thumb size-anps-gallery-thumb' src=https:\/\/notronpipeline.com\/wp-content\/uploads\/NT-MS-4_y-2.jpg sizes='(max-width: 280px) 100vw, 280px' width='280' height='158'><\/a><a href='https:\/\/notronpipeline.com\/wp-content\/uploads\/NT-MS-5_y-2.jpg' data-caption='NT-MS-5_y (2)' title='NT-MS-5_y (2)'><img class='attachment-anps-gallery-thumb size-anps-gallery-thumb' src=https:\/\/notronpipeline.com\/wp-content\/uploads\/NT-MS-5_y-2.jpg sizes='(max-width: 280px) 100vw, 280px' width='280' height='158'><\/a><\/div><\/div>\t\t<\/div>\n\t\t\t\t<\/div>\n\t\t\t\t\t<\/div>\n\t\t<\/div>\n\t\t\t\t\t<\/div>\n\t\t<\/section>\n\t\t\t\t<section class=\"elementor-section elementor-top-section elementor-element elementor-element-148aff23 elementor-section-boxed elementor-section-height-default elementor-section-height-default\" data-id=\"148aff23\" data-element_type=\"section\">\n\t\t\t\t\t\t<div class=\"elementor-container elementor-column-gap-default\">\n\t\t\t\t\t<div class=\"elementor-column elementor-col-100 elementor-top-column elementor-element elementor-element-6fe40bb5\" data-id=\"6fe40bb5\" data-element_type=\"column\">\n\t\t\t<div class=\"elementor-widget-wrap elementor-element-populated\">\n\t\t\t\t\t\t<div class=\"elementor-element elementor-element-6fd8980c elementor-widget elementor-widget-heading\" data-id=\"6fd8980c\" data-element_type=\"widget\" data-widget_type=\"heading.default\">\n\t\t\t\t<div class=\"elementor-widget-container\">\n\t\t\t<h3 class='heading-left  divider-sm'  style=\"color:#000000\"><span>Manga de Media Tuber\u00eda<\/span><\/h3>\t\t<\/div>\n\t\t\t\t<\/div>\n\t\t\t\t<div class=\"elementor-element elementor-element-5d4f8828 elementor-widget elementor-widget-text-editor\" data-id=\"5d4f8828\" data-element_type=\"widget\" data-widget_type=\"text-editor.default\">\n\t\t\t\t<div class=\"elementor-widget-container\">\n\t\t\t\t\t\t\t<p>Manga de Media Tuber\u00eda se dise\u00f1an a medida por aplicaci\u00f3n para ajustarse correctamente al di\u00e1metro exterior de una tuber\u00eda. El manguito debe soldarse longitudinalmente. Puede soldarse circunferencialmente para contener la presi\u00f3n (manguito de tipo B), o dejarse sin soldar circunferencialmente (manguito de tipo A).<\/p><p>Todos los Manga de media Tuber\u00eda est\u00e1n dise\u00f1ados para cumplir los requisitos de ASME PCC-2, ASME B31.4 y ASME B31.8. Los clientes especifican el espesor de la pared y el l\u00edmite el\u00e1stico del material, o proporcionan el factor de dise\u00f1o (ubicaci\u00f3n de la clase) y la presi\u00f3n de dise\u00f1o de la tuber\u00eda y nosotros calculamos el espesor necesario.<\/p>\t\t\t\t\t\t<\/div>\n\t\t\t\t<\/div>\n\t\t\t\t\t<\/div>\n\t\t<\/div>\n\t\t\t\t\t<\/div>\n\t\t<\/section>\n\t\t\t\t<section class=\"elementor-section elementor-top-section elementor-element elementor-element-1890b585 elementor-section-boxed elementor-section-height-default elementor-section-height-default\" data-id=\"1890b585\" data-element_type=\"section\">\n\t\t\t\t\t\t<div class=\"elementor-container elementor-column-gap-default\">\n\t\t\t\t\t<div class=\"elementor-column elementor-col-66 elementor-top-column elementor-element elementor-element-1bf1dc91\" data-id=\"1bf1dc91\" data-element_type=\"column\">\n\t\t\t<div class=\"elementor-widget-wrap elementor-element-populated\">\n\t\t\t\t\t\t<div class=\"elementor-element elementor-element-5fbc3ac0 elementor-widget elementor-widget-heading\" data-id=\"5fbc3ac0\" data-element_type=\"widget\" data-widget_type=\"heading.default\">\n\t\t\t\t<div class=\"elementor-widget-container\">\n\t\t\t<h3 class='heading-left  divider-sm'  style=\"color:#000000\"><span>Detalles<\/span><\/h3>\t\t<\/div>\n\t\t\t\t<\/div>\n\t\t\t\t<div class=\"elementor-element elementor-element-3bf1d199 elementor-widget elementor-widget-accordion\" data-id=\"3bf1d199\" data-element_type=\"widget\" data-widget_type=\"accordion.default\">\n\t\t\t\t<div class=\"elementor-widget-container\">\n\t\t\t\t\t<div class=\"elementor-accordion\">\n\t\t\t\t\t\t\t<div class=\"elementor-accordion-item\">\n\t\t\t\t\t<div id=\"elementor-tab-title-1001\" class=\"elementor-tab-title\" data-tab=\"1\" role=\"button\" aria-controls=\"elementor-tab-content-1001\" aria-expanded=\"false\">\n\t\t\t\t\t\t\t\t\t\t\t\t\t<span class=\"elementor-accordion-icon elementor-accordion-icon-left\" aria-hidden=\"true\">\n\t\t\t\t\t\t\t\t\t\t\t\t\t\t\t<span class=\"elementor-accordion-icon-closed\"><i class=\"fas fa-plus\"><\/i><\/span>\n\t\t\t\t\t\t\t\t<span class=\"elementor-accordion-icon-opened\"><i class=\"fas fa-minus\"><\/i><\/span>\n\t\t\t\t\t\t\t\t\t\t\t\t\t\t<\/span>\n\t\t\t\t\t\t\t\t\t\t\t\t<a class=\"elementor-accordion-title\" tabindex=\"0\">Materiales est\u00e1ndar de la carrocer\u00eda<\/a>\n\t\t\t\t\t<\/div>\n\t\t\t\t\t<div id=\"elementor-tab-content-1001\" class=\"elementor-tab-content elementor-clearfix\" data-tab=\"1\" role=\"region\" aria-labelledby=\"elementor-tab-title-1001\"><p>&#8211; A-516 Gr.70<br \/>&#8211; A-572 Gr.50<\/p>\n<\/div>\n\t\t\t\t<\/div>\n\t\t\t\t\t\t\t\t<\/div>\n\t\t\t\t<\/div>\n\t\t\t\t<\/div>\n\t\t\t\t\t<\/div>\n\t\t<\/div>\n\t\t\t\t<div class=\"elementor-column elementor-col-33 elementor-top-column elementor-element elementor-element-2e9cc042\" data-id=\"2e9cc042\" data-element_type=\"column\">\n\t\t\t<div class=\"elementor-widget-wrap elementor-element-populated\">\n\t\t\t\t\t\t<div class=\"elementor-element elementor-element-52344a92 elementor-widget elementor-widget-heading\" data-id=\"52344a92\" data-element_type=\"widget\" data-widget_type=\"heading.default\">\n\t\t\t\t<div class=\"elementor-widget-container\">\n\t\t\t<h3 class='heading-left  divider-sm'  style=\"color:#000000\"><span>T\u00e9cnico<\/span><\/h3>\t\t<\/div>\n\t\t\t\t<\/div>\n\t\t\t\t<div class=\"elementor-element elementor-element-608b0f89 elementor-widget elementor-widget-text-editor\" data-id=\"608b0f89\" data-element_type=\"widget\" data-widget_type=\"text-editor.default\">\n\t\t\t\t<div class=\"elementor-widget-container\">\n\t\t\t\t\t\t\t<p>Todas las piezas Manga de media tuber\u00eda se suministran con tiras de refuerzo de 1,6 mm de grosor para facilitar las soldaduras longitudinales a tope.<\/p>\t\t\t\t\t\t<\/div>\n\t\t\t\t<\/div>\n\t\t\t\t\t<\/div>\n\t\t<\/div>\n\t\t\t\t\t<\/div>\n\t\t<\/section>\n\t\t\t\t<section class=\"elementor-section elementor-top-section elementor-element elementor-element-26292f7 elementor-section-boxed elementor-section-height-default elementor-section-height-default\" data-id=\"26292f7\" data-element_type=\"section\">\n\t\t\t\t\t\t<div class=\"elementor-container elementor-column-gap-default\">\n\t\t\t\t\t<div class=\"elementor-column elementor-col-100 elementor-top-column elementor-element elementor-element-0155a5d\" data-id=\"0155a5d\" data-element_type=\"column\">\n\t\t\t<div class=\"elementor-widget-wrap elementor-element-populated\">\n\t\t\t\t\t\t<div class=\"elementor-element elementor-element-902bf95 elementor-widget elementor-widget-button\" data-id=\"902bf95\" data-element_type=\"widget\" data-widget_type=\"button.default\">\n\t\t\t\t<div class=\"elementor-widget-container\">\n\t\t\t<a id=button-id-0 target=_blank href=https:\/\/notronpipeline.com\/wp-content\/uploads\/HALF-PIPE-SLEEVE.pdf class=\"btn  \" style=><i class='fa far fa-arrow-alt-circle-down'><\/i> descargue nuestro folleto<\/a>\t\t<\/div>\n\t\t\t\t<\/div>\n\t\t\t\t\t<\/div>\n\t\t<\/div>\n\t\t\t\t\t<\/div>\n\t\t<\/section>\n\t\t\t\t<\/div>\n\t\t","protected":false},"excerpt":{"rendered":"<p>Manga de Media Tuber\u00eda Manga de Media Tuber\u00eda se dise\u00f1an a medida por aplicaci\u00f3n para ajustarse correctamente al di\u00e1metro exterior de una tuber\u00eda. El manguito debe soldarse longitudinalmente. Puede soldarse circunferencialmente para contener la presi\u00f3n (manguito de tipo B), o &hellip;<\/p>\n","protected":false},"author":1,"featured_media":0,"parent":0,"menu_order":0,"comment_status":"closed","ping_status":"closed","template":"","meta":{"footnotes":""},"class_list":["post-2628","page","type-page","status-publish","hentry"],"_links":{"self":[{"href":"https:\/\/notronpipeline.com\/es\/wp-json\/wp\/v2\/pages\/2628","targetHints":{"allow":["GET"]}}],"collection":[{"href":"https:\/\/notronpipeline.com\/es\/wp-json\/wp\/v2\/pages"}],"about":[{"href":"https:\/\/notronpipeline.com\/es\/wp-json\/wp\/v2\/types\/page"}],"author":[{"embeddable":true,"href":"https:\/\/notronpipeline.com\/es\/wp-json\/wp\/v2\/users\/1"}],"replies":[{"embeddable":true,"href":"https:\/\/notronpipeline.com\/es\/wp-json\/wp\/v2\/comments?post=2628"}],"version-history":[{"count":10,"href":"https:\/\/notronpipeline.com\/es\/wp-json\/wp\/v2\/pages\/2628\/revisions"}],"predecessor-version":[{"id":7036,"href":"https:\/\/notronpipeline.com\/es\/wp-json\/wp\/v2\/pages\/2628\/revisions\/7036"}],"wp:attachment":[{"href":"https:\/\/notronpipeline.com\/es\/wp-json\/wp\/v2\/media?parent=2628"}],"curies":[{"name":"wp","href":"https:\/\/api.w.org\/{rel}","templated":true}]}}