{"id":2642,"date":"2023-03-01T09:54:01","date_gmt":"2023-03-01T09:54:01","guid":{"rendered":"https:\/\/notronpipeline.com\/abrazadera-manguito\/"},"modified":"2025-06-24T07:37:17","modified_gmt":"2025-06-24T07:37:17","slug":"abrazadera-de-reparacion-de-roturas","status":"publish","type":"page","link":"https:\/\/notronpipeline.com\/es\/abrazadera-de-reparacion-de-roturas\/","title":{"rendered":"Abrazadera de Reparaci\u00f3n de Roturas"},"content":{"rendered":"\t\t<div data-elementor-type=\"wp-page\" data-elementor-id=\"2642\" class=\"elementor elementor-2642 elementor-2367\">\n\t\t\t\t\t\t<section class=\"elementor-section elementor-top-section elementor-element elementor-element-5d94c059 elementor-section-boxed elementor-section-height-default elementor-section-height-default\" data-id=\"5d94c059\" data-element_type=\"section\">\n\t\t\t\t\t\t<div class=\"elementor-container elementor-column-gap-default\">\n\t\t\t\t\t<div class=\"elementor-column elementor-col-100 elementor-top-column elementor-element elementor-element-50a07c64\" data-id=\"50a07c64\" data-element_type=\"column\">\n\t\t\t<div class=\"elementor-widget-wrap elementor-element-populated\">\n\t\t\t\t\t\t<div class=\"elementor-element elementor-element-1f311372 elementor-widget elementor-widget-gallery_slider\" data-id=\"1f311372\" data-element_type=\"widget\" data-widget_type=\"gallery_slider.default\">\n\t\t\t\t<div class=\"elementor-widget-container\">\n\t\t\t<div class=\"gallery-fs\"><figure><img decoding=\"async\" src=\"https:\/\/notronpipeline.com\/wp-content\/uploads\/NT-CS-2_FINAL_Y.jpg\" alt=\"\"><\/figure><div class=\"gallery-fs-nav\"><button class=\"gallery-fs-fullscreen\"><i class=\"fa fa-arrows-alt\"><\/i><\/button><\/div><div class=\"gallery-fs-thumbnails gallery-fs-thumbnails-col-5 owl-carousel owl-loaded\"><a href='https:\/\/notronpipeline.com\/wp-content\/uploads\/NT-CS-2_FINAL_Y.jpg' data-caption='NT-CS-2_F\u0130NAL_Y' title='NT-CS-2_F\u0130NAL_Y' class=\"selected\"><img class='attachment-anps-gallery-thumb size-anps-gallery-thumb' src=https:\/\/notronpipeline.com\/wp-content\/uploads\/NT-CS-2_FINAL_Y.jpg sizes='(max-width: 280px) 100vw, 280px' width='280' height='158'><\/a><a href='https:\/\/notronpipeline.com\/wp-content\/uploads\/NT-CS-1_FINAL_Y.jpg' data-caption='NT-CS-1_F\u0130NAL_Y' title='NT-CS-1_F\u0130NAL_Y'><img class='attachment-anps-gallery-thumb size-anps-gallery-thumb' src=https:\/\/notronpipeline.com\/wp-content\/uploads\/NT-CS-1_FINAL_Y.jpg sizes='(max-width: 280px) 100vw, 280px' width='280' height='158'><\/a><\/div><\/div>\t\t<\/div>\n\t\t\t\t<\/div>\n\t\t\t\t\t<\/div>\n\t\t<\/div>\n\t\t\t\t\t<\/div>\n\t\t<\/section>\n\t\t\t\t<section class=\"elementor-section elementor-top-section elementor-element elementor-element-148aff23 elementor-section-boxed elementor-section-height-default elementor-section-height-default\" data-id=\"148aff23\" data-element_type=\"section\">\n\t\t\t\t\t\t<div class=\"elementor-container elementor-column-gap-default\">\n\t\t\t\t\t<div class=\"elementor-column elementor-col-100 elementor-top-column elementor-element elementor-element-6fe40bb5\" data-id=\"6fe40bb5\" data-element_type=\"column\">\n\t\t\t<div class=\"elementor-widget-wrap elementor-element-populated\">\n\t\t\t\t\t\t<div class=\"elementor-element elementor-element-6fd8980c elementor-widget elementor-widget-heading\" data-id=\"6fd8980c\" data-element_type=\"widget\" data-widget_type=\"heading.default\">\n\t\t\t\t<div class=\"elementor-widget-container\">\n\t\t\t<h3 class='heading-left  divider-sm'  style=\"color:#000000\"><span>Abrazadera de reparaci\u00f3n de roturas para da\u00f1os extensos en tuber\u00edas<\/span><\/h3>\t\t<\/div>\n\t\t\t\t<\/div>\n\t\t\t\t<div class=\"elementor-element elementor-element-5d4f8828 elementor-widget elementor-widget-text-editor\" data-id=\"5d4f8828\" data-element_type=\"widget\" data-widget_type=\"text-editor.default\">\n\t\t\t\t<div class=\"elementor-widget-container\">\n\t\t\t\t\t\t\t<p>La Abrazadera de reparaci\u00f3n de roturas para da\u00f1os extensos en tuber\u00edas NOTRON sujeta la pared exterior de una tuber\u00eda para contrarrestar los extraordinarios tirones en los extremos y las inusuales tensiones axiales que suelen darse en las instalaciones off-shore.<\/p>\t\t\t\t\t\t<\/div>\n\t\t\t\t<\/div>\n\t\t\t\t\t<\/div>\n\t\t<\/div>\n\t\t\t\t\t<\/div>\n\t\t<\/section>\n\t\t\t\t<section class=\"elementor-section elementor-top-section elementor-element elementor-element-1890b585 elementor-section-boxed elementor-section-height-default elementor-section-height-default\" data-id=\"1890b585\" data-element_type=\"section\">\n\t\t\t\t\t\t<div class=\"elementor-container elementor-column-gap-default\">\n\t\t\t\t\t<div class=\"elementor-column elementor-col-66 elementor-top-column elementor-element elementor-element-1bf1dc91\" data-id=\"1bf1dc91\" data-element_type=\"column\">\n\t\t\t<div class=\"elementor-widget-wrap elementor-element-populated\">\n\t\t\t\t\t\t<div class=\"elementor-element elementor-element-5fbc3ac0 elementor-widget elementor-widget-heading\" data-id=\"5fbc3ac0\" data-element_type=\"widget\" data-widget_type=\"heading.default\">\n\t\t\t\t<div class=\"elementor-widget-container\">\n\t\t\t<h3 class='heading-left  divider-sm'  style=\"color:#000000\"><span>Detalles<\/span><\/h3>\t\t<\/div>\n\t\t\t\t<\/div>\n\t\t\t\t<div class=\"elementor-element elementor-element-34be3cb7 elementor-widget elementor-widget-text-editor\" data-id=\"34be3cb7\" data-element_type=\"widget\" data-widget_type=\"text-editor.default\">\n\t\t\t\t<div class=\"elementor-widget-container\">\n\t\t\t\t\t\t\t<p>Los Abrazadera de reparaci\u00f3n de roturas para da\u00f1os extensos en tuber\u00edas NOTRON proporcionan una fuerza de sujeci\u00f3n excepcional que minimiza el peligro de hundimiento de la tuber\u00eda da\u00f1ada. Los anillos de viga de acero mantienen la empaquetadura firmemente en su sitio durante la instalaci\u00f3n, garantizando un sellado herm\u00e9tico a gases y l\u00edquidos. Los Abrazadera de reparaci\u00f3n de roturas NOTRON est\u00e1n disponibles en cualquier tama\u00f1o, longitud y presi\u00f3n de trabajo.<\/p><p>Pueden dise\u00f1arse para aplicaciones con o sin soldadura. El manguito puede reacondicionarse y utilizarse de nuevo si no est\u00e1 soldado. La abrazadera-manguito NOTRON est\u00e1 dise\u00f1ada de acuerdo con la secci\u00f3n Vlll del c\u00f3digo ASME y cumple la normativa API 6H\/6X.<\/p>\t\t\t\t\t\t<\/div>\n\t\t\t\t<\/div>\n\t\t\t\t<div class=\"elementor-element elementor-element-3bf1d199 elementor-widget elementor-widget-accordion\" data-id=\"3bf1d199\" data-element_type=\"widget\" data-widget_type=\"accordion.default\">\n\t\t\t\t<div class=\"elementor-widget-container\">\n\t\t\t\t\t<div class=\"elementor-accordion\">\n\t\t\t\t\t\t\t<div class=\"elementor-accordion-item\">\n\t\t\t\t\t<div id=\"elementor-tab-title-1001\" class=\"elementor-tab-title\" data-tab=\"1\" role=\"button\" aria-controls=\"elementor-tab-content-1001\" aria-expanded=\"false\">\n\t\t\t\t\t\t\t\t\t\t\t\t\t<span class=\"elementor-accordion-icon elementor-accordion-icon-left\" aria-hidden=\"true\">\n\t\t\t\t\t\t\t\t\t\t\t\t\t\t\t<span class=\"elementor-accordion-icon-closed\"><i class=\"fas fa-plus\"><\/i><\/span>\n\t\t\t\t\t\t\t\t<span class=\"elementor-accordion-icon-opened\"><i class=\"fas fa-minus\"><\/i><\/span>\n\t\t\t\t\t\t\t\t\t\t\t\t\t\t<\/span>\n\t\t\t\t\t\t\t\t\t\t\t\t<a class=\"elementor-accordion-title\" tabindex=\"0\">Los materiales est\u00e1ndar de la carrocer\u00eda son:  <\/a>\n\t\t\t\t\t<\/div>\n\t\t\t\t\t<div id=\"elementor-tab-content-1001\" class=\"elementor-tab-content elementor-clearfix\" data-tab=\"1\" role=\"region\" aria-labelledby=\"elementor-tab-title-1001\"><p>&#8211; ASTM A106 Gr. C<br \/>&#8211; ASTM A216 Gr. CMI<br \/>&#8211; ASTM A516 Gr. 70<\/p><\/div>\n\t\t\t\t<\/div>\n\t\t\t\t\t\t\t<div class=\"elementor-accordion-item\">\n\t\t\t\t\t<div id=\"elementor-tab-title-1002\" class=\"elementor-tab-title\" data-tab=\"2\" role=\"button\" aria-controls=\"elementor-tab-content-1002\" aria-expanded=\"false\">\n\t\t\t\t\t\t\t\t\t\t\t\t\t<span class=\"elementor-accordion-icon elementor-accordion-icon-left\" aria-hidden=\"true\">\n\t\t\t\t\t\t\t\t\t\t\t\t\t\t\t<span class=\"elementor-accordion-icon-closed\"><i class=\"fas fa-plus\"><\/i><\/span>\n\t\t\t\t\t\t\t\t<span class=\"elementor-accordion-icon-opened\"><i class=\"fas fa-minus\"><\/i><\/span>\n\t\t\t\t\t\t\t\t\t\t\t\t\t\t<\/span>\n\t\t\t\t\t\t\t\t\t\t\t\t<a class=\"elementor-accordion-title\" tabindex=\"0\">El atornillado est\u00e1ndar es:<\/a>\n\t\t\t\t\t<\/div>\n\t\t\t\t\t<div id=\"elementor-tab-content-1002\" class=\"elementor-tab-content elementor-clearfix\" data-tab=\"2\" role=\"region\" aria-labelledby=\"elementor-tab-title-1002\"><p>ASTM A193 Br. B7 con ASTM A194 Gr. 2H<br \/>nueces<\/p><\/div>\n\t\t\t\t<\/div>\n\t\t\t\t\t\t\t<div class=\"elementor-accordion-item\">\n\t\t\t\t\t<div id=\"elementor-tab-title-1003\" class=\"elementor-tab-title\" data-tab=\"3\" role=\"button\" aria-controls=\"elementor-tab-content-1003\" aria-expanded=\"false\">\n\t\t\t\t\t\t\t\t\t\t\t\t\t<span class=\"elementor-accordion-icon elementor-accordion-icon-left\" aria-hidden=\"true\">\n\t\t\t\t\t\t\t\t\t\t\t\t\t\t\t<span class=\"elementor-accordion-icon-closed\"><i class=\"fas fa-plus\"><\/i><\/span>\n\t\t\t\t\t\t\t\t<span class=\"elementor-accordion-icon-opened\"><i class=\"fas fa-minus\"><\/i><\/span>\n\t\t\t\t\t\t\t\t\t\t\t\t\t\t<\/span>\n\t\t\t\t\t\t\t\t\t\t\t\t<a class=\"elementor-accordion-title\" tabindex=\"0\">Opciones:<\/a>\n\t\t\t\t\t<\/div>\n\t\t\t\t\t<div id=\"elementor-tab-content-1003\" class=\"elementor-tab-content elementor-clearfix\" data-tab=\"3\" role=\"region\" aria-labelledby=\"elementor-tab-title-1003\"><p>Opciones:<br \/>&#8211; Pintura epoxi marina para proteger contra la corrosi\u00f3n<br \/>&#8211; Bisagras para facilitar la instalaci\u00f3n y el manejo<br \/>&#8211; Rejillas de ventilaci\u00f3n seg\u00fan especificaciones del cliente<br \/>&#8211; \u00c1nodos de protecci\u00f3n cat\u00f3dica<br \/>&#8211; Materiales conformes con NACE MR0175 \/ ISO 15156<\/p><\/div>\n\t\t\t\t<\/div>\n\t\t\t\t\t\t\t\t<\/div>\n\t\t\t\t<\/div>\n\t\t\t\t<\/div>\n\t\t\t\t\t<\/div>\n\t\t<\/div>\n\t\t\t\t<div class=\"elementor-column elementor-col-33 elementor-top-column elementor-element elementor-element-2e9cc042\" data-id=\"2e9cc042\" data-element_type=\"column\">\n\t\t\t<div class=\"elementor-widget-wrap\">\n\t\t\t\t\t\t\t<\/div>\n\t\t<\/div>\n\t\t\t\t\t<\/div>\n\t\t<\/section>\n\t\t\t\t<section class=\"elementor-section elementor-top-section elementor-element elementor-element-2b996ba elementor-section-boxed elementor-section-height-default elementor-section-height-default\" data-id=\"2b996ba\" data-element_type=\"section\">\n\t\t\t\t\t\t<div class=\"elementor-container elementor-column-gap-default\">\n\t\t\t\t\t<div class=\"elementor-column elementor-col-100 elementor-top-column elementor-element elementor-element-c0b41ce\" data-id=\"c0b41ce\" data-element_type=\"column\">\n\t\t\t<div class=\"elementor-widget-wrap elementor-element-populated\">\n\t\t\t\t\t\t<div class=\"elementor-element elementor-element-814f266 elementor-widget elementor-widget-button\" data-id=\"814f266\" data-element_type=\"widget\" data-widget_type=\"button.default\">\n\t\t\t\t<div class=\"elementor-widget-container\">\n\t\t\t<a id=button-id-0 target=_blank href=https:\/\/notronpipeline.com\/wp-content\/uploads\/CLAMP_SLEEVE_FINAL.pdf class=\"btn  \" style=><i class='fa far fa-arrow-alt-circle-down'><\/i> descargue nuestro folleto<\/a>\t\t<\/div>\n\t\t\t\t<\/div>\n\t\t\t\t\t<\/div>\n\t\t<\/div>\n\t\t\t\t\t<\/div>\n\t\t<\/section>\n\t\t\t\t<\/div>\n\t\t","protected":false},"excerpt":{"rendered":"<p>Abrazadera de reparaci\u00f3n de roturas para da\u00f1os extensos en tuber\u00edas La Abrazadera de reparaci\u00f3n de roturas para da\u00f1os extensos en tuber\u00edas NOTRON sujeta la pared exterior de una tuber\u00eda para contrarrestar los extraordinarios tirones en los extremos y las inusuales &hellip;<\/p>\n","protected":false},"author":2,"featured_media":0,"parent":0,"menu_order":0,"comment_status":"closed","ping_status":"closed","template":"","meta":{"footnotes":""},"class_list":["post-2642","page","type-page","status-publish","hentry"],"_links":{"self":[{"href":"https:\/\/notronpipeline.com\/es\/wp-json\/wp\/v2\/pages\/2642","targetHints":{"allow":["GET"]}}],"collection":[{"href":"https:\/\/notronpipeline.com\/es\/wp-json\/wp\/v2\/pages"}],"about":[{"href":"https:\/\/notronpipeline.com\/es\/wp-json\/wp\/v2\/types\/page"}],"author":[{"embeddable":true,"href":"https:\/\/notronpipeline.com\/es\/wp-json\/wp\/v2\/users\/2"}],"replies":[{"embeddable":true,"href":"https:\/\/notronpipeline.com\/es\/wp-json\/wp\/v2\/comments?post=2642"}],"version-history":[{"count":11,"href":"https:\/\/notronpipeline.com\/es\/wp-json\/wp\/v2\/pages\/2642\/revisions"}],"predecessor-version":[{"id":6907,"href":"https:\/\/notronpipeline.com\/es\/wp-json\/wp\/v2\/pages\/2642\/revisions\/6907"}],"wp:attachment":[{"href":"https:\/\/notronpipeline.com\/es\/wp-json\/wp\/v2\/media?parent=2642"}],"curies":[{"name":"wp","href":"https:\/\/api.w.org\/{rel}","templated":true}]}}