{"id":2655,"date":"2020-03-16T13:10:30","date_gmt":"2020-03-16T13:10:30","guid":{"rendered":"https:\/\/notronpipeline.com\/soldadura-extremos-acoplamiento\/"},"modified":"2025-06-24T11:56:14","modified_gmt":"2025-06-24T11:56:14","slug":"acoplamiento-de-tuberia-de-acero-para-soldar","status":"publish","type":"page","link":"https:\/\/notronpipeline.com\/es\/acoplamiento-de-tuberia-de-acero-para-soldar\/","title":{"rendered":"Acoplamiento de Tuber\u00eda de Acero para Soldar"},"content":{"rendered":"\t\t<div data-elementor-type=\"wp-page\" data-elementor-id=\"2655\" class=\"elementor elementor-2655 elementor-112\">\n\t\t\t\t\t\t<section class=\"elementor-section elementor-top-section elementor-element elementor-element-b9f397a elementor-section-boxed elementor-section-height-default elementor-section-height-default\" data-id=\"b9f397a\" data-element_type=\"section\">\n\t\t\t\t\t\t<div class=\"elementor-container elementor-column-gap-default\">\n\t\t\t\t\t<div class=\"elementor-column elementor-col-100 elementor-top-column elementor-element elementor-element-32ff602\" data-id=\"32ff602\" data-element_type=\"column\">\n\t\t\t<div class=\"elementor-widget-wrap elementor-element-populated\">\n\t\t\t\t\t\t<div class=\"elementor-element elementor-element-b31683d elementor-widget elementor-widget-gallery_slider\" data-id=\"b31683d\" data-element_type=\"widget\" data-widget_type=\"gallery_slider.default\">\n\t\t\t\t<div class=\"elementor-widget-container\">\n\t\t\t<div class=\"gallery-fs\"><figure><img decoding=\"async\" src=\"https:\/\/notronpipeline.com\/wp-content\/uploads\/NT-WE-30INC-1_final_y.jpg\" alt=\"\"><\/figure><div class=\"gallery-fs-nav\"><button class=\"gallery-fs-fullscreen\"><i class=\"fa fa-arrows-alt\"><\/i><\/button><\/div><div class=\"gallery-fs-thumbnails gallery-fs-thumbnails-col-5 owl-carousel owl-loaded\"><a href='https:\/\/notronpipeline.com\/wp-content\/uploads\/NT-WE-30INC-1_final_y.jpg' data-caption='Weld-on Steel Pipe Coupling' title='Weld-on Steel Pipe Coupling' class=\"selected\"><img class='attachment-anps-gallery-thumb size-anps-gallery-thumb' src=https:\/\/notronpipeline.com\/wp-content\/uploads\/NT-WE-30INC-1_final_y.jpg sizes='(max-width: 280px) 100vw, 280px' width='280' height='158'><\/a><a href='https:\/\/notronpipeline.com\/wp-content\/uploads\/Pipeline_repair_using_DEXPAND_R_-CF70_final_Y.jpg' data-caption='weld ends coupling' title='Pipeline_repair_using_DEXPAND_R_-CF70_final_Y'><img class='attachment-anps-gallery-thumb size-anps-gallery-thumb' src=https:\/\/notronpipeline.com\/wp-content\/uploads\/Pipeline_repair_using_DEXPAND_R_-CF70_final_Y.jpg sizes='(max-width: 280px) 100vw, 280px' width='280' height='158'><\/a><a href='https:\/\/notronpipeline.com\/wp-content\/uploads\/NT_WE_2_final_y.jpg' data-caption='Weld-on Steel Pipe Coupling' title='Weld-on Steel Pipe Coupling'><img class='attachment-anps-gallery-thumb size-anps-gallery-thumb' src=https:\/\/notronpipeline.com\/wp-content\/uploads\/NT_WE_2_final_y.jpg sizes='(max-width: 280px) 100vw, 280px' width='280' height='158'><\/a><a href='https:\/\/notronpipeline.com\/wp-content\/uploads\/NT_WE_1_final_y.jpg' data-caption='Pipeline repair weld-on Steel Pipe Coupling' title='Pipeline repair weld-on Steel Pipe Coupling'><img class='attachment-anps-gallery-thumb size-anps-gallery-thumb' src=https:\/\/notronpipeline.com\/wp-content\/uploads\/NT_WE_1_final_y.jpg sizes='(max-width: 280px) 100vw, 280px' width='280' height='158'><\/a><\/div><\/div>\t\t<\/div>\n\t\t\t\t<\/div>\n\t\t\t\t\t<\/div>\n\t\t<\/div>\n\t\t\t\t\t<\/div>\n\t\t<\/section>\n\t\t\t\t<section class=\"elementor-section elementor-top-section elementor-element elementor-element-9141969 elementor-section-boxed elementor-section-height-default elementor-section-height-default\" data-id=\"9141969\" data-element_type=\"section\">\n\t\t\t\t\t\t<div class=\"elementor-container elementor-column-gap-default\">\n\t\t\t\t\t<div class=\"elementor-column elementor-col-100 elementor-top-column elementor-element elementor-element-aa3da3c\" data-id=\"aa3da3c\" data-element_type=\"column\">\n\t\t\t<div class=\"elementor-widget-wrap elementor-element-populated\">\n\t\t\t\t\t\t<div class=\"elementor-element elementor-element-6739ccb elementor-widget elementor-widget-heading\" data-id=\"6739ccb\" data-element_type=\"widget\" data-widget_type=\"heading.default\">\n\t\t\t\t<div class=\"elementor-widget-container\">\n\t\t\t<h3 class='heading-left  divider-sm'  style=\"color:#000000\"><span>Acoplamiento de Tuber\u00eda de Acero para Soldar<\/span><\/h3>\t\t<\/div>\n\t\t\t\t<\/div>\n\t\t\t\t<div class=\"elementor-element elementor-element-85ca906 elementor-widget elementor-widget-text-editor\" data-id=\"85ca906\" data-element_type=\"widget\" data-widget_type=\"text-editor.default\">\n\t\t\t\t<div class=\"elementor-widget-container\">\n\t\t\t\t\t\t\t<p>El acoplamiento Acoplamiento de Tuber\u00eda de Acero para Soldar es una forma segura y r\u00e1pida de conectar tuber\u00edas que contienen petr\u00f3leo crudo, gasolina, GNL, combustible de aviaci\u00f3n, asfalto, vapor, procesos qu\u00edmicos y otros productos, de forma que el flujo pueda reanudarse inmediatamente.<br \/>No se requiere ninguna preparaci\u00f3n especial de los extremos de los tubos. Corte la tuber\u00eda y desl\u00edcela sobre el acoplamiento Acoplamiento de Tuber\u00eda de Acero para Soldar. Con los tornillos de apriete y empuje totalmente apretados, el tubo queda unido y las juntas estancas encajadas.<\/p><p>El acoplamiento Acoplamiento de Tuber\u00eda de Acero para Soldar puede dejarse s\u00f3lo con los tornillos apretados o pueden soldarse dependiendo de la MAOP de la clasificaci\u00f3n Pipe Not Anchored o Pipe Anchored que se necesite alcanzar. Consulte la tabla de las instrucciones de instalaci\u00f3n para conocer las presiones recomendadas ancladas y no ancladas, as\u00ed como las instrucciones de soldadura. Si es necesario soldar, la tuber\u00eda puede estar bajo presi\u00f3n.<\/p>\t\t\t\t\t\t<\/div>\n\t\t\t\t<\/div>\n\t\t\t\t\t<\/div>\n\t\t<\/div>\n\t\t\t\t\t<\/div>\n\t\t<\/section>\n\t\t\t\t<section class=\"elementor-section elementor-top-section elementor-element elementor-element-0a407a1 elementor-section-boxed elementor-section-height-default elementor-section-height-default\" data-id=\"0a407a1\" data-element_type=\"section\">\n\t\t\t\t\t\t<div class=\"elementor-container elementor-column-gap-default\">\n\t\t\t\t\t<div class=\"elementor-column elementor-col-66 elementor-top-column elementor-element elementor-element-1821c12\" data-id=\"1821c12\" data-element_type=\"column\">\n\t\t\t<div class=\"elementor-widget-wrap elementor-element-populated\">\n\t\t\t\t\t\t<div class=\"elementor-element elementor-element-c3fdad2 elementor-widget elementor-widget-heading\" data-id=\"c3fdad2\" data-element_type=\"widget\" data-widget_type=\"heading.default\">\n\t\t\t\t<div class=\"elementor-widget-container\">\n\t\t\t<h3 class='heading-left  divider-sm'  style=\"color:#000000\"><span>Detalles<\/span><\/h3>\t\t<\/div>\n\t\t\t\t<\/div>\n\t\t\t\t<div class=\"elementor-element elementor-element-3cbb22e elementor-widget elementor-widget-accordion\" data-id=\"3cbb22e\" data-element_type=\"widget\" data-widget_type=\"accordion.default\">\n\t\t\t\t<div class=\"elementor-widget-container\">\n\t\t\t\t\t<div class=\"elementor-accordion\">\n\t\t\t\t\t\t\t<div class=\"elementor-accordion-item\">\n\t\t\t\t\t<div id=\"elementor-tab-title-6361\" class=\"elementor-tab-title\" data-tab=\"1\" role=\"button\" aria-controls=\"elementor-tab-content-6361\" aria-expanded=\"false\">\n\t\t\t\t\t\t\t\t\t\t\t\t\t<span class=\"elementor-accordion-icon elementor-accordion-icon-left\" aria-hidden=\"true\">\n\t\t\t\t\t\t\t\t\t\t\t\t\t\t\t<span class=\"elementor-accordion-icon-closed\"><i class=\"fas fa-plus\"><\/i><\/span>\n\t\t\t\t\t\t\t\t<span class=\"elementor-accordion-icon-opened\"><i class=\"fas fa-minus\"><\/i><\/span>\n\t\t\t\t\t\t\t\t\t\t\t\t\t\t<\/span>\n\t\t\t\t\t\t\t\t\t\t\t\t<a class=\"elementor-accordion-title\" tabindex=\"0\">Materiales est\u00e1ndar de la carrocer\u00eda<\/a>\n\t\t\t\t\t<\/div>\n\t\t\t\t\t<div id=\"elementor-tab-content-6361\" class=\"elementor-tab-content elementor-clearfix\" data-tab=\"1\" role=\"region\" aria-labelledby=\"elementor-tab-title-6361\"><p>&#8211; SA-A106 Gr. C<br \/>&#8211; SA-A105\/A350 Gr. LF2<\/p><\/div>\n\t\t\t\t<\/div>\n\t\t\t\t\t\t\t<div class=\"elementor-accordion-item\">\n\t\t\t\t\t<div id=\"elementor-tab-title-6362\" class=\"elementor-tab-title\" data-tab=\"2\" role=\"button\" aria-controls=\"elementor-tab-content-6362\" aria-expanded=\"false\">\n\t\t\t\t\t\t\t\t\t\t\t\t\t<span class=\"elementor-accordion-icon elementor-accordion-icon-left\" aria-hidden=\"true\">\n\t\t\t\t\t\t\t\t\t\t\t\t\t\t\t<span class=\"elementor-accordion-icon-closed\"><i class=\"fas fa-plus\"><\/i><\/span>\n\t\t\t\t\t\t\t\t<span class=\"elementor-accordion-icon-opened\"><i class=\"fas fa-minus\"><\/i><\/span>\n\t\t\t\t\t\t\t\t\t\t\t\t\t\t<\/span>\n\t\t\t\t\t\t\t\t\t\t\t\t<a class=\"elementor-accordion-title\" tabindex=\"0\">Opciones:<\/a>\n\t\t\t\t\t<\/div>\n\t\t\t\t\t<div id=\"elementor-tab-content-6362\" class=\"elementor-tab-content elementor-clearfix\" data-tab=\"2\" role=\"region\" aria-labelledby=\"elementor-tab-title-6362\"><p>&#8211; Pintura epoxi marina para proteger contra la corrosi\u00f3n<br \/>&#8211; Material conforme con NACE MR0175\/IS0 15156<br \/>&#8211; Weld+Ends subacu\u00e1ticos que est\u00e1n dise\u00f1ados con un<br \/>doble fila de abrazaderas tornillos y 12&#8243; entre juntas<\/p><\/div>\n\t\t\t\t<\/div>\n\t\t\t\t\t\t\t\t<\/div>\n\t\t\t\t<\/div>\n\t\t\t\t<\/div>\n\t\t\t\t\t<\/div>\n\t\t<\/div>\n\t\t\t\t<div class=\"elementor-column elementor-col-33 elementor-top-column elementor-element elementor-element-08516a3\" data-id=\"08516a3\" data-element_type=\"column\">\n\t\t\t<div class=\"elementor-widget-wrap elementor-element-populated\">\n\t\t\t\t\t\t<div class=\"elementor-element elementor-element-aa8e4a4 elementor-widget elementor-widget-heading\" data-id=\"aa8e4a4\" data-element_type=\"widget\" data-widget_type=\"heading.default\">\n\t\t\t\t<div class=\"elementor-widget-container\">\n\t\t\t<h3 class='heading-left  divider-sm'  style=\"color:#000000\"><span>Acoplamiento de Tuber\u00eda de Acero para Soldar<\/span><\/h3>\t\t<\/div>\n\t\t\t\t<\/div>\n\t\t\t\t<div class=\"elementor-element elementor-element-febf83e elementor-widget elementor-widget-text-editor\" data-id=\"febf83e\" data-element_type=\"widget\" data-widget_type=\"text-editor.default\">\n\t\t\t\t<div class=\"elementor-widget-container\">\n\t\t\t\t\t\t\t<p><strong>TUBER\u00cdA NO ANCLADA:<\/strong><\/p><p>Junta en la que los extremos de la tuber\u00eda podr\u00edan moverse al estar sometidos a fuerzas internas o externas, como presi\u00f3n interna, dilataci\u00f3n y contracci\u00f3n por temperatura, corrientes submarinas, movimiento del terreno o cualquier combinaci\u00f3n de ellas.<\/p><p>La presi\u00f3n de trabajo para \u00abtuber\u00eda no anclada\u00bb: tama\u00f1os de 1-1\/2&#8243; a 3&#8243; se basa en el espesor de pared de la tuber\u00eda Schedule 80 y m\u00e1s pesada; 4&#8243; y m\u00e1s grandes, en el espesor de pared de Schedule 40 o 1\/2&#8243;, lo que sea menor.<\/p><p><strong>TUBO ANCLADO:<\/strong><\/p><p>Una junta en la que los extremos de los tubos no se movieran al ser sometidos a estas mismas fuerzas. Si el Acoplamiento Acoplamiento de Tuber\u00eda de Acero para Soldar est\u00e1 soldado o se utiliza una Abrazadera Reparar Anillo adecuada, puede considerarse una uni\u00f3n anclada.<\/p>\t\t\t\t\t\t<\/div>\n\t\t\t\t<\/div>\n\t\t\t\t\t<\/div>\n\t\t<\/div>\n\t\t\t\t\t<\/div>\n\t\t<\/section>\n\t\t\t\t<section class=\"elementor-section elementor-top-section elementor-element elementor-element-8b01485 elementor-section-boxed elementor-section-height-default elementor-section-height-default\" data-id=\"8b01485\" data-element_type=\"section\">\n\t\t\t\t\t\t<div class=\"elementor-container elementor-column-gap-default\">\n\t\t\t\t\t<div class=\"elementor-column elementor-col-100 elementor-top-column elementor-element elementor-element-dd45a76\" data-id=\"dd45a76\" data-element_type=\"column\">\n\t\t\t<div class=\"elementor-widget-wrap elementor-element-populated\">\n\t\t\t\t\t\t<div class=\"elementor-element elementor-element-ddd9e20 elementor-widget elementor-widget-button\" data-id=\"ddd9e20\" data-element_type=\"widget\" data-widget_type=\"button.default\">\n\t\t\t\t<div class=\"elementor-widget-container\">\n\t\t\t<a id=button-id-0 target=_blank href=https:\/\/notronpipeline.com\/wp-content\/uploads\/WELD-ON-STEEL-PIPE-COUPLING.pdf class=\"btn  \" style=><i class='fa far fa-arrow-alt-circle-down'><\/i> descargue nuestro folleto<\/a>\t\t<\/div>\n\t\t\t\t<\/div>\n\t\t\t\t\t<\/div>\n\t\t<\/div>\n\t\t\t\t\t<\/div>\n\t\t<\/section>\n\t\t\t\t<\/div>\n\t\t","protected":false},"excerpt":{"rendered":"<p>Acoplamiento de Tuber\u00eda de Acero para Soldar El acoplamiento Acoplamiento de Tuber\u00eda de Acero para Soldar es una forma segura y r\u00e1pida de conectar tuber\u00edas que contienen petr\u00f3leo crudo, gasolina, GNL, combustible de aviaci\u00f3n, asfalto, vapor, procesos qu\u00edmicos y otros &hellip;<\/p>\n","protected":false},"author":1,"featured_media":0,"parent":0,"menu_order":0,"comment_status":"closed","ping_status":"closed","template":"","meta":{"footnotes":""},"class_list":["post-2655","page","type-page","status-publish","hentry"],"_links":{"self":[{"href":"https:\/\/notronpipeline.com\/es\/wp-json\/wp\/v2\/pages\/2655","targetHints":{"allow":["GET"]}}],"collection":[{"href":"https:\/\/notronpipeline.com\/es\/wp-json\/wp\/v2\/pages"}],"about":[{"href":"https:\/\/notronpipeline.com\/es\/wp-json\/wp\/v2\/types\/page"}],"author":[{"embeddable":true,"href":"https:\/\/notronpipeline.com\/es\/wp-json\/wp\/v2\/users\/1"}],"replies":[{"embeddable":true,"href":"https:\/\/notronpipeline.com\/es\/wp-json\/wp\/v2\/comments?post=2655"}],"version-history":[{"count":15,"href":"https:\/\/notronpipeline.com\/es\/wp-json\/wp\/v2\/pages\/2655\/revisions"}],"predecessor-version":[{"id":7086,"href":"https:\/\/notronpipeline.com\/es\/wp-json\/wp\/v2\/pages\/2655\/revisions\/7086"}],"wp:attachment":[{"href":"https:\/\/notronpipeline.com\/es\/wp-json\/wp\/v2\/media?parent=2655"}],"curies":[{"name":"wp","href":"https:\/\/api.w.org\/{rel}","templated":true}]}}