{"id":2674,"date":"2022-02-02T14:03:57","date_gmt":"2022-02-02T14:03:57","guid":{"rendered":"https:\/\/notronpipeline.com\/dividir-reparar-tee-elbow-cross\/"},"modified":"2025-06-24T08:04:38","modified_gmt":"2025-06-24T08:04:38","slug":"dividir-reparar-abrazadera-tee-elbow-cross","status":"publish","type":"page","link":"https:\/\/notronpipeline.com\/es\/dividir-reparar-abrazadera-tee-elbow-cross\/","title":{"rendered":"Dividir Reparar Abrazadera Tee\/Elbow\/Cross"},"content":{"rendered":"\t\t<div data-elementor-type=\"wp-page\" data-elementor-id=\"2674\" class=\"elementor elementor-2674 elementor-753\">\n\t\t\t\t\t\t<section class=\"elementor-section elementor-top-section elementor-element elementor-element-5d94c059 elementor-section-boxed elementor-section-height-default elementor-section-height-default\" data-id=\"5d94c059\" data-element_type=\"section\">\n\t\t\t\t\t\t<div class=\"elementor-container elementor-column-gap-default\">\n\t\t\t\t\t<div class=\"elementor-column elementor-col-100 elementor-top-column elementor-element elementor-element-50a07c64\" data-id=\"50a07c64\" data-element_type=\"column\">\n\t\t\t<div class=\"elementor-widget-wrap elementor-element-populated\">\n\t\t\t\t\t\t<div class=\"elementor-element elementor-element-1f311372 elementor-widget elementor-widget-gallery_slider\" data-id=\"1f311372\" data-element_type=\"widget\" data-widget_type=\"gallery_slider.default\">\n\t\t\t\t<div class=\"elementor-widget-container\">\n\t\t\t<div class=\"gallery-fs\"><figure><img decoding=\"async\" src=\"https:\/\/notronpipeline.com\/wp-content\/uploads\/UCU-DE-FARKLI-RESIM-OLACAK-tee-elbow-cross.jpg\" alt=\"\"><\/figure><\/div>\t\t<\/div>\n\t\t\t\t<\/div>\n\t\t\t\t\t<\/div>\n\t\t<\/div>\n\t\t\t\t\t<\/div>\n\t\t<\/section>\n\t\t\t\t<section class=\"elementor-section elementor-top-section elementor-element elementor-element-148aff23 elementor-section-boxed elementor-section-height-default elementor-section-height-default\" data-id=\"148aff23\" data-element_type=\"section\">\n\t\t\t\t\t\t<div class=\"elementor-container elementor-column-gap-default\">\n\t\t\t\t\t<div class=\"elementor-column elementor-col-100 elementor-top-column elementor-element elementor-element-6fe40bb5\" data-id=\"6fe40bb5\" data-element_type=\"column\">\n\t\t\t<div class=\"elementor-widget-wrap elementor-element-populated\">\n\t\t\t\t\t\t<div class=\"elementor-element elementor-element-6fd8980c elementor-widget elementor-widget-heading\" data-id=\"6fd8980c\" data-element_type=\"widget\" data-widget_type=\"heading.default\">\n\t\t\t\t<div class=\"elementor-widget-container\">\n\t\t\t<h3 class='heading-left  divider-sm'  style=\"color:#000000\"><span>Dividir Repara Abrazadera Tee\/Elbow\/Cross<\/span><\/h3>\t\t<\/div>\n\t\t\t\t<\/div>\n\t\t\t\t<div class=\"elementor-element elementor-element-5d4f8828 elementor-widget elementor-widget-text-editor\" data-id=\"5d4f8828\" data-element_type=\"widget\" data-widget_type=\"text-editor.default\">\n\t\t\t\t<div class=\"elementor-widget-container\">\n\t\t\t\t\t\t\t<p>Los accesorios Dividir Reparar Abrazadera Elbow, Tee y\u00a0 Cross son seguros y fiables, adem\u00e1s de f\u00e1ciles y r\u00e1pidos de instalar.<\/p><p>La fuga se contiene r\u00e1pidamente una vez que cualquiera de estos accesorios se atornilla correctamente a la l\u00ednea. No es necesario apagarlo durante la reparaci\u00f3n. En funci\u00f3n del tama\u00f1o y la presi\u00f3n de la l\u00ednea, pueden ser necesarios extremos de sujeci\u00f3n para resistir fuerzas desequilibradas.<\/p><p>Nuestros codos, tes y cruces Dividir Reoarar pueden soldarse para una reparaci\u00f3n permanente mientras la l\u00ednea est\u00e1 en servicio. Si se utiliza como racor temporal y no se suelda a la l\u00ednea, cualquiera de estos racores puede desmontarse y enviarse de vuelta a la f\u00e1brica para su reacondicionamiento y posterior devoluci\u00f3n al inventario del cliente.<\/p><p>El Dividir Reparar Ell est\u00e1 disponible en muchas configuraciones, incluyendo 45\u00b0, 90\u00b0, radio corto, radio largo, radio largo con tangentes, as\u00ed como atornillado y soldado por encastre, y tama\u00f1os y \u00e1ngulos personalizados. Este accesorio se utiliza para reparar tuber\u00edas curvas o en \u00e1ngulo.<\/p>\t\t\t\t\t\t<\/div>\n\t\t\t\t<\/div>\n\t\t\t\t\t<\/div>\n\t\t<\/div>\n\t\t\t\t\t<\/div>\n\t\t<\/section>\n\t\t\t\t<section class=\"elementor-section elementor-top-section elementor-element elementor-element-f5ccc57 elementor-section-boxed elementor-section-height-default elementor-section-height-default\" data-id=\"f5ccc57\" data-element_type=\"section\">\n\t\t\t\t\t\t<div class=\"elementor-container elementor-column-gap-default\">\n\t\t\t\t\t<div class=\"elementor-column elementor-col-100 elementor-top-column elementor-element elementor-element-faec4d7\" data-id=\"faec4d7\" data-element_type=\"column\">\n\t\t\t<div class=\"elementor-widget-wrap elementor-element-populated\">\n\t\t\t\t\t\t<div class=\"elementor-element elementor-element-3ced53c elementor-widget elementor-widget-button\" data-id=\"3ced53c\" data-element_type=\"widget\" data-widget_type=\"button.default\">\n\t\t\t\t<div class=\"elementor-widget-container\">\n\t\t\t<a id=button-id-0 target=_blabk href=https:\/\/notronpipeline.com\/wp-content\/uploads\/split-repair-ell-tee-cros.pdf class=\"btn  \" style=><i class='fa far fa-arrow-alt-circle-down'><\/i> descargue nuestro folleto<\/a>\t\t<\/div>\n\t\t\t\t<\/div>\n\t\t\t\t\t<\/div>\n\t\t<\/div>\n\t\t\t\t\t<\/div>\n\t\t<\/section>\n\t\t\t\t<\/div>\n\t\t","protected":false},"excerpt":{"rendered":"<p>Dividir Repara Abrazadera Tee\/Elbow\/Cross Los accesorios Dividir Reparar Abrazadera Elbow, Tee y\u00a0 Cross son seguros y fiables, adem\u00e1s de f\u00e1ciles y r\u00e1pidos de instalar. La fuga se contiene r\u00e1pidamente una vez que cualquiera de estos accesorios se atornilla correctamente a &hellip;<\/p>\n","protected":false},"author":1,"featured_media":0,"parent":0,"menu_order":0,"comment_status":"closed","ping_status":"closed","template":"","meta":{"footnotes":""},"class_list":["post-2674","page","type-page","status-publish","hentry"],"_links":{"self":[{"href":"https:\/\/notronpipeline.com\/es\/wp-json\/wp\/v2\/pages\/2674","targetHints":{"allow":["GET"]}}],"collection":[{"href":"https:\/\/notronpipeline.com\/es\/wp-json\/wp\/v2\/pages"}],"about":[{"href":"https:\/\/notronpipeline.com\/es\/wp-json\/wp\/v2\/types\/page"}],"author":[{"embeddable":true,"href":"https:\/\/notronpipeline.com\/es\/wp-json\/wp\/v2\/users\/1"}],"replies":[{"embeddable":true,"href":"https:\/\/notronpipeline.com\/es\/wp-json\/wp\/v2\/comments?post=2674"}],"version-history":[{"count":13,"href":"https:\/\/notronpipeline.com\/es\/wp-json\/wp\/v2\/pages\/2674\/revisions"}],"predecessor-version":[{"id":6956,"href":"https:\/\/notronpipeline.com\/es\/wp-json\/wp\/v2\/pages\/2674\/revisions\/6956"}],"wp:attachment":[{"href":"https:\/\/notronpipeline.com\/es\/wp-json\/wp\/v2\/media?parent=2674"}],"curies":[{"name":"wp","href":"https:\/\/api.w.org\/{rel}","templated":true}]}}