{"id":2675,"date":"2020-03-16T13:08:03","date_gmt":"2020-03-16T13:08:03","guid":{"rendered":"https:\/\/notronpipeline.com\/pigging\/"},"modified":"2025-06-24T11:32:18","modified_gmt":"2025-06-24T11:32:18","slug":"medidor-de-inspeccion-de-tuberia-para-pigging-de-tuberia","status":"publish","type":"page","link":"https:\/\/notronpipeline.com\/es\/medidor-de-inspeccion-de-tuberia-para-pigging-de-tuberia\/","title":{"rendered":"Medidor de Inspecci\u00f3n de Tuber\u00eda Para Pigging de Tuber\u00eda"},"content":{"rendered":"\t\t<div data-elementor-type=\"wp-page\" data-elementor-id=\"2675\" class=\"elementor elementor-2675 elementor-102\">\n\t\t\t\t\t\t<section class=\"elementor-section elementor-top-section elementor-element elementor-element-6918483e elementor-section-boxed elementor-section-height-default elementor-section-height-default\" data-id=\"6918483e\" data-element_type=\"section\">\n\t\t\t\t\t\t<div class=\"elementor-container elementor-column-gap-default\">\n\t\t\t\t\t<div class=\"elementor-column elementor-col-100 elementor-top-column elementor-element elementor-element-2f911638\" data-id=\"2f911638\" data-element_type=\"column\">\n\t\t\t<div class=\"elementor-widget-wrap elementor-element-populated\">\n\t\t\t\t\t\t<div class=\"elementor-element elementor-element-7fd71a0b elementor-widget elementor-widget-gallery_slider\" data-id=\"7fd71a0b\" data-element_type=\"widget\" data-widget_type=\"gallery_slider.default\">\n\t\t\t\t<div class=\"elementor-widget-container\">\n\t\t\t<div class=\"gallery-fs\"><figure><img decoding=\"async\" src=\"https:\/\/notronpipeline.com\/wp-content\/uploads\/466207.jpg\" alt=\"\"><\/figure><div class=\"gallery-fs-nav\"><button class=\"gallery-fs-fullscreen\"><i class=\"fa fa-arrows-alt\"><\/i><\/button><\/div><div class=\"gallery-fs-thumbnails gallery-fs-thumbnails-col-5 owl-carousel owl-loaded\"><a href='https:\/\/notronpipeline.com\/wp-content\/uploads\/466207.jpg' data-caption='Cleaning and Profile Pigs' title='Cleaning and Profile Pigs' class=\"selected\"><img class='attachment-anps-gallery-thumb size-anps-gallery-thumb' src=https:\/\/notronpipeline.com\/wp-content\/uploads\/466207.jpg sizes='(max-width: 280px) 100vw, 280px' width='280' height='158'><\/a><a href='https:\/\/notronpipeline.com\/wp-content\/uploads\/pig-ve-yedekleri-1.png' data-caption='Cleaning and Profile Pigs' title='pig ve yedekleri (1)'><img class='attachment-anps-gallery-thumb size-anps-gallery-thumb' src=https:\/\/notronpipeline.com\/wp-content\/uploads\/pig-ve-yedekleri-1.png sizes='(max-width: 280px) 100vw, 280px' width='280' height='158'><\/a><a href='https:\/\/notronpipeline.com\/wp-content\/uploads\/pig-ve-yedekleri-3.png' data-caption='Cleaning and Profile Pigs' title='pig ve yedekleri (3)'><img class='attachment-anps-gallery-thumb size-anps-gallery-thumb' src=https:\/\/notronpipeline.com\/wp-content\/uploads\/pig-ve-yedekleri-3.png sizes='(max-width: 280px) 100vw, 280px' width='280' height='158'><\/a><a href='https:\/\/notronpipeline.com\/wp-content\/uploads\/pig-ve-yedekleri-1-Large.png' data-caption='pig' title='pig'><img class='attachment-anps-gallery-thumb size-anps-gallery-thumb' src=https:\/\/notronpipeline.com\/wp-content\/uploads\/pig-ve-yedekleri-1-Large.png sizes='(max-width: 280px) 100vw, 280px' width='280' height='158'><\/a><a href='https:\/\/notronpipeline.com\/wp-content\/uploads\/pig-ve-yedekleri-3-Large.png' data-caption='pig' title='pig'><img class='attachment-anps-gallery-thumb size-anps-gallery-thumb' src=https:\/\/notronpipeline.com\/wp-content\/uploads\/pig-ve-yedekleri-3-Large.png sizes='(max-width: 280px) 100vw, 280px' width='280' height='158'><\/a><a href='https:\/\/notronpipeline.com\/wp-content\/uploads\/pig-ve-yedekleri-4-Large.png' data-caption='pig' title='pig'><img class='attachment-anps-gallery-thumb size-anps-gallery-thumb' src=https:\/\/notronpipeline.com\/wp-content\/uploads\/pig-ve-yedekleri-4-Large.png sizes='(max-width: 280px) 100vw, 280px' width='280' height='158'><\/a><a href='https:\/\/notronpipeline.com\/wp-content\/uploads\/pig-ve-yedekleri-2-Large.jpg' data-caption='PIG Brush' title='pig'><img class='attachment-anps-gallery-thumb size-anps-gallery-thumb' src=https:\/\/notronpipeline.com\/wp-content\/uploads\/pig-ve-yedekleri-2-Large.jpg sizes='(max-width: 280px) 100vw, 280px' width='280' height='158'><\/a><a href='https:\/\/notronpipeline.com\/wp-content\/uploads\/pig4-Large.jpg' data-caption='Cleaning PIG' title='pig4 (Large)'><img class='attachment-anps-gallery-thumb size-anps-gallery-thumb' src=https:\/\/notronpipeline.com\/wp-content\/uploads\/pig4-Large.jpg sizes='(max-width: 280px) 100vw, 280px' width='280' height='158'><\/a><a href='https:\/\/notronpipeline.com\/wp-content\/uploads\/pig5-Large.jpg' data-caption='Profile PIG' title='pig5 (Large)'><img class='attachment-anps-gallery-thumb size-anps-gallery-thumb' src=https:\/\/notronpipeline.com\/wp-content\/uploads\/pig5-Large.jpg sizes='(max-width: 280px) 100vw, 280px' width='280' height='158'><\/a><\/div><\/div>\t\t<\/div>\n\t\t\t\t<\/div>\n\t\t\t\t\t<\/div>\n\t\t<\/div>\n\t\t\t\t\t<\/div>\n\t\t<\/section>\n\t\t\t\t<section class=\"elementor-section elementor-top-section elementor-element elementor-element-4de33672 elementor-section-boxed elementor-section-height-default elementor-section-height-default\" data-id=\"4de33672\" data-element_type=\"section\">\n\t\t\t\t\t\t<div class=\"elementor-container elementor-column-gap-default\">\n\t\t\t\t\t<div class=\"elementor-column elementor-col-100 elementor-top-column elementor-element elementor-element-4cc55352\" data-id=\"4cc55352\" data-element_type=\"column\">\n\t\t\t<div class=\"elementor-widget-wrap elementor-element-populated\">\n\t\t\t\t\t\t<div class=\"elementor-element elementor-element-73296a28 elementor-widget elementor-widget-heading\" data-id=\"73296a28\" data-element_type=\"widget\" data-widget_type=\"heading.default\">\n\t\t\t\t<div class=\"elementor-widget-container\">\n\t\t\t<h3 class='heading-left  divider-sm'  style=\"color:#000000\"><span>Medidor de Inspecci\u00f3n de Tuber\u00eda Para Pigging de Tuber\u00eda<\/span><\/h3>\t\t<\/div>\n\t\t\t\t<\/div>\n\t\t\t\t<div class=\"elementor-element elementor-element-39bbf1b7 elementor-widget elementor-widget-text-editor\" data-id=\"39bbf1b7\" data-element_type=\"widget\" data-widget_type=\"text-editor.default\">\n\t\t\t\t<div class=\"elementor-widget-container\">\n\t\t\t\t\t\t\t<p><strong>Perfil de los cerdos<\/strong><\/p><p>Los PIGs de perfil (placa de calibre\/curvado) son materiales que se utilizan y producen para determinar si las abolladuras, ovalidades y di\u00e1metros de giro de las tuber\u00edas se ajustan o no a la norma 5D.<\/p><p><strong>Limpieza de cerdos <\/strong><\/p><p>El PIG Limpiador se utiliza para limpiar la pared interna de las tuber\u00edas y eliminar los residuos, polvos negros, ceras, arenas, lodos y electrodos de soldadura de las tuber\u00edas de gas y petr\u00f3leo.<\/p>\t\t\t\t\t\t<\/div>\n\t\t\t\t<\/div>\n\t\t\t\t\t<\/div>\n\t\t<\/div>\n\t\t\t\t\t<\/div>\n\t\t<\/section>\n\t\t\t\t<section class=\"elementor-section elementor-top-section elementor-element elementor-element-2cb0fb94 elementor-section-boxed elementor-section-height-default elementor-section-height-default\" data-id=\"2cb0fb94\" data-element_type=\"section\">\n\t\t\t\t\t\t<div class=\"elementor-container elementor-column-gap-default\">\n\t\t\t\t\t<div class=\"elementor-column elementor-col-66 elementor-top-column elementor-element elementor-element-6419a1fe\" data-id=\"6419a1fe\" data-element_type=\"column\">\n\t\t\t<div class=\"elementor-widget-wrap elementor-element-populated\">\n\t\t\t\t\t\t<div class=\"elementor-element elementor-element-758eb1a8 elementor-widget elementor-widget-heading\" data-id=\"758eb1a8\" data-element_type=\"widget\" data-widget_type=\"heading.default\">\n\t\t\t\t<div class=\"elementor-widget-container\">\n\t\t\t<h3 class='heading-left  divider-sm'  style=\"color:#000000\"><span>Detalles<\/span><\/h3>\t\t<\/div>\n\t\t\t\t<\/div>\n\t\t\t\t<div class=\"elementor-element elementor-element-3bdcdaaa elementor-widget elementor-widget-text-editor\" data-id=\"3bdcdaaa\" data-element_type=\"widget\" data-widget_type=\"text-editor.default\">\n\t\t\t\t<div class=\"elementor-widget-container\">\n\t\t\t\t\t\t\t<p>Nuestros sistemas pig proporcionan el m\u00e1s alto grado de durabilidad para todo tipo de tuber\u00edas.<br \/>Gracias a su dise\u00f1o innovador y flexible, ofrece resultados satisfactorios en todo tipo de aplicaciones.<\/p>\n\t\t\t\t\t\t<\/div>\n\t\t\t\t<\/div>\n\t\t\t\t<div class=\"elementor-element elementor-element-485a4d34 elementor-widget elementor-widget-accordion\" data-id=\"485a4d34\" data-element_type=\"widget\" data-widget_type=\"accordion.default\">\n\t\t\t\t<div class=\"elementor-widget-container\">\n\t\t\t\t\t<div class=\"elementor-accordion\">\n\t\t\t\t\t\t\t<div class=\"elementor-accordion-item\">\n\t\t\t\t\t<div id=\"elementor-tab-title-1211\" class=\"elementor-tab-title\" data-tab=\"1\" role=\"button\" aria-controls=\"elementor-tab-content-1211\" aria-expanded=\"false\">\n\t\t\t\t\t\t\t\t\t\t\t\t\t<span class=\"elementor-accordion-icon elementor-accordion-icon-left\" aria-hidden=\"true\">\n\t\t\t\t\t\t\t\t\t\t\t\t\t\t\t<span class=\"elementor-accordion-icon-closed\"><i class=\"fas fa-plus\"><\/i><\/span>\n\t\t\t\t\t\t\t\t<span class=\"elementor-accordion-icon-opened\"><i class=\"fas fa-minus\"><\/i><\/span>\n\t\t\t\t\t\t\t\t\t\t\t\t\t\t<\/span>\n\t\t\t\t\t\t\t\t\t\t\t\t<a class=\"elementor-accordion-title\" tabindex=\"0\">\u00c1reas de uso<\/a>\n\t\t\t\t\t<\/div>\n\t\t\t\t\t<div id=\"elementor-tab-content-1211\" class=\"elementor-tab-content elementor-clearfix\" data-tab=\"1\" role=\"region\" aria-labelledby=\"elementor-tab-title-1211\"><p>Nuestras herramientas se utilizan generalmente para aplicaciones de limpieza pesadas como ;<\/p>\n<p>&#8211; Eliminaci\u00f3n de cera, arena, lodo, polvo y polvo negro<\/p>\n<p>&#8211; Eliminaci\u00f3n de residuos met\u00e1licos y f\u00e9rreos<\/p>\n<p>&#8211; Mantenimiento y retirada de equipos de construcci\u00f3n<\/p>\n<p>&#8211; Eliminaci\u00f3n de productos de corrosi\u00f3n<\/p>\n<\/div>\n\t\t\t\t<\/div>\n\t\t\t\t\t\t\t<div class=\"elementor-accordion-item\">\n\t\t\t\t\t<div id=\"elementor-tab-title-1212\" class=\"elementor-tab-title\" data-tab=\"2\" role=\"button\" aria-controls=\"elementor-tab-content-1212\" aria-expanded=\"false\">\n\t\t\t\t\t\t\t\t\t\t\t\t\t<span class=\"elementor-accordion-icon elementor-accordion-icon-left\" aria-hidden=\"true\">\n\t\t\t\t\t\t\t\t\t\t\t\t\t\t\t<span class=\"elementor-accordion-icon-closed\"><i class=\"fas fa-plus\"><\/i><\/span>\n\t\t\t\t\t\t\t\t<span class=\"elementor-accordion-icon-opened\"><i class=\"fas fa-minus\"><\/i><\/span>\n\t\t\t\t\t\t\t\t\t\t\t\t\t\t<\/span>\n\t\t\t\t\t\t\t\t\t\t\t\t<a class=\"elementor-accordion-title\" tabindex=\"0\">Caracter\u00edsticas de nuestros equipos  <\/a>\n\t\t\t\t\t<\/div>\n\t\t\t\t\t<div id=\"elementor-tab-content-1212\" class=\"elementor-tab-content elementor-clearfix\" data-tab=\"2\" role=\"region\" aria-labelledby=\"elementor-tab-title-1212\"><p>Somos muy flexibles en la fabricaci\u00f3n y podemos ofrecer productos personalizados en funci\u00f3n de sus necesidades.<\/p>\n<p>&#8211; Cilindro, bidireccional y dise\u00f1o de cerrojo m\u00faltiple<\/p>\n<p>&#8211; materiales de poliuretano muy resistentes al desgaste<\/p>\n<p>&#8211; cuerpo de carbono, dise\u00f1ado para altas presiones<\/p>\n<p>&#8211; jaula especial para proteger los transmisores de pigging<\/p>\n<p>&#8211; dureza shore A superior al 85<\/p>\n<p>&#8211; ampliamente las normas ISO ( ISO 4649 \/ ISO 37 \/ ISO 34-1 M\u00c9TODO B )<\/p>\n<p>&#8211; cepillos amplios y de alta calidad<\/p>\n<p>&#8211; Tuercas y tornillos autoblocantes<\/p>\n<\/div>\n\t\t\t\t<\/div>\n\t\t\t\t\t\t\t<div class=\"elementor-accordion-item\">\n\t\t\t\t\t<div id=\"elementor-tab-title-1213\" class=\"elementor-tab-title\" data-tab=\"3\" role=\"button\" aria-controls=\"elementor-tab-content-1213\" aria-expanded=\"false\">\n\t\t\t\t\t\t\t\t\t\t\t\t\t<span class=\"elementor-accordion-icon elementor-accordion-icon-left\" aria-hidden=\"true\">\n\t\t\t\t\t\t\t\t\t\t\t\t\t\t\t<span class=\"elementor-accordion-icon-closed\"><i class=\"fas fa-plus\"><\/i><\/span>\n\t\t\t\t\t\t\t\t<span class=\"elementor-accordion-icon-opened\"><i class=\"fas fa-minus\"><\/i><\/span>\n\t\t\t\t\t\t\t\t\t\t\t\t\t\t<\/span>\n\t\t\t\t\t\t\t\t\t\t\t\t<a class=\"elementor-accordion-title\" tabindex=\"0\">Opciones de herramientas<\/a>\n\t\t\t\t\t<\/div>\n\t\t\t\t\t<div id=\"elementor-tab-content-1213\" class=\"elementor-tab-content elementor-clearfix\" data-tab=\"3\" role=\"region\" aria-labelledby=\"elementor-tab-title-1213\"><p>&#8211; Herramientas est\u00e1ndar y a largo plazo<\/p>\n<p>&#8211; Herramienta de placa curvada<\/p>\n<p>&#8211; Herramienta de medici\u00f3n<\/p>\n<p>&#8211; Herramienta de cepillado (tipo muelle y tipos personalizados)<\/p>\n<p>&#8211; Herramienta magn\u00e9tica de alto rendimiento<\/p>\n<p>&#8211; Combinaciones de todas las herramientas<\/p>\n<\/div>\n\t\t\t\t<\/div>\n\t\t\t\t\t\t\t<div class=\"elementor-accordion-item\">\n\t\t\t\t\t<div id=\"elementor-tab-title-1214\" class=\"elementor-tab-title\" data-tab=\"4\" role=\"button\" aria-controls=\"elementor-tab-content-1214\" aria-expanded=\"false\">\n\t\t\t\t\t\t\t\t\t\t\t\t\t<span class=\"elementor-accordion-icon elementor-accordion-icon-left\" aria-hidden=\"true\">\n\t\t\t\t\t\t\t\t\t\t\t\t\t\t\t<span class=\"elementor-accordion-icon-closed\"><i class=\"fas fa-plus\"><\/i><\/span>\n\t\t\t\t\t\t\t\t<span class=\"elementor-accordion-icon-opened\"><i class=\"fas fa-minus\"><\/i><\/span>\n\t\t\t\t\t\t\t\t\t\t\t\t\t\t<\/span>\n\t\t\t\t\t\t\t\t\t\t\t\t<a class=\"elementor-accordion-title\" tabindex=\"0\">Accesorios<\/a>\n\t\t\t\t\t<\/div>\n\t\t\t\t\t<div id=\"elementor-tab-content-1214\" class=\"elementor-tab-content elementor-clearfix\" data-tab=\"4\" role=\"region\" aria-labelledby=\"elementor-tab-title-1214\"><p>Los accesorios de la herramienta para cerdos pueden cambiarse en funci\u00f3n del tipo y el estado de la tuber\u00eda. Disponemos de una amplia gama de accesorios personalizados:<\/p>\n<p>&#8211; Jaula especial para proteger los transmisores de Pigging<\/p>\n<\/p>\n<p>&#8211; Nariz de ara\u00f1a para suspensi\u00f3n de residuos y desv\u00edo de flujo<\/p>\n<\/p>\n<p>&#8211; Receptor y transmisor porcino de alta calidad<\/p>\n<\/p>\n<p>&#8211; Sistema de seguimiento de cerdos por sat\u00e9lite de alta calidad<\/p>\n<\/p>\n<p>&#8211; Estaciones port\u00e1tiles para el seguimiento del sistema<\/p>\n<\/div>\n\t\t\t\t<\/div>\n\t\t\t\t\t\t\t\t<\/div>\n\t\t\t\t<\/div>\n\t\t\t\t<\/div>\n\t\t\t\t\t<\/div>\n\t\t<\/div>\n\t\t\t\t<div class=\"elementor-column elementor-col-33 elementor-top-column elementor-element elementor-element-4718e352\" data-id=\"4718e352\" data-element_type=\"column\">\n\t\t\t<div class=\"elementor-widget-wrap elementor-element-populated\">\n\t\t\t\t\t\t<div class=\"elementor-element elementor-element-48169283 elementor-widget elementor-widget-heading\" data-id=\"48169283\" data-element_type=\"widget\" data-widget_type=\"heading.default\">\n\t\t\t\t<div class=\"elementor-widget-container\">\n\t\t\t<h3 class='heading-left  divider-sm'  style=\"color:#000000\"><span>Especificaciones t\u00e9cnicas<\/span><\/h3>\t\t<\/div>\n\t\t\t\t<\/div>\n\t\t\t\t<div class=\"elementor-element elementor-element-6f00a261 elementor-widget elementor-widget-text-editor\" data-id=\"6f00a261\" data-element_type=\"widget\" data-widget_type=\"text-editor.default\">\n\t\t\t\t<div class=\"elementor-widget-container\">\n\t\t\t\t\t\t\t<table style=\"height: 342px;\" width=\"225\">\n<tbody>\n<tr>\n<td width=\"343\">\n<p>Tipo de producto<\/p>\n<\/td>\n<td width=\"354\">\n<p>Gas o Petroluem<\/p>\n<\/td>\n<\/tr>\n<tr>\n<td width=\"343\">\n<p>Tama\u00f1os disponibles<\/p>\n<\/td>\n<td width=\"354\">\n<p>2&#8243; &#8211; 64&#8243;<\/p>\n<\/td>\n<\/tr>\n<tr>\n<td width=\"343\">\n<p>Velocidad de funcionamiento<\/p>\n<\/td>\n<td width=\"354\">\n<p>Hasta 10 m\/s<\/p>\n<\/td>\n<\/tr>\n<tr>\n<td width=\"343\">\n<p>Radio de curvatura m\u00ednimo\/m\u00e1ximo de la tuber\u00eda<\/p>\n<\/td>\n<td width=\"354\">\n<p>De 3D a 5D<\/p>\n<\/td>\n<\/tr>\n<tr>\n<td width=\"343\">\n<p>Rango de temperatura<\/p>\n<\/td>\n<td width=\"354\">\n<p>-40\u00b0C a +80\u00b0C<\/p>\n<\/td>\n<\/tr>\n<tr>\n<td width=\"343\">\n<p>Alcance de las operaciones<\/p>\n<\/td>\n<td width=\"354\">\n<p>Hasta 150 bar<\/p>\n<\/td>\n<\/tr>\n<\/tbody>\n<\/table>\n\t\t\t\t\t\t<\/div>\n\t\t\t\t<\/div>\n\t\t\t\t\t<\/div>\n\t\t<\/div>\n\t\t\t\t\t<\/div>\n\t\t<\/section>\n\t\t\t\t<section class=\"elementor-section elementor-top-section elementor-element elementor-element-fd577a6 elementor-section-boxed elementor-section-height-default elementor-section-height-default\" data-id=\"fd577a6\" data-element_type=\"section\">\n\t\t\t\t\t\t<div class=\"elementor-container elementor-column-gap-default\">\n\t\t\t\t\t<div class=\"elementor-column elementor-col-100 elementor-top-column elementor-element elementor-element-3b12cf1\" data-id=\"3b12cf1\" data-element_type=\"column\">\n\t\t\t<div class=\"elementor-widget-wrap elementor-element-populated\">\n\t\t\t\t\t\t<div class=\"elementor-element elementor-element-991d40a elementor-widget elementor-widget-button\" data-id=\"991d40a\" data-element_type=\"widget\" data-widget_type=\"button.default\">\n\t\t\t\t<div class=\"elementor-widget-container\">\n\t\t\t<a id=button-id-0 target=_blank href=https:\/\/notronpipeline.com\/wp-content\/uploads\/NotronPipelinePIG.pdf class=\"btn  \" style=><i class='fa far fa-arrow-alt-circle-down'><\/i> DESCARGUE NUESTRO FOLLETO DE PORCINO<\/a>\t\t<\/div>\n\t\t\t\t<\/div>\n\t\t\t\t\t<\/div>\n\t\t<\/div>\n\t\t\t\t\t<\/div>\n\t\t<\/section>\n\t\t\t\t<\/div>\n\t\t","protected":false},"excerpt":{"rendered":"<p>Medidor de Inspecci\u00f3n de Tuber\u00eda Para Pigging de Tuber\u00eda Perfil de los cerdos Los PIGs de perfil (placa de calibre\/curvado) son materiales que se utilizan y producen para determinar si las abolladuras, ovalidades y di\u00e1metros de giro de las tuber\u00edas &hellip;<\/p>\n","protected":false},"author":1,"featured_media":0,"parent":0,"menu_order":0,"comment_status":"closed","ping_status":"closed","template":"","meta":{"footnotes":""},"class_list":["post-2675","page","type-page","status-publish","hentry"],"_links":{"self":[{"href":"https:\/\/notronpipeline.com\/es\/wp-json\/wp\/v2\/pages\/2675","targetHints":{"allow":["GET"]}}],"collection":[{"href":"https:\/\/notronpipeline.com\/es\/wp-json\/wp\/v2\/pages"}],"about":[{"href":"https:\/\/notronpipeline.com\/es\/wp-json\/wp\/v2\/types\/page"}],"author":[{"embeddable":true,"href":"https:\/\/notronpipeline.com\/es\/wp-json\/wp\/v2\/users\/1"}],"replies":[{"embeddable":true,"href":"https:\/\/notronpipeline.com\/es\/wp-json\/wp\/v2\/comments?post=2675"}],"version-history":[{"count":15,"href":"https:\/\/notronpipeline.com\/es\/wp-json\/wp\/v2\/pages\/2675\/revisions"}],"predecessor-version":[{"id":7053,"href":"https:\/\/notronpipeline.com\/es\/wp-json\/wp\/v2\/pages\/2675\/revisions\/7053"}],"wp:attachment":[{"href":"https:\/\/notronpipeline.com\/es\/wp-json\/wp\/v2\/media?parent=2675"}],"curies":[{"name":"wp","href":"https:\/\/api.w.org\/{rel}","templated":true}]}}