{"id":2678,"date":"2022-12-02T09:12:20","date_gmt":"2022-12-02T09:12:20","guid":{"rendered":"https:\/\/notronpipeline.com\/politica-de-sistemas-integrados-de-gestion\/"},"modified":"2023-04-04T13:32:52","modified_gmt":"2023-04-04T13:32:52","slug":"politica-de-sistemas-integrados-de-gestion","status":"publish","type":"page","link":"https:\/\/notronpipeline.com\/es\/politica-de-sistemas-integrados-de-gestion\/","title":{"rendered":"Pol\u00edtica de Sistemas Integrados de Gesti\u00f3n"},"content":{"rendered":"\t\t<div data-elementor-type=\"wp-page\" data-elementor-id=\"2678\" class=\"elementor elementor-2678 elementor-1997\">\n\t\t\t\t\t\t<section class=\"elementor-section elementor-top-section elementor-element elementor-element-08be37b elementor-section-boxed elementor-section-height-default elementor-section-height-default\" data-id=\"08be37b\" data-element_type=\"section\">\n\t\t\t\t\t\t<div class=\"elementor-container elementor-column-gap-default\">\n\t\t\t\t\t<div class=\"elementor-column elementor-col-100 elementor-top-column elementor-element elementor-element-4c8adfd\" data-id=\"4c8adfd\" data-element_type=\"column\">\n\t\t\t<div class=\"elementor-widget-wrap\">\n\t\t\t\t\t\t\t<\/div>\n\t\t<\/div>\n\t\t\t\t\t<\/div>\n\t\t<\/section>\n\t\t\t\t<section class=\"elementor-section elementor-top-section elementor-element elementor-element-69fd3d4 elementor-section-boxed elementor-section-height-default elementor-section-height-default\" data-id=\"69fd3d4\" data-element_type=\"section\">\n\t\t\t\t\t\t<div class=\"elementor-container elementor-column-gap-default\">\n\t\t\t\t\t<div class=\"elementor-column elementor-col-100 elementor-top-column elementor-element elementor-element-a5fc655\" data-id=\"a5fc655\" data-element_type=\"column\">\n\t\t\t<div class=\"elementor-widget-wrap elementor-element-populated\">\n\t\t\t\t\t\t<div class=\"elementor-element elementor-element-358b0bf elementor-widget elementor-widget-heading\" data-id=\"358b0bf\" data-element_type=\"widget\" data-widget_type=\"heading.default\">\n\t\t\t\t<div class=\"elementor-widget-container\">\n\t\t\t<h3 class='heading-left  divider-sm'  style=\"color:#000000\"><span>POL\u00cdTICA DE SISTEMAS DE GESTI\u00d3N INTEGRADOS (Calidad, Medio Ambiente, Salud y Seguridad Laboral y Energ\u00eda)<\/span><\/h3>\t\t<\/div>\n\t\t\t\t<\/div>\n\t\t\t\t<div class=\"elementor-element elementor-element-1113a30 elementor-widget elementor-widget-text-editor\" data-id=\"1113a30\" data-element_type=\"widget\" data-widget_type=\"text-editor.default\">\n\t\t\t\t<div class=\"elementor-widget-container\">\n\t\t\t\t\t\t\t<ul>\n<li>\n<p>NOTRON MACHINERY INC. aspecto; Creemos que el \u00e9xito continuo y duradero ser\u00e1 asegurado por la implementaci\u00f3n, mantenimiento y mejora continua de los sistemas de gesti\u00f3n.<\/p>\n<p>Porque s\u00ed,<\/p>\n<ul>\n<li>Mejorar continuamente todos nuestros procesos gestionando eficazmente los riesgos y las oportunidades,<\/li>\n<li>Cumplir las expectativas de nuestros clientes y aumentar su satisfacci\u00f3n,<\/li>\n<li>Llevar a cabo todas nuestras actividades de conformidad con los requisitos legales nacionales e internacionales,<\/li>\n<li>Difundir la concienciaci\u00f3n sobre Calidad, PRL y Medio Ambiente a todas nuestras partes interesadas, especialmente a nuestros empleados,<\/li>\n<li>Mejorar continuamente el rendimiento de los sistemas de gesti\u00f3n,<\/li>\n<li>Crear un entorno de trabajo sano y seguro teniendo en cuenta los peligros para la salud y la seguridad en el trabajo y gestionando los riesgos,<\/li>\n<li>Para prevenir lesiones y el deterioro de la salud,<\/li>\n<li>Consultar y garantizar la participaci\u00f3n de los trabajadores y sus representantes,<\/li>\n<li>Proteger el medio ambiente, prevenir la contaminaci\u00f3n en su origen teniendo en cuenta la dimensi\u00f3n medioambiental de todas nuestras actividades,<\/li>\n<li>Proteger el medio ambiente, prevenir la contaminaci\u00f3n en su origen teniendo en cuenta la dimensi\u00f3n medioambiental de todas nuestras actividades,<\/li>\n<li>Mantener la eficiencia al m\u00e1ximo nivel durante las actividades de producci\u00f3n de energ\u00eda,<\/li>\n<li>Mantener al m\u00ednimo los recursos energ\u00e9ticos para la producci\u00f3n de energ\u00eda, desarrollar proyectos para reducir los recursos energ\u00e9ticos y mejorarlos continuamente,<\/li>\n<li>Ser sensibles al calentamiento global y al cambio clim\u00e1tico y tomar precauciones,<\/li>\n<li>Gestionar las actividades de compra y dise\u00f1o de acuerdo con la eficiencia energ\u00e9tica,<\/li>\n<li>Convertir los residuos generados en el proceso de producci\u00f3n en energ\u00eda \u00fatil,<\/li>\n<\/ul>\n<p>estamos comprometidos.<\/p>\n<p>Serkan \u0130MA<\/p>\n<p>N\u00d6TRON MAKI\u0307NE A.\u015e.<\/p>\n<p>DIRECTOR GENERAL<\/p>\n<\/li>\n<\/ul>\n\t\t\t\t\t\t<\/div>\n\t\t\t\t<\/div>\n\t\t\t\t\t<\/div>\n\t\t<\/div>\n\t\t\t\t\t<\/div>\n\t\t<\/section>\n\t\t\t\t<\/div>\n\t\t","protected":false},"excerpt":{"rendered":"<p>POL\u00cdTICA DE SISTEMAS DE GESTI\u00d3N INTEGRADOS (Calidad, Medio Ambiente, Salud y Seguridad Laboral y Energ\u00eda) NOTRON MACHINERY INC. aspecto; Creemos que el \u00e9xito continuo y duradero ser\u00e1 asegurado por la implementaci\u00f3n, mantenimiento y mejora continua de los sistemas de gesti\u00f3n. &hellip;<\/p>\n","protected":false},"author":2,"featured_media":0,"parent":0,"menu_order":0,"comment_status":"closed","ping_status":"closed","template":"","meta":{"footnotes":""},"class_list":["post-2678","page","type-page","status-publish","hentry"],"_links":{"self":[{"href":"https:\/\/notronpipeline.com\/es\/wp-json\/wp\/v2\/pages\/2678","targetHints":{"allow":["GET"]}}],"collection":[{"href":"https:\/\/notronpipeline.com\/es\/wp-json\/wp\/v2\/pages"}],"about":[{"href":"https:\/\/notronpipeline.com\/es\/wp-json\/wp\/v2\/types\/page"}],"author":[{"embeddable":true,"href":"https:\/\/notronpipeline.com\/es\/wp-json\/wp\/v2\/users\/2"}],"replies":[{"embeddable":true,"href":"https:\/\/notronpipeline.com\/es\/wp-json\/wp\/v2\/comments?post=2678"}],"version-history":[{"count":3,"href":"https:\/\/notronpipeline.com\/es\/wp-json\/wp\/v2\/pages\/2678\/revisions"}],"predecessor-version":[{"id":2713,"href":"https:\/\/notronpipeline.com\/es\/wp-json\/wp\/v2\/pages\/2678\/revisions\/2713"}],"wp:attachment":[{"href":"https:\/\/notronpipeline.com\/es\/wp-json\/wp\/v2\/media?parent=2678"}],"curies":[{"name":"wp","href":"https:\/\/api.w.org\/{rel}","templated":true}]}}