{"id":2680,"date":"2020-03-16T13:11:00","date_gmt":"2020-03-16T13:11:00","guid":{"rendered":"https:\/\/notronpipeline.com\/marcadores\/"},"modified":"2025-06-24T09:46:47","modified_gmt":"2025-06-24T09:46:47","slug":"bola-marcadora-electronica","status":"publish","type":"page","link":"https:\/\/notronpipeline.com\/es\/bola-marcadora-electronica\/","title":{"rendered":"Bola Marcadora Electr\u00f3nica"},"content":{"rendered":"\t\t<div data-elementor-type=\"wp-page\" data-elementor-id=\"2680\" class=\"elementor elementor-2680 elementor-114\">\n\t\t\t\t\t\t<section class=\"elementor-section elementor-top-section elementor-element elementor-element-3711ad03 elementor-section-boxed elementor-section-height-default elementor-section-height-default\" data-id=\"3711ad03\" data-element_type=\"section\">\n\t\t\t\t\t\t<div class=\"elementor-container elementor-column-gap-default\">\n\t\t\t\t\t<div class=\"elementor-column elementor-col-100 elementor-top-column elementor-element elementor-element-13581c81\" data-id=\"13581c81\" data-element_type=\"column\">\n\t\t\t<div class=\"elementor-widget-wrap elementor-element-populated\">\n\t\t\t\t\t\t<div class=\"elementor-element elementor-element-ba2061f elementor-widget elementor-widget-gallery_slider\" data-id=\"ba2061f\" data-element_type=\"widget\" data-widget_type=\"gallery_slider.default\">\n\t\t\t\t<div class=\"elementor-widget-container\">\n\t\t\t<div class=\"gallery-fs\"><figure><img decoding=\"async\" src=\"https:\/\/notronpipeline.com\/wp-content\/uploads\/marker-1-1-rotated.jpg\" alt=\"\"><\/figure><div class=\"gallery-fs-nav\"><button class=\"gallery-fs-fullscreen\"><i class=\"fa fa-arrows-alt\"><\/i><\/button><\/div><div class=\"gallery-fs-thumbnails gallery-fs-thumbnails-col-5 owl-carousel owl-loaded\"><a href='https:\/\/notronpipeline.com\/wp-content\/uploads\/marker-1-1-rotated.jpg' data-caption='markers' title='marker (1)' class=\"selected\"><img class='attachment-anps-gallery-thumb size-anps-gallery-thumb' src=https:\/\/notronpipeline.com\/wp-content\/uploads\/marker-1-1-rotated.jpg sizes='(max-width: 280px) 100vw, 280px' width='280' height='158'><\/a><a href='https:\/\/notronpipeline.com\/wp-content\/uploads\/ANKA7716-Large.jpg' data-caption='markers' title='markers'><img class='attachment-anps-gallery-thumb size-anps-gallery-thumb' src=https:\/\/notronpipeline.com\/wp-content\/uploads\/ANKA7716-Large.jpg sizes='(max-width: 280px) 100vw, 280px' width='280' height='158'><\/a><\/div><\/div>\t\t<\/div>\n\t\t\t\t<\/div>\n\t\t\t\t\t<\/div>\n\t\t<\/div>\n\t\t\t\t\t<\/div>\n\t\t<\/section>\n\t\t\t\t<section class=\"elementor-section elementor-top-section elementor-element elementor-element-f8d0580 elementor-section-boxed elementor-section-height-default elementor-section-height-default\" data-id=\"f8d0580\" data-element_type=\"section\">\n\t\t\t\t\t\t<div class=\"elementor-container elementor-column-gap-default\">\n\t\t\t\t\t<div class=\"elementor-column elementor-col-100 elementor-top-column elementor-element elementor-element-a4f8ffd\" data-id=\"a4f8ffd\" data-element_type=\"column\">\n\t\t\t<div class=\"elementor-widget-wrap elementor-element-populated\">\n\t\t\t\t\t\t<div class=\"elementor-element elementor-element-2b928a2 elementor-widget elementor-widget-video\" data-id=\"2b928a2\" data-element_type=\"widget\" data-settings=\"{&quot;youtube_url&quot;:&quot;https:\\\/\\\/www.youtube.com\\\/watch?v=Hff0qfhZDHU&quot;,&quot;video_type&quot;:&quot;youtube&quot;,&quot;controls&quot;:&quot;yes&quot;}\" data-widget_type=\"video.default\">\n\t\t\t\t<div class=\"elementor-widget-container\">\n\t\t\t\t\t<div class=\"elementor-wrapper elementor-open-inline\">\n\t\t\t<div class=\"elementor-video\"><\/div>\t\t<\/div>\n\t\t\t\t<\/div>\n\t\t\t\t<\/div>\n\t\t\t\t\t<\/div>\n\t\t<\/div>\n\t\t\t\t\t<\/div>\n\t\t<\/section>\n\t\t\t\t<section class=\"elementor-section elementor-top-section elementor-element elementor-element-6aa126a7 elementor-section-boxed elementor-section-height-default elementor-section-height-default\" data-id=\"6aa126a7\" data-element_type=\"section\">\n\t\t\t\t\t\t<div class=\"elementor-container elementor-column-gap-default\">\n\t\t\t\t\t<div class=\"elementor-column elementor-col-100 elementor-top-column elementor-element elementor-element-4af54113\" data-id=\"4af54113\" data-element_type=\"column\">\n\t\t\t<div class=\"elementor-widget-wrap elementor-element-populated\">\n\t\t\t\t\t\t<div class=\"elementor-element elementor-element-35123406 elementor-widget elementor-widget-heading\" data-id=\"35123406\" data-element_type=\"widget\" data-widget_type=\"heading.default\">\n\t\t\t\t<div class=\"elementor-widget-container\">\n\t\t\t<h3 class='heading-left  divider-sm'  style=\"color:#000000\"><span>Bola Marcadora Electr\u00f3nica<\/span><\/h3>\t\t<\/div>\n\t\t\t\t<\/div>\n\t\t\t\t<div class=\"elementor-element elementor-element-54ce72a elementor-widget elementor-widget-text-editor\" data-id=\"54ce72a\" data-element_type=\"widget\" data-widget_type=\"text-editor.default\">\n\t\t\t\t<div class=\"elementor-widget-container\">\n\t\t\t\t\t\t\t<p>Los Bola Marcadora Electr\u00f3nica se utilizan para se\u00f1alar e indicar que hay una tuber\u00eda de gas natural, una tuber\u00eda de petr\u00f3leo o cualquier otra tuber\u00eda espec\u00edfica enterrada bajo tierra. Los marcadores se utilizan como se\u00f1al de advertencia para evitar da\u00f1os y proteger la zona circundante a la tuber\u00eda.<\/p>\t\t\t\t\t\t<\/div>\n\t\t\t\t<\/div>\n\t\t\t\t\t<\/div>\n\t\t<\/div>\n\t\t\t\t\t<\/div>\n\t\t<\/section>\n\t\t\t\t<section class=\"elementor-section elementor-top-section elementor-element elementor-element-3c2e602a elementor-section-boxed elementor-section-height-default elementor-section-height-default\" data-id=\"3c2e602a\" data-element_type=\"section\">\n\t\t\t\t\t\t<div class=\"elementor-container elementor-column-gap-default\">\n\t\t\t\t\t<div class=\"elementor-column elementor-col-66 elementor-top-column elementor-element elementor-element-3d757178\" data-id=\"3d757178\" data-element_type=\"column\">\n\t\t\t<div class=\"elementor-widget-wrap elementor-element-populated\">\n\t\t\t\t\t\t<div class=\"elementor-element elementor-element-65f72c8f elementor-widget elementor-widget-heading\" data-id=\"65f72c8f\" data-element_type=\"widget\" data-widget_type=\"heading.default\">\n\t\t\t\t<div class=\"elementor-widget-container\">\n\t\t\t<h3 class='heading-left  divider-sm'  style=\"color:#000000\"><span>Resumen<\/span><\/h3>\t\t<\/div>\n\t\t\t\t<\/div>\n\t\t\t\t<div class=\"elementor-element elementor-element-fcfeae5 elementor-widget elementor-widget-text-editor\" data-id=\"fcfeae5\" data-element_type=\"widget\" data-widget_type=\"text-editor.default\">\n\t\t\t\t<div class=\"elementor-widget-container\">\n\t\t\t\t\t\t\t<ul><li>Profundidad de funcionamiento: &gt;1,5 m en la mayor\u00eda de los tipos de suelo.<\/li><li>Material del envase: Polietileno de alta densidad<ul><li>Duradero<\/li><li>Reutilizable<\/li><li>Reciclable al final de su vida \u00fatil<\/li><\/ul><\/li><li>Lazos de amarre resistentes y moldeados<\/li><li>Se suministra en cajas de 30 marcadores<\/li><li>Peso: 145 gr<\/li><li>Sin fluidos peligrosos<\/li><li>Utilice el Marcador Omni para marcar y encontrar:<ul><li>empalmes enterrados y bobinas de carga<\/li><li>ca\u00eddas del servicio enterrado<\/li><li>extremos de tubo<\/li><li>tubos de derivaci\u00f3n<\/li><li>cruces de carreteras<\/li><li>recorrido de los cables<\/li><li>instalaciones de fibra \u00f3ptica<\/li><li>pozos de registro bajo pavimento o cambios de rasante<\/li><li>instalaciones cubiertas de nieve<\/li><li>alijos militares<\/li><li>puntos de la encuesta<\/li><li>instalaciones s\u00e9pticas<\/li><li>puntos de reparaci\u00f3n<\/li><li>l\u00edneas no met\u00e1licas<\/li><\/ul><\/li><\/ul>\t\t\t\t\t\t<\/div>\n\t\t\t\t<\/div>\n\t\t\t\t\t<\/div>\n\t\t<\/div>\n\t\t\t\t<div class=\"elementor-column elementor-col-33 elementor-top-column elementor-element elementor-element-671b6d44\" data-id=\"671b6d44\" data-element_type=\"column\">\n\t\t\t<div class=\"elementor-widget-wrap elementor-element-populated\">\n\t\t\t\t\t\t<div class=\"elementor-element elementor-element-171b6a1c elementor-widget elementor-widget-heading\" data-id=\"171b6a1c\" data-element_type=\"widget\" data-widget_type=\"heading.default\">\n\t\t\t\t<div class=\"elementor-widget-container\">\n\t\t\t<h3 class='heading-left  divider-sm'  style=\"color:#000000\"><span>Especificaciones<\/span><\/h3>\t\t<\/div>\n\t\t\t\t<\/div>\n\t\t\t\t<div class=\"elementor-element elementor-element-6db0d94f elementor-widget elementor-widget-text-editor\" data-id=\"6db0d94f\" data-element_type=\"widget\" data-widget_type=\"text-editor.default\">\n\t\t\t\t<div class=\"elementor-widget-container\">\n\t\t\t\t\t\t\t<table class=\"tempo-docs\">\n<tbody class=\"tempo-docs__body\">\n<tr class=\"tempo-docs__row\">\n<td class=\"tempo-docs__col\">\n  <span class=\"text text--simple\">Aplicaci\u00f3n<\/span>\n<\/td>\n<td class=\"tempo-docs__col\">\n  <span class=\"text text--simple\">Para marcar electr\u00f3nicamente ubicaciones clave en servicios p\u00fablicos enterrados<\/span>\n<\/td>\n<\/tr>\n<tr class=\"tempo-docs__row\">\n<td class=\"tempo-docs__col\">\n  <span class=\"text text--simple\">Peso<\/span>\n<\/td>\n<td class=\"tempo-docs__col\">\n  <span class=\"text text--simple\">145 gr<\/span>\n<\/td>\n<\/tr>\n<tr class=\"tempo-docs__row\">\n<td class=\"tempo-docs__col\">\n  <span class=\"text text--simple\">Unidad de suministro<\/span>\n<\/td>\n<td class=\"tempo-docs__col\">\n  <span class=\"text text--simple\">Una caja contiene 30 marcadores<\/span>\n<\/td>\n<\/tr>\n<tr class=\"tempo-docs__row\">\n<td class=\"tempo-docs__col\">\n  <span class=\"text text--simple\">Di\u00e1metro m\u00ednimo<\/span>\n<\/td>\n<td class=\"tempo-docs__col\">\n  <span class=\"text text--simple\">104 mm<\/span>\n<\/td>\n<\/tr>\n<tr class=\"tempo-docs__row\">\n<td class=\"tempo-docs__col\">\n  <span class=\"text text--simple\">Medida m\u00e1s ancha (de etiqueta a etiqueta)<\/span>\n<\/td>\n<td class=\"tempo-docs__col\">\n  <span class=\"text text--simple\">114 mm<\/span>\n<\/td>\n<\/tr>\n<tr class=\"tempo-docs__row\">\n<td class=\"tempo-docs__col\">\n  <span class=\"text text--simple\">Material del cuerpo<\/span>\n<\/td>\n<td class=\"tempo-docs__col\">\n  <span class=\"text text--simple\">Polietileno de alta densidad (HDPE), soldado por fusi\u00f3n<\/span>\n<\/td>\n<\/tr>\n<tr class=\"tempo-docs__row\">\n<td class=\"tempo-docs__col\">\n  <span class=\"text text--simple\">Vida \u00fatil prevista<\/span>\n<\/td>\n<td class=\"tempo-docs__col\">\n  <span class=\"text text--simple\">&gt;40 a\u00f1os si se instala correctamente<\/span>\n<\/td>\n<\/tr>\n<\/tbody>\n<\/table>\n\t\t\t\t\t\t<\/div>\n\t\t\t\t<\/div>\n\t\t\t\t\t<\/div>\n\t\t<\/div>\n\t\t\t\t\t<\/div>\n\t\t<\/section>\n\t\t\t\t<section class=\"elementor-section elementor-top-section elementor-element elementor-element-cd33c47 elementor-section-boxed elementor-section-height-default elementor-section-height-default\" data-id=\"cd33c47\" data-element_type=\"section\">\n\t\t\t\t\t\t<div class=\"elementor-container elementor-column-gap-default\">\n\t\t\t\t\t<div class=\"elementor-column elementor-col-100 elementor-top-column elementor-element elementor-element-4398564\" data-id=\"4398564\" data-element_type=\"column\">\n\t\t\t<div class=\"elementor-widget-wrap elementor-element-populated\">\n\t\t\t\t\t\t<div class=\"elementor-element elementor-element-8606e79 elementor-widget__width-inherit elementor-widget elementor-widget-button\" data-id=\"8606e79\" data-element_type=\"widget\" data-widget_type=\"button.default\">\n\t\t\t\t<div class=\"elementor-widget-container\">\n\t\t\t<a id=button-id-0 target=_new href=https:\/\/notronpipeline.com\/wp-content\/uploads\/notron_marker_english.pdf class=\"btn   btn-lg\" style=><i class='fa far fa-arrow-alt-circle-down'><\/i> Descargue nuestro folleto sobre marcadores<\/a>\t\t<\/div>\n\t\t\t\t<\/div>\n\t\t\t\t\t<\/div>\n\t\t<\/div>\n\t\t\t\t\t<\/div>\n\t\t<\/section>\n\t\t\t\t<\/div>\n\t\t","protected":false},"excerpt":{"rendered":"<p>Bola Marcadora Electr\u00f3nica Los Bola Marcadora Electr\u00f3nica se utilizan para se\u00f1alar e indicar que hay una tuber\u00eda de gas natural, una tuber\u00eda de petr\u00f3leo o cualquier otra tuber\u00eda espec\u00edfica enterrada bajo tierra. Los marcadores se utilizan como se\u00f1al de advertencia &hellip;<\/p>\n","protected":false},"author":1,"featured_media":0,"parent":0,"menu_order":0,"comment_status":"closed","ping_status":"closed","template":"","meta":{"footnotes":""},"class_list":["post-2680","page","type-page","status-publish","hentry"],"_links":{"self":[{"href":"https:\/\/notronpipeline.com\/es\/wp-json\/wp\/v2\/pages\/2680","targetHints":{"allow":["GET"]}}],"collection":[{"href":"https:\/\/notronpipeline.com\/es\/wp-json\/wp\/v2\/pages"}],"about":[{"href":"https:\/\/notronpipeline.com\/es\/wp-json\/wp\/v2\/types\/page"}],"author":[{"embeddable":true,"href":"https:\/\/notronpipeline.com\/es\/wp-json\/wp\/v2\/users\/1"}],"replies":[{"embeddable":true,"href":"https:\/\/notronpipeline.com\/es\/wp-json\/wp\/v2\/comments?post=2680"}],"version-history":[{"count":9,"href":"https:\/\/notronpipeline.com\/es\/wp-json\/wp\/v2\/pages\/2680\/revisions"}],"predecessor-version":[{"id":7004,"href":"https:\/\/notronpipeline.com\/es\/wp-json\/wp\/v2\/pages\/2680\/revisions\/7004"}],"wp:attachment":[{"href":"https:\/\/notronpipeline.com\/es\/wp-json\/wp\/v2\/media?parent=2680"}],"curies":[{"name":"wp","href":"https:\/\/api.w.org\/{rel}","templated":true}]}}