{"id":2689,"date":"2022-12-01T21:30:51","date_gmt":"2022-12-01T21:30:51","guid":{"rendered":"https:\/\/notronpipeline.com\/nuestra-politica-de-calidad\/"},"modified":"2023-04-04T13:08:06","modified_gmt":"2023-04-04T13:08:06","slug":"nuestra-politica-de-calidad","status":"publish","type":"page","link":"https:\/\/notronpipeline.com\/es\/nuestra-politica-de-calidad\/","title":{"rendered":"Nuestra pol\u00edtica de calidad"},"content":{"rendered":"\t\t<div data-elementor-type=\"wp-page\" data-elementor-id=\"2689\" class=\"elementor elementor-2689 elementor-1993\">\n\t\t\t\t\t\t<section class=\"elementor-section elementor-top-section elementor-element elementor-element-08be37b elementor-section-boxed elementor-section-height-default elementor-section-height-default\" data-id=\"08be37b\" data-element_type=\"section\">\n\t\t\t\t\t\t<div class=\"elementor-container elementor-column-gap-default\">\n\t\t\t\t\t<div class=\"elementor-column elementor-col-100 elementor-top-column elementor-element elementor-element-4c8adfd\" data-id=\"4c8adfd\" data-element_type=\"column\">\n\t\t\t<div class=\"elementor-widget-wrap\">\n\t\t\t\t\t\t\t<\/div>\n\t\t<\/div>\n\t\t\t\t\t<\/div>\n\t\t<\/section>\n\t\t\t\t<section class=\"elementor-section elementor-top-section elementor-element elementor-element-7c5aea0 elementor-section-boxed elementor-section-height-default elementor-section-height-default\" data-id=\"7c5aea0\" data-element_type=\"section\">\n\t\t\t\t\t\t<div class=\"elementor-container elementor-column-gap-default\">\n\t\t\t\t\t<div class=\"elementor-column elementor-col-50 elementor-top-column elementor-element elementor-element-620fbc6\" data-id=\"620fbc6\" data-element_type=\"column\">\n\t\t\t<div class=\"elementor-widget-wrap elementor-element-populated\">\n\t\t\t\t\t\t<div class=\"elementor-element elementor-element-58262c3 elementor-widget elementor-widget-heading\" data-id=\"58262c3\" data-element_type=\"widget\" data-widget_type=\"heading.default\">\n\t\t\t\t<div class=\"elementor-widget-container\">\n\t\t\t<h3 class='heading-left  divider-sm'  style=\"color:#000000\"><span>NUESTRA VISI\u00d3N<\/span><\/h3>\t\t<\/div>\n\t\t\t\t<\/div>\n\t\t\t\t<div class=\"elementor-element elementor-element-d856d18 elementor-widget elementor-widget-text-editor\" data-id=\"d856d18\" data-element_type=\"widget\" data-widget_type=\"text-editor.default\">\n\t\t\t\t<div class=\"elementor-widget-container\">\n\t\t\t\t\t\t\t<p class=\"Stil1\">Bas\u00e1ndonos en las normas de \u00e9tica empresarial del sector en el que operamos, pretendemos prestar nuestros servicios entendiendo la m\u00e1xima satisfacci\u00f3n del cliente y ganarnos un buen lugar en nuestro sector.<\/p>\n\t\t\t\t\t\t<\/div>\n\t\t\t\t<\/div>\n\t\t\t\t\t<\/div>\n\t\t<\/div>\n\t\t\t\t<div class=\"elementor-column elementor-col-50 elementor-top-column elementor-element elementor-element-12bb945\" data-id=\"12bb945\" data-element_type=\"column\">\n\t\t\t<div class=\"elementor-widget-wrap elementor-element-populated\">\n\t\t\t\t\t\t<div class=\"elementor-element elementor-element-981009e elementor-widget elementor-widget-heading\" data-id=\"981009e\" data-element_type=\"widget\" data-widget_type=\"heading.default\">\n\t\t\t\t<div class=\"elementor-widget-container\">\n\t\t\t<h3 class='heading-left  divider-sm'  style=\"color:#000000\"><span>NUESTRA MISI\u00d3N<\/span><\/h3>\t\t<\/div>\n\t\t\t\t<\/div>\n\t\t\t\t<div class=\"elementor-element elementor-element-ab56b04 elementor-widget elementor-widget-text-editor\" data-id=\"ab56b04\" data-element_type=\"widget\" data-widget_type=\"text-editor.default\">\n\t\t\t\t<div class=\"elementor-widget-container\">\n\t\t\t\t\t\t\t<p class=\"Stil1\">Aumentaremos la calidad del servicio que prestamos con nuestro personal, que asimila la importancia del trabajo en equipo, y crearemos una estructura interna que pueda servir a nuestros clientes en funci\u00f3n de sus necesidades y que tenga como objetivo el desarrollo continuo.<\/p>\n\t\t\t\t\t\t<\/div>\n\t\t\t\t<\/div>\n\t\t\t\t\t<\/div>\n\t\t<\/div>\n\t\t\t\t\t<\/div>\n\t\t<\/section>\n\t\t\t\t<section class=\"elementor-section elementor-top-section elementor-element elementor-element-69fd3d4 elementor-section-boxed elementor-section-height-default elementor-section-height-default\" data-id=\"69fd3d4\" data-element_type=\"section\">\n\t\t\t\t\t\t<div class=\"elementor-container elementor-column-gap-default\">\n\t\t\t\t\t<div class=\"elementor-column elementor-col-100 elementor-top-column elementor-element elementor-element-a5fc655\" data-id=\"a5fc655\" data-element_type=\"column\">\n\t\t\t<div class=\"elementor-widget-wrap elementor-element-populated\">\n\t\t\t\t\t\t<div class=\"elementor-element elementor-element-358b0bf elementor-widget elementor-widget-heading\" data-id=\"358b0bf\" data-element_type=\"widget\" data-widget_type=\"heading.default\">\n\t\t\t\t<div class=\"elementor-widget-container\">\n\t\t\t<h3 class='heading-left  divider-sm'  style=\"color:#000000\"><span>POL\u00cdTICA<\/span><\/h3>\t\t<\/div>\n\t\t\t\t<\/div>\n\t\t\t\t<div class=\"elementor-element elementor-element-1113a30 elementor-widget elementor-widget-text-editor\" data-id=\"1113a30\" data-element_type=\"widget\" data-widget_type=\"text-editor.default\">\n\t\t\t\t<div class=\"elementor-widget-container\">\n\t\t\t\t\t\t\t<ul>\n<li>Seremos una empresa que marcar\u00e1 la pauta de los avances tecnol\u00f3gicos en los campos de actividad sectoriales actuales y prestar\u00e1 un servicio de calidad y fiable.<\/li>\n<li>En cada trabajo que realicemos, cumpliremos plenamente con los requisitos de las leyes y normativas con todo nuestro equipo.<\/li>\n<li>Elevaremos el nivel de nuestro personal proporcionando formaci\u00f3n a todo nuestro personal para garantizar, aumentar y mantener su competencia t\u00e9cnica, y para proporcionarles informaci\u00f3n sobre cuestiones orientativas como la \u00e9tica empresarial, la imparcialidad, la seguridad laboral y las relaciones con los clientes.<\/li>\n<li>Aumentaremos la calidad del trabajo proporcionando la infraestructura necesaria y un entorno laboral adecuado.<\/li>\n<li>Asumiremos el compromiso de los responsables de nuestras unidades con la calidad y el nivel de servicio en nuestros servicios actuales.<\/li>\n<li>Nos aseguraremos de que todo nuestro personal implicado en la ejecuci\u00f3n de nuestros servicios aprenda la documentaci\u00f3n de nuestro sistema de gesti\u00f3n y la aplique en su propio trabajo.<\/li>\n<li>El objetivo de nuestro sistema de gesti\u00f3n de la calidad es garantizar que las piedras angulares del sistema sean perceptibles, digeribles y aplicables por los profesionales con el fin de mantener un entorno de trabajo sistem\u00e1tico, la trazabilidad, la cualificaci\u00f3n de los materiales, equipos y mano de obra utilizados, la cualificaci\u00f3n del producto (servicio), denominador com\u00fan del sistema de gesti\u00f3n en las relaciones nacionales e internacionales. facilitar la comprensi\u00f3n.<\/li>\n<li>Bas\u00e1ndonos en nuestro Sistema de Calidad, cumpliremos nuestro compromiso de mejora continua.<\/li>\n<\/ul>\n\t\t\t\t\t\t<\/div>\n\t\t\t\t<\/div>\n\t\t\t\t\t<\/div>\n\t\t<\/div>\n\t\t\t\t\t<\/div>\n\t\t<\/section>\n\t\t\t\t<\/div>\n\t\t","protected":false},"excerpt":{"rendered":"<p>NUESTRA VISI\u00d3N Bas\u00e1ndonos en las normas de \u00e9tica empresarial del sector en el que operamos, pretendemos prestar nuestros servicios entendiendo la m\u00e1xima satisfacci\u00f3n del cliente y ganarnos un buen lugar en nuestro sector. NUESTRA MISI\u00d3N Aumentaremos la calidad del servicio &hellip;<\/p>\n","protected":false},"author":2,"featured_media":0,"parent":0,"menu_order":0,"comment_status":"closed","ping_status":"closed","template":"","meta":{"footnotes":""},"class_list":["post-2689","page","type-page","status-publish","hentry"],"_links":{"self":[{"href":"https:\/\/notronpipeline.com\/es\/wp-json\/wp\/v2\/pages\/2689","targetHints":{"allow":["GET"]}}],"collection":[{"href":"https:\/\/notronpipeline.com\/es\/wp-json\/wp\/v2\/pages"}],"about":[{"href":"https:\/\/notronpipeline.com\/es\/wp-json\/wp\/v2\/types\/page"}],"author":[{"embeddable":true,"href":"https:\/\/notronpipeline.com\/es\/wp-json\/wp\/v2\/users\/2"}],"replies":[{"embeddable":true,"href":"https:\/\/notronpipeline.com\/es\/wp-json\/wp\/v2\/comments?post=2689"}],"version-history":[{"count":1,"href":"https:\/\/notronpipeline.com\/es\/wp-json\/wp\/v2\/pages\/2689\/revisions"}],"predecessor-version":[{"id":2694,"href":"https:\/\/notronpipeline.com\/es\/wp-json\/wp\/v2\/pages\/2689\/revisions\/2694"}],"wp:attachment":[{"href":"https:\/\/notronpipeline.com\/es\/wp-json\/wp\/v2\/media?parent=2689"}],"curies":[{"name":"wp","href":"https:\/\/api.w.org\/{rel}","templated":true}]}}