{"id":4564,"date":"2020-03-16T13:13:06","date_gmt":"2020-03-16T13:13:06","guid":{"rendered":"https:\/\/notronpipeline.com\/serrajemanga\/"},"modified":"2025-06-20T10:50:54","modified_gmt":"2025-06-20T10:50:54","slug":"serrajemanga","status":"publish","type":"page","link":"https:\/\/notronpipeline.com\/es\/serrajemanga\/","title":{"rendered":"Dividir Reparar Abrazadera de Acero (Manga Dividada)"},"content":{"rendered":"\t\t<div data-elementor-type=\"wp-page\" data-elementor-id=\"4564\" class=\"elementor elementor-4564 elementor-122\">\n\t\t\t\t\t\t<section class=\"elementor-section elementor-top-section elementor-element elementor-element-33ccf1ae elementor-section-boxed elementor-section-height-default elementor-section-height-default\" data-id=\"33ccf1ae\" data-element_type=\"section\">\n\t\t\t\t\t\t<div class=\"elementor-container elementor-column-gap-default\">\n\t\t\t\t\t<div class=\"elementor-column elementor-col-100 elementor-top-column elementor-element elementor-element-7d0fdc02\" data-id=\"7d0fdc02\" data-element_type=\"column\">\n\t\t\t<div class=\"elementor-widget-wrap elementor-element-populated\">\n\t\t\t\t\t\t<div class=\"elementor-element elementor-element-12048ab7 elementor-widget elementor-widget-gallery_slider\" data-id=\"12048ab7\" data-element_type=\"widget\" data-widget_type=\"gallery_slider.default\">\n\t\t\t\t<div class=\"elementor-widget-container\">\n\t\t\t<div class=\"gallery-fs\"><figure><img decoding=\"async\" src=\"https:\/\/notronpipeline.com\/wp-content\/uploads\/nss24_1_FINAL_2-1-1.jpg\" alt=\"\"><\/figure><div class=\"gallery-fs-nav\"><button class=\"gallery-fs-fullscreen\"><i class=\"fa fa-arrows-alt\"><\/i><\/button><\/div><div class=\"gallery-fs-thumbnails gallery-fs-thumbnails-col-5 owl-carousel owl-loaded\"><a href='https:\/\/notronpipeline.com\/wp-content\/uploads\/nss24_1_FINAL_2-1-1.jpg' data-caption='nss24_1_F\u0130NAL_2 (1)' title='nss24_1_F\u0130NAL_2 (1)' class=\"selected\"><img class='attachment-anps-gallery-thumb size-anps-gallery-thumb' src=https:\/\/notronpipeline.com\/wp-content\/uploads\/nss24_1_FINAL_2-1-1.jpg sizes='(max-width: 280px) 100vw, 280px' width='280' height='158'><\/a><a href='https:\/\/notronpipeline.com\/wp-content\/uploads\/nss_cevre5_FINAL5_2.jpg' data-caption='New Oil pipeline under busy construction site' title='New Oil pipeline under busy construction site'><img class='attachment-anps-gallery-thumb size-anps-gallery-thumb' src=https:\/\/notronpipeline.com\/wp-content\/uploads\/nss_cevre5_FINAL5_2.jpg sizes='(max-width: 280px) 100vw, 280px' width='280' height='158'><\/a><a href='https:\/\/notronpipeline.com\/wp-content\/uploads\/nss24_2_FINAL_2-1.jpg' data-caption='nss24_2_F\u0130NAL_2 (1)' title='nss24_2_F\u0130NAL_2 (1)'><img class='attachment-anps-gallery-thumb size-anps-gallery-thumb' src=https:\/\/notronpipeline.com\/wp-content\/uploads\/nss24_2_FINAL_2-1.jpg sizes='(max-width: 280px) 100vw, 280px' width='280' height='158'><\/a><a href='https:\/\/notronpipeline.com\/wp-content\/uploads\/nss16_2_FINAL_2.jpg' data-caption='nss16_2_F\u0130NAL_2' title='nss16_2_F\u0130NAL_2'><img class='attachment-anps-gallery-thumb size-anps-gallery-thumb' src=https:\/\/notronpipeline.com\/wp-content\/uploads\/nss16_2_FINAL_2.jpg sizes='(max-width: 280px) 100vw, 280px' width='280' height='158'><\/a><a href='https:\/\/notronpipeline.com\/wp-content\/uploads\/nss16_1_FINAL_2-1.jpg' data-caption='nss16_1_F\u0130NAL_2 (1)' title='nss16_1_F\u0130NAL_2 (1)'><img class='attachment-anps-gallery-thumb size-anps-gallery-thumb' src=https:\/\/notronpipeline.com\/wp-content\/uploads\/nss16_1_FINAL_2-1.jpg sizes='(max-width: 280px) 100vw, 280px' width='280' height='158'><\/a><a href='https:\/\/notronpipeline.com\/wp-content\/uploads\/NSS1_2_FINAL_2.jpg' data-caption='NSS1_2_F\u0130NAL_2' title='NSS1_2_F\u0130NAL_2'><img class='attachment-anps-gallery-thumb size-anps-gallery-thumb' src=https:\/\/notronpipeline.com\/wp-content\/uploads\/NSS1_2_FINAL_2.jpg sizes='(max-width: 280px) 100vw, 280px' width='280' height='158'><\/a><a href='https:\/\/notronpipeline.com\/wp-content\/uploads\/nss_patlamis_FINAL_2-1.jpg' data-caption='nss_patlamis_F\u0130NAL_2 (1)' title='nss_patlamis_F\u0130NAL_2 (1)'><img class='attachment-anps-gallery-thumb size-anps-gallery-thumb' src=https:\/\/notronpipeline.com\/wp-content\/uploads\/nss_patlamis_FINAL_2-1.jpg sizes='(max-width: 280px) 100vw, 280px' width='280' height='158'><\/a><a href='https:\/\/notronpipeline.com\/wp-content\/uploads\/nss_12_kisa_FINAL_2-1.jpg' data-caption='nss_12_k\u0131sa_F\u0130NAL_2 (1)' title='nss_12_k\u0131sa_F\u0130NAL_2 (1)'><img class='attachment-anps-gallery-thumb size-anps-gallery-thumb' src=https:\/\/notronpipeline.com\/wp-content\/uploads\/nss_12_kisa_FINAL_2-1.jpg sizes='(max-width: 280px) 100vw, 280px' width='280' height='158'><\/a><a href='https:\/\/notronpipeline.com\/wp-content\/uploads\/nss_12_kisa_2_FINAL_2-1.jpg' data-caption='nss_12_k\u0131sa_2_F\u0130NAL_2 (1)' title='nss_12_k\u0131sa_2_F\u0130NAL_2 (1)'><img class='attachment-anps-gallery-thumb size-anps-gallery-thumb' src=https:\/\/notronpipeline.com\/wp-content\/uploads\/nss_12_kisa_2_FINAL_2-1.jpg sizes='(max-width: 280px) 100vw, 280px' width='280' height='158'><\/a><a href='https:\/\/notronpipeline.com\/wp-content\/uploads\/20190626_084014_FINAL_Y-scaled.jpg' data-caption='20190626_084014_F\u0130NAL_Y' title='20190626_084014_F\u0130NAL_Y'><img class='attachment-anps-gallery-thumb size-anps-gallery-thumb' src=https:\/\/notronpipeline.com\/wp-content\/uploads\/20190626_084014_FINAL_Y-scaled.jpg sizes='(max-width: 280px) 100vw, 280px' width='280' height='158'><\/a><a href='https:\/\/notronpipeline.com\/wp-content\/uploads\/20190626_084010_FINAL_Y-scaled.jpg' data-caption='20190626_084010_F\u0130NAL_Y' title='20190626_084010_F\u0130NAL_Y'><img class='attachment-anps-gallery-thumb size-anps-gallery-thumb' src=https:\/\/notronpipeline.com\/wp-content\/uploads\/20190626_084010_FINAL_Y-scaled.jpg sizes='(max-width: 280px) 100vw, 280px' width='280' height='158'><\/a><a href='https:\/\/notronpipeline.com\/wp-content\/uploads\/20190626_084006_FINAL_Y-scaled.jpg' data-caption='20190626_084006_F\u0130NAL_Y' title='20190626_084006_F\u0130NAL_Y'><img class='attachment-anps-gallery-thumb size-anps-gallery-thumb' src=https:\/\/notronpipeline.com\/wp-content\/uploads\/20190626_084006_FINAL_Y-scaled.jpg sizes='(max-width: 280px) 100vw, 280px' width='280' height='158'><\/a><a href='https:\/\/notronpipeline.com\/wp-content\/uploads\/20190626_084002_FINAL_Y-scaled.jpg' data-caption='20190626_084002_F\u0130NAL_Y' title='20190626_084002_F\u0130NAL_Y'><img class='attachment-anps-gallery-thumb size-anps-gallery-thumb' src=https:\/\/notronpipeline.com\/wp-content\/uploads\/20190626_084002_FINAL_Y-scaled.jpg sizes='(max-width: 280px) 100vw, 280px' width='280' height='158'><\/a><a href='https:\/\/notronpipeline.com\/wp-content\/uploads\/20190626_083956_FINAL_Y-scaled.jpg' data-caption='20190626_083956_F\u0130NAL_Y' title='20190626_083956_F\u0130NAL_Y'><img class='attachment-anps-gallery-thumb size-anps-gallery-thumb' src=https:\/\/notronpipeline.com\/wp-content\/uploads\/20190626_083956_FINAL_Y-scaled.jpg sizes='(max-width: 280px) 100vw, 280px' width='280' height='158'><\/a><a href='https:\/\/notronpipeline.com\/wp-content\/uploads\/20190626_083950_FINAL_Y-scaled.jpg' data-caption='20190626_083950_F\u0130NAL_Y' title='20190626_083950_F\u0130NAL_Y'><img class='attachment-anps-gallery-thumb size-anps-gallery-thumb' src=https:\/\/notronpipeline.com\/wp-content\/uploads\/20190626_083950_FINAL_Y-scaled.jpg sizes='(max-width: 280px) 100vw, 280px' width='280' height='158'><\/a><a href='https:\/\/notronpipeline.com\/wp-content\/uploads\/20190626_083909_FINAL_Y-scaled.jpg' data-caption='20190626_083909_F\u0130NAL_Y' title='20190626_083909_F\u0130NAL_Y'><img class='attachment-anps-gallery-thumb size-anps-gallery-thumb' src=https:\/\/notronpipeline.com\/wp-content\/uploads\/20190626_083909_FINAL_Y-scaled.jpg sizes='(max-width: 280px) 100vw, 280px' width='280' height='158'><\/a><\/div><\/div>\t\t<\/div>\n\t\t\t\t<\/div>\n\t\t\t\t\t<\/div>\n\t\t<\/div>\n\t\t\t\t\t<\/div>\n\t\t<\/section>\n\t\t\t\t<section class=\"elementor-section elementor-top-section elementor-element elementor-element-427401a9 elementor-section-boxed elementor-section-height-default elementor-section-height-default\" data-id=\"427401a9\" data-element_type=\"section\">\n\t\t\t\t\t\t<div class=\"elementor-container elementor-column-gap-default\">\n\t\t\t\t\t<div class=\"elementor-column elementor-col-100 elementor-top-column elementor-element elementor-element-4c5e7d62\" data-id=\"4c5e7d62\" data-element_type=\"column\">\n\t\t\t<div class=\"elementor-widget-wrap elementor-element-populated\">\n\t\t\t\t\t\t<div class=\"elementor-element elementor-element-483c81a7 elementor-widget elementor-widget-heading\" data-id=\"483c81a7\" data-element_type=\"widget\" data-widget_type=\"heading.default\">\n\t\t\t\t<div class=\"elementor-widget-container\">\n\t\t\t<h3 class='heading-left  divider-sm'  style=\"color:#000000\"><span>Dividir Reparar Abrazadera de Acero<\/span><\/h3>\t\t<\/div>\n\t\t\t\t<\/div>\n\t\t\t\t<div class=\"elementor-element elementor-element-64d8dc05 elementor-widget elementor-widget-text-editor\" data-id=\"64d8dc05\" data-element_type=\"widget\" data-widget_type=\"text-editor.default\">\n\t\t\t\t<div class=\"elementor-widget-container\">\n\t\t\t\t\t\t\t<p>La abrazadera de reparaci\u00f3n dividida se utiliza para sellar fugas o reforzar tuber\u00edas terrestres y submarinas que transportan gas natural, petr\u00f3leo crudo o agua a alta presi\u00f3n debido a la corrosi\u00f3n o da\u00f1os. Todos nuestros productos est\u00e1n dise\u00f1ados para una instalaci\u00f3n r\u00e1pida, sencilla y segura. Los pernos de ajuste se aprietan con el par de apriete necesario para garantizar el sellado de la fuga mientras la tuber\u00eda est\u00e1 en l\u00ednea. Las abrazaderas se pueden retirar y guardar para su uso posterior, aunque podr\u00edan requerir reacondicionamiento. Las abrazaderas se pueden soldar permanentemente a la tuber\u00eda durante el flujo.     <\/p>\n<p>Todos los productos se prueban seg\u00fan est\u00e1ndares de 1,5 veces la presi\u00f3n requerida. Para evitar da\u00f1os en la empaquetadura, se instalan anillos de acero en las vigas. Disponemos de abrazaderas para diferentes presiones de trabajo. Cont\u00e1ctenos para solicitar informaci\u00f3n sobre stock.  <\/p>\n\t\t\t\t\t\t<\/div>\n\t\t\t\t<\/div>\n\t\t\t\t\t<\/div>\n\t\t<\/div>\n\t\t\t\t\t<\/div>\n\t\t<\/section>\n\t\t\t\t<section class=\"elementor-section elementor-top-section elementor-element elementor-element-1179dcd4 elementor-section-boxed elementor-section-height-default elementor-section-height-default\" data-id=\"1179dcd4\" data-element_type=\"section\">\n\t\t\t\t\t\t<div class=\"elementor-container elementor-column-gap-default\">\n\t\t\t\t\t<div class=\"elementor-column elementor-col-66 elementor-top-column elementor-element elementor-element-8dcd78a\" data-id=\"8dcd78a\" data-element_type=\"column\">\n\t\t\t<div class=\"elementor-widget-wrap elementor-element-populated\">\n\t\t\t\t\t\t<div class=\"elementor-element elementor-element-b405a71 elementor-widget elementor-widget-heading\" data-id=\"b405a71\" data-element_type=\"widget\" data-widget_type=\"heading.default\">\n\t\t\t\t<div class=\"elementor-widget-container\">\n\t\t\t<h3 class='heading-left  divider-sm'  style=\"color:#000000\"><span>Detalles<\/span><\/h3>\t\t<\/div>\n\t\t\t\t<\/div>\n\t\t\t\t<div class=\"elementor-element elementor-element-62423495 elementor-widget elementor-widget-accordion\" data-id=\"62423495\" data-element_type=\"widget\" data-widget_type=\"accordion.default\">\n\t\t\t\t<div class=\"elementor-widget-container\">\n\t\t\t\t\t<div class=\"elementor-accordion\">\n\t\t\t\t\t\t\t<div class=\"elementor-accordion-item\">\n\t\t\t\t\t<div id=\"elementor-tab-title-1641\" class=\"elementor-tab-title\" data-tab=\"1\" role=\"button\" aria-controls=\"elementor-tab-content-1641\" aria-expanded=\"false\">\n\t\t\t\t\t\t\t\t\t\t\t\t\t<span class=\"elementor-accordion-icon elementor-accordion-icon-left\" aria-hidden=\"true\">\n\t\t\t\t\t\t\t\t\t\t\t\t\t\t\t<span class=\"elementor-accordion-icon-closed\"><i class=\"fas fa-plus\"><\/i><\/span>\n\t\t\t\t\t\t\t\t<span class=\"elementor-accordion-icon-opened\"><i class=\"fas fa-minus\"><\/i><\/span>\n\t\t\t\t\t\t\t\t\t\t\t\t\t\t<\/span>\n\t\t\t\t\t\t\t\t\t\t\t\t<a class=\"elementor-accordion-title\" tabindex=\"0\">Material est\u00e1ndar del cuerpo<\/a>\n\t\t\t\t\t<\/div>\n\t\t\t\t\t<div id=\"elementor-tab-content-1641\" class=\"elementor-tab-content elementor-clearfix\" data-tab=\"1\" role=\"region\" aria-labelledby=\"elementor-tab-title-1641\"><ul>\n<li>&#8211; SA-A216 WCC<\/li>\n<li>&#8211; SA-A350 Gr. LF2 Cl1<\/li>\n<li>&#8211; SA-A516 Gr. 70<\/li>\n<li>&#8211; La torniller\u00eda est\u00e1ndar es SA-A193 Gr. B7 with SA-A194 Gr. Tuercas 2H<\/li>\n<\/ul>\n<\/div>\n\t\t\t\t<\/div>\n\t\t\t\t\t\t\t<div class=\"elementor-accordion-item\">\n\t\t\t\t\t<div id=\"elementor-tab-title-1642\" class=\"elementor-tab-title\" data-tab=\"2\" role=\"button\" aria-controls=\"elementor-tab-content-1642\" aria-expanded=\"false\">\n\t\t\t\t\t\t\t\t\t\t\t\t\t<span class=\"elementor-accordion-icon elementor-accordion-icon-left\" aria-hidden=\"true\">\n\t\t\t\t\t\t\t\t\t\t\t\t\t\t\t<span class=\"elementor-accordion-icon-closed\"><i class=\"fas fa-plus\"><\/i><\/span>\n\t\t\t\t\t\t\t\t<span class=\"elementor-accordion-icon-opened\"><i class=\"fas fa-minus\"><\/i><\/span>\n\t\t\t\t\t\t\t\t\t\t\t\t\t\t<\/span>\n\t\t\t\t\t\t\t\t\t\t\t\t<a class=\"elementor-accordion-title\" tabindex=\"0\">Opciones:<\/a>\n\t\t\t\t\t<\/div>\n\t\t\t\t\t<div id=\"elementor-tab-content-1642\" class=\"elementor-tab-content elementor-clearfix\" data-tab=\"2\" role=\"region\" aria-labelledby=\"elementor-tab-title-1642\"><p>&#8211; Pintura epoxi marina para protecci\u00f3n contra la corrosi\u00f3n<br \/>&#8211; Bisagras para facilitar la instalaci\u00f3n y el manejo<br \/>&#8211; Ventilaciones disponibles seg\u00fan las especificaciones del cliente<br \/>&#8211; \u00c1nodos para protecci\u00f3n cat\u00f3dica<br \/>&#8211; Materiales que cumplen con las normas NACE MR0175\/ISO 15156<\/p>\n<\/div>\n\t\t\t\t<\/div>\n\t\t\t\t\t\t\t\t<\/div>\n\t\t\t\t<\/div>\n\t\t\t\t<\/div>\n\t\t\t\t\t<\/div>\n\t\t<\/div>\n\t\t\t\t<div class=\"elementor-column elementor-col-33 elementor-top-column elementor-element elementor-element-63797950\" data-id=\"63797950\" data-element_type=\"column\">\n\t\t\t<div class=\"elementor-widget-wrap elementor-element-populated\">\n\t\t\t\t\t\t<div class=\"elementor-element elementor-element-79d9b831 elementor-widget elementor-widget-heading\" data-id=\"79d9b831\" data-element_type=\"widget\" data-widget_type=\"heading.default\">\n\t\t\t\t<div class=\"elementor-widget-container\">\n\t\t\t<h3 class='heading-left  divider-sm'  style=\"color:#000000\"><span>Especificaciones<\/span><\/h3>\t\t<\/div>\n\t\t\t\t<\/div>\n\t\t\t\t<div class=\"elementor-element elementor-element-37e66991 elementor-widget elementor-widget-text-editor\" data-id=\"37e66991\" data-element_type=\"widget\" data-widget_type=\"text-editor.default\">\n\t\t\t\t<div class=\"elementor-widget-container\">\n\t\t\t\t\t\t\t<p>La empaquetadura est\u00e1ndar es de Viton. Buna-N, silicona y otros materiales est\u00e1n disponibles a pedido.<\/p>\n\t\t\t\t\t\t<\/div>\n\t\t\t\t<\/div>\n\t\t\t\t\t<\/div>\n\t\t<\/div>\n\t\t\t\t\t<\/div>\n\t\t<\/section>\n\t\t\t\t<section class=\"elementor-section elementor-top-section elementor-element elementor-element-8022226 elementor-section-boxed elementor-section-height-default elementor-section-height-default\" data-id=\"8022226\" data-element_type=\"section\">\n\t\t\t\t\t\t<div class=\"elementor-container elementor-column-gap-default\">\n\t\t\t\t\t<div class=\"elementor-column elementor-col-100 elementor-top-column elementor-element elementor-element-a9406ee\" data-id=\"a9406ee\" data-element_type=\"column\">\n\t\t\t<div class=\"elementor-widget-wrap elementor-element-populated\">\n\t\t\t\t\t\t<div class=\"elementor-element elementor-element-7e93150 elementor-widget elementor-widget-button\" data-id=\"7e93150\" data-element_type=\"widget\" data-widget_type=\"button.default\">\n\t\t\t\t<div class=\"elementor-widget-container\">\n\t\t\t<a id=button-id-0 target=_blank href=https:\/\/notronpipeline.com\/wp-content\/uploads\/SPLIT-REPAIR-CLAMP.pdf class=\"btn  \" style=><i class='fa fas fa-arrow-circle-down'><\/i> descargue nuestro folleto<\/a>\t\t<\/div>\n\t\t\t\t<\/div>\n\t\t\t\t\t<\/div>\n\t\t<\/div>\n\t\t\t\t\t<\/div>\n\t\t<\/section>\n\t\t\t\t<\/div>\n\t\t","protected":false},"excerpt":{"rendered":"<p>Dividir Reparar Abrazadera de Acero La abrazadera de reparaci\u00f3n dividida se utiliza para sellar fugas o reforzar tuber\u00edas terrestres y submarinas que transportan gas natural, petr\u00f3leo crudo o agua a alta presi\u00f3n debido a la corrosi\u00f3n o da\u00f1os. Todos nuestros &hellip;<\/p>\n","protected":false},"author":1,"featured_media":0,"parent":0,"menu_order":0,"comment_status":"closed","ping_status":"closed","template":"","meta":{"footnotes":""},"class_list":["post-4564","page","type-page","status-publish","hentry"],"_links":{"self":[{"href":"https:\/\/notronpipeline.com\/es\/wp-json\/wp\/v2\/pages\/4564","targetHints":{"allow":["GET"]}}],"collection":[{"href":"https:\/\/notronpipeline.com\/es\/wp-json\/wp\/v2\/pages"}],"about":[{"href":"https:\/\/notronpipeline.com\/es\/wp-json\/wp\/v2\/types\/page"}],"author":[{"embeddable":true,"href":"https:\/\/notronpipeline.com\/es\/wp-json\/wp\/v2\/users\/1"}],"replies":[{"embeddable":true,"href":"https:\/\/notronpipeline.com\/es\/wp-json\/wp\/v2\/comments?post=4564"}],"version-history":[{"count":6,"href":"https:\/\/notronpipeline.com\/es\/wp-json\/wp\/v2\/pages\/4564\/revisions"}],"predecessor-version":[{"id":6823,"href":"https:\/\/notronpipeline.com\/es\/wp-json\/wp\/v2\/pages\/4564\/revisions\/6823"}],"wp:attachment":[{"href":"https:\/\/notronpipeline.com\/es\/wp-json\/wp\/v2\/media?parent=4564"}],"curies":[{"name":"wp","href":"https:\/\/api.w.org\/{rel}","templated":true}]}}