{"id":4649,"date":"2020-03-16T13:13:06","date_gmt":"2020-03-16T13:13:06","guid":{"rendered":"https:\/\/notronpipeline.com\/%d1%81%d0%bf%d0%bb%d0%b8%d1%82%d1%80%d1%83%d0%ba%d0%b0%d0%b2\/"},"modified":"2025-11-20T08:40:34","modified_gmt":"2025-11-20T08:40:34","slug":"%d1%85%d0%be%d0%bc%d1%83%d1%82-%d0%b4%d0%bb%d1%8f-%d1%80%d0%b5%d0%bc%d0%be%d0%bd%d1%82%d0%b0-%d1%80%d0%b0%d1%81%d1%89%d0%b5%d0%bf%d0%bb%d0%b5%d0%bd%d0%bd%d0%be%d0%b9-%d1%82%d1%80%d1%83%d0%b1%d1%8b","status":"publish","type":"page","link":"https:\/\/notronpipeline.com\/ru\/%d1%85%d0%be%d0%bc%d1%83%d1%82-%d0%b4%d0%bb%d1%8f-%d1%80%d0%b5%d0%bc%d0%be%d0%bd%d1%82%d0%b0-%d1%80%d0%b0%d1%81%d1%89%d0%b5%d0%bf%d0%bb%d0%b5%d0%bd%d0%bd%d0%be%d0%b9-%d1%82%d1%80%d1%83%d0%b1%d1%8b\/","title":{"rendered":"\u0420\u0430\u0437\u044a\u0435\u043c\u043d\u044b\u0439 \u0445\u043e\u043c\u0443\u0442 \u0434\u043b\u044f \u0440\u0435\u043c\u043e\u043d\u0442\u0430 \u0442\u0440\u0443\u0431"},"content":{"rendered":"\t\t<div data-elementor-type=\"wp-page\" data-elementor-id=\"4649\" class=\"elementor elementor-4649 elementor-122\">\n\t\t\t\t\t\t<section class=\"elementor-section elementor-top-section elementor-element elementor-element-33ccf1ae elementor-section-boxed elementor-section-height-default elementor-section-height-default\" data-id=\"33ccf1ae\" data-element_type=\"section\">\n\t\t\t\t\t\t<div class=\"elementor-container elementor-column-gap-default\">\n\t\t\t\t\t<div class=\"elementor-column elementor-col-100 elementor-top-column elementor-element elementor-element-7d0fdc02\" data-id=\"7d0fdc02\" data-element_type=\"column\">\n\t\t\t<div class=\"elementor-widget-wrap elementor-element-populated\">\n\t\t\t\t\t\t<div class=\"elementor-element elementor-element-12048ab7 elementor-widget elementor-widget-gallery_slider\" data-id=\"12048ab7\" data-element_type=\"widget\" data-widget_type=\"gallery_slider.default\">\n\t\t\t\t<div class=\"elementor-widget-container\">\n\t\t\t<div class=\"gallery-fs\"><figure><img decoding=\"async\" src=\"https:\/\/notronpipeline.com\/wp-content\/uploads\/nss24_1_FINAL_2-1-1.jpg\" alt=\"\"><\/figure><div class=\"gallery-fs-nav\"><button class=\"gallery-fs-fullscreen\"><i class=\"fa fa-arrows-alt\"><\/i><\/button><\/div><div class=\"gallery-fs-thumbnails gallery-fs-thumbnails-col-5 owl-carousel owl-loaded\"><a href='https:\/\/notronpipeline.com\/wp-content\/uploads\/nss24_1_FINAL_2-1-1.jpg' data-caption='nss24_1_F\u0130NAL_2 (1)' title='nss24_1_F\u0130NAL_2 (1)' class=\"selected\"><img class='attachment-anps-gallery-thumb size-anps-gallery-thumb' src=https:\/\/notronpipeline.com\/wp-content\/uploads\/nss24_1_FINAL_2-1-1.jpg sizes='(max-width: 280px) 100vw, 280px' width='280' height='158'><\/a><a href='https:\/\/notronpipeline.com\/wp-content\/uploads\/nss_cevre5_FINAL5_2.jpg' data-caption='New Oil pipeline under busy construction site' title='New Oil pipeline under busy construction site'><img class='attachment-anps-gallery-thumb size-anps-gallery-thumb' src=https:\/\/notronpipeline.com\/wp-content\/uploads\/nss_cevre5_FINAL5_2.jpg sizes='(max-width: 280px) 100vw, 280px' width='280' height='158'><\/a><a href='https:\/\/notronpipeline.com\/wp-content\/uploads\/nss24_2_FINAL_2-1.jpg' data-caption='nss24_2_F\u0130NAL_2 (1)' title='nss24_2_F\u0130NAL_2 (1)'><img class='attachment-anps-gallery-thumb size-anps-gallery-thumb' src=https:\/\/notronpipeline.com\/wp-content\/uploads\/nss24_2_FINAL_2-1.jpg sizes='(max-width: 280px) 100vw, 280px' width='280' height='158'><\/a><a href='https:\/\/notronpipeline.com\/wp-content\/uploads\/nss16_2_FINAL_2.jpg' data-caption='nss16_2_F\u0130NAL_2' title='nss16_2_F\u0130NAL_2'><img class='attachment-anps-gallery-thumb size-anps-gallery-thumb' src=https:\/\/notronpipeline.com\/wp-content\/uploads\/nss16_2_FINAL_2.jpg sizes='(max-width: 280px) 100vw, 280px' width='280' height='158'><\/a><a href='https:\/\/notronpipeline.com\/wp-content\/uploads\/nss16_1_FINAL_2-1.jpg' data-caption='nss16_1_F\u0130NAL_2 (1)' title='nss16_1_F\u0130NAL_2 (1)'><img class='attachment-anps-gallery-thumb size-anps-gallery-thumb' src=https:\/\/notronpipeline.com\/wp-content\/uploads\/nss16_1_FINAL_2-1.jpg sizes='(max-width: 280px) 100vw, 280px' width='280' height='158'><\/a><a href='https:\/\/notronpipeline.com\/wp-content\/uploads\/NSS1_2_FINAL_2.jpg' data-caption='NSS1_2_F\u0130NAL_2' title='NSS1_2_F\u0130NAL_2'><img class='attachment-anps-gallery-thumb size-anps-gallery-thumb' src=https:\/\/notronpipeline.com\/wp-content\/uploads\/NSS1_2_FINAL_2.jpg sizes='(max-width: 280px) 100vw, 280px' width='280' height='158'><\/a><a href='https:\/\/notronpipeline.com\/wp-content\/uploads\/nss_patlamis_FINAL_2-1.jpg' data-caption='nss_patlamis_F\u0130NAL_2 (1)' title='nss_patlamis_F\u0130NAL_2 (1)'><img class='attachment-anps-gallery-thumb size-anps-gallery-thumb' src=https:\/\/notronpipeline.com\/wp-content\/uploads\/nss_patlamis_FINAL_2-1.jpg sizes='(max-width: 280px) 100vw, 280px' width='280' height='158'><\/a><a href='https:\/\/notronpipeline.com\/wp-content\/uploads\/nss_12_kisa_FINAL_2-1.jpg' data-caption='nss_12_k\u0131sa_F\u0130NAL_2 (1)' title='nss_12_k\u0131sa_F\u0130NAL_2 (1)'><img class='attachment-anps-gallery-thumb size-anps-gallery-thumb' src=https:\/\/notronpipeline.com\/wp-content\/uploads\/nss_12_kisa_FINAL_2-1.jpg sizes='(max-width: 280px) 100vw, 280px' width='280' height='158'><\/a><a href='https:\/\/notronpipeline.com\/wp-content\/uploads\/nss_12_kisa_2_FINAL_2-1.jpg' data-caption='nss_12_k\u0131sa_2_F\u0130NAL_2 (1)' title='nss_12_k\u0131sa_2_F\u0130NAL_2 (1)'><img class='attachment-anps-gallery-thumb size-anps-gallery-thumb' src=https:\/\/notronpipeline.com\/wp-content\/uploads\/nss_12_kisa_2_FINAL_2-1.jpg sizes='(max-width: 280px) 100vw, 280px' width='280' height='158'><\/a><a href='https:\/\/notronpipeline.com\/wp-content\/uploads\/20190626_084014_FINAL_Y-scaled.jpg' data-caption='20190626_084014_F\u0130NAL_Y' title='20190626_084014_F\u0130NAL_Y'><img class='attachment-anps-gallery-thumb size-anps-gallery-thumb' src=https:\/\/notronpipeline.com\/wp-content\/uploads\/20190626_084014_FINAL_Y-scaled.jpg sizes='(max-width: 280px) 100vw, 280px' width='280' height='158'><\/a><a href='https:\/\/notronpipeline.com\/wp-content\/uploads\/20190626_084010_FINAL_Y-scaled.jpg' data-caption='20190626_084010_F\u0130NAL_Y' title='20190626_084010_F\u0130NAL_Y'><img class='attachment-anps-gallery-thumb size-anps-gallery-thumb' src=https:\/\/notronpipeline.com\/wp-content\/uploads\/20190626_084010_FINAL_Y-scaled.jpg sizes='(max-width: 280px) 100vw, 280px' width='280' height='158'><\/a><a href='https:\/\/notronpipeline.com\/wp-content\/uploads\/20190626_084006_FINAL_Y-scaled.jpg' data-caption='20190626_084006_F\u0130NAL_Y' title='20190626_084006_F\u0130NAL_Y'><img class='attachment-anps-gallery-thumb size-anps-gallery-thumb' src=https:\/\/notronpipeline.com\/wp-content\/uploads\/20190626_084006_FINAL_Y-scaled.jpg sizes='(max-width: 280px) 100vw, 280px' width='280' height='158'><\/a><a href='https:\/\/notronpipeline.com\/wp-content\/uploads\/20190626_084002_FINAL_Y-scaled.jpg' data-caption='20190626_084002_F\u0130NAL_Y' title='20190626_084002_F\u0130NAL_Y'><img class='attachment-anps-gallery-thumb size-anps-gallery-thumb' src=https:\/\/notronpipeline.com\/wp-content\/uploads\/20190626_084002_FINAL_Y-scaled.jpg sizes='(max-width: 280px) 100vw, 280px' width='280' height='158'><\/a><a href='https:\/\/notronpipeline.com\/wp-content\/uploads\/20190626_083956_FINAL_Y-scaled.jpg' data-caption='20190626_083956_F\u0130NAL_Y' title='20190626_083956_F\u0130NAL_Y'><img class='attachment-anps-gallery-thumb size-anps-gallery-thumb' src=https:\/\/notronpipeline.com\/wp-content\/uploads\/20190626_083956_FINAL_Y-scaled.jpg sizes='(max-width: 280px) 100vw, 280px' width='280' height='158'><\/a><a href='https:\/\/notronpipeline.com\/wp-content\/uploads\/20190626_083950_FINAL_Y-scaled.jpg' data-caption='20190626_083950_F\u0130NAL_Y' title='20190626_083950_F\u0130NAL_Y'><img class='attachment-anps-gallery-thumb size-anps-gallery-thumb' src=https:\/\/notronpipeline.com\/wp-content\/uploads\/20190626_083950_FINAL_Y-scaled.jpg sizes='(max-width: 280px) 100vw, 280px' width='280' height='158'><\/a><a href='https:\/\/notronpipeline.com\/wp-content\/uploads\/20190626_083909_FINAL_Y-scaled.jpg' data-caption='20190626_083909_F\u0130NAL_Y' title='20190626_083909_F\u0130NAL_Y'><img class='attachment-anps-gallery-thumb size-anps-gallery-thumb' src=https:\/\/notronpipeline.com\/wp-content\/uploads\/20190626_083909_FINAL_Y-scaled.jpg sizes='(max-width: 280px) 100vw, 280px' width='280' height='158'><\/a><\/div><\/div>\t\t<\/div>\n\t\t\t\t<\/div>\n\t\t\t\t\t<\/div>\n\t\t<\/div>\n\t\t\t\t\t<\/div>\n\t\t<\/section>\n\t\t\t\t<section class=\"elementor-section elementor-top-section elementor-element elementor-element-427401a9 elementor-section-boxed elementor-section-height-default elementor-section-height-default\" data-id=\"427401a9\" data-element_type=\"section\">\n\t\t\t\t\t\t<div class=\"elementor-container elementor-column-gap-default\">\n\t\t\t\t\t<div class=\"elementor-column elementor-col-100 elementor-top-column elementor-element elementor-element-4c5e7d62\" data-id=\"4c5e7d62\" data-element_type=\"column\">\n\t\t\t<div class=\"elementor-widget-wrap elementor-element-populated\">\n\t\t\t\t\t\t<div class=\"elementor-element elementor-element-483c81a7 elementor-widget elementor-widget-heading\" data-id=\"483c81a7\" data-element_type=\"widget\" data-widget_type=\"heading.default\">\n\t\t\t\t<div class=\"elementor-widget-container\">\n\t\t\t<h3 class='heading-left  divider-sm'  style=\"color:#000000\"><span>\u0420\u0430\u0437\u044a\u0435\u043c\u043d\u044b\u0439 \u0445\u043e\u043c\u0443\u0442 \u0434\u043b\u044f \u0440\u0435\u043c\u043e\u043d\u0442\u0430 \u0442\u0440\u0443\u0431<\/span><\/h3>\t\t<\/div>\n\t\t\t\t<\/div>\n\t\t\t\t<div class=\"elementor-element elementor-element-64d8dc05 elementor-widget elementor-widget-text-editor\" data-id=\"64d8dc05\" data-element_type=\"widget\" data-widget_type=\"text-editor.default\">\n\t\t\t\t<div class=\"elementor-widget-container\">\n\t\t\t\t\t\t\t<p>\u0420\u0430\u0437\u044a\u0435\u043c\u043d\u044b\u0435 \u0445\u043e\u043c\u0443\u0442\u044b \u0434\u043b\u044f \u0440\u0435\u043c\u043e\u043d\u0442\u0430 \u0442\u0440\u0443\u0431 \u043f\u0440\u0435\u0434\u0441\u0442\u0430\u0432\u043b\u044f\u044e\u0442 \u0441\u043e\u0431\u043e\u0439 \u0440\u0435\u043c\u043e\u043d\u0442\u043d\u044b\u0435 \u0444\u0438\u0442\u0438\u043d\u0433\u0438, \u043a\u043e\u0442\u043e\u0440\u044b\u0435 \u043c\u043e\u0436\u043d\u043e \u0438\u0441\u043f\u043e\u043b\u044c\u0437\u043e\u0432\u0430\u0442\u044c \u0434\u043b\u044f \u0433\u0435\u0440\u043c\u0435\u0442\u0438\u0437\u0430\u0446\u0438\u0438 \u0443\u0442\u0435\u0447\u0435\u043a, \u0432\u044b\u0437\u0432\u0430\u043d\u043d\u044b\u0445 \u043a\u043e\u0440\u0440\u043e\u0437\u0438\u0435\u0439 \u0438\u043b\u0438 \u043f\u043e\u0432\u0440\u0435\u0436\u0434\u0435\u043d\u0438\u044f\u043c\u0438 \u043d\u0430 \u043d\u0430\u0437\u0435\u043c\u043d\u044b\u0445 \u0438 \u043f\u043e\u0434\u0432\u043e\u0434\u043d\u044b\u0445 \u0442\u0440\u0443\u0431\u043e\u043f\u0440\u043e\u0432\u043e\u0434\u0430\u0445. <br \/>\u0420\u0430\u0437\u044a\u0435\u043c\u043d\u044b\u0435 \u0445\u043e\u043c\u0443\u0442\u044b \u0434\u043b\u044f \u0440\u0435\u043c\u043e\u043d\u0442\u0430 \u0442\u0440\u0443\u0431 \u043f\u0440\u043e\u0441\u0442\u044b \u0438 \u0431\u0435\u0437\u043e\u043f\u0430\u0441\u043d\u044b \u0432 \u0443\u0441\u0442\u0430\u043d\u043e\u0432\u043a\u0435. \u0423\u0442\u0435\u0447\u043a\u0430 \u0433\u0435\u0440\u043c\u0435\u0442\u0438\u0437\u0438\u0440\u0443\u0435\u0442\u0441\u044f \u043f\u043e\u0441\u043b\u0435 \u043f\u043e\u043b\u043d\u043e\u0433\u043e \u0437\u0430\u0442\u044f\u0433\u0438\u0432\u0430\u043d\u0438\u044f \u0444\u0438\u0442\u0438\u043d\u0433\u0430 \u043d\u0430 \u043b\u0438\u043d\u0438\u0438. <br \/>\u0414\u043b\u044f \u043f\u043e\u0441\u0442\u043e\u044f\u043d\u043d\u043e\u0433\u043e \u0440\u0435\u043c\u043e\u043d\u0442\u0430 \u0444\u0438\u0442\u0438\u043d\u0433 \u043c\u043e\u0436\u043d\u043e \u043f\u0440\u0438\u0432\u0430\u0440\u0438\u0442\u044c \u043a \u0442\u0440\u0443\u0431\u043e\u043f\u0440\u043e\u0432\u043e\u0434\u0443, \u043f\u043e\u043a\u0430 \u043e\u043d \u043d\u0430\u0445\u043e\u0434\u0438\u0442\u0441\u044f \u043f\u043e\u0434 \u043f\u043e\u0442\u043e\u043a\u043e\u043c.  <br \/>\u0424\u0438\u0442\u0438\u043d\u0433\u0438, \u043d\u0435 \u043f\u0440\u0438\u0432\u0430\u0440\u0435\u043d\u043d\u044b\u0435 \u043a \u043b\u0438\u043d\u0438\u0438, \u043c\u043e\u0433\u0443\u0442 \u0431\u044b\u0442\u044c \u0441\u043d\u044f\u0442\u044b, \u043e\u0442\u0440\u0435\u043c\u043e\u043d\u0442\u0438\u0440\u043e\u0432\u0430\u043d\u044b \u0438 \u043f\u043e\u043c\u0435\u0449\u0435\u043d\u044b \u043e\u0431\u0440\u0430\u0442\u043d\u043e \u0432 \u0437\u0430\u043f\u0430\u0441 \u043f\u0440\u043e\u0447\u043d\u043e\u0441\u0442\u0438 \u0437\u0430\u043a\u0430\u0437\u0447\u0438\u043a\u0430.  <br \/>\u0424\u0438\u0442\u0438\u043d\u0433\u0438 \u0438\u0441\u043f\u044b\u0442\u044b\u0432\u0430\u044e\u0442\u0441\u044f \u043d\u0430 \u0434\u0430\u0432\u043b\u0435\u043d\u0438\u0435, \u0432 1,5 \u0440\u0430\u0437\u0430 \u043f\u0440\u0435\u0432\u044b\u0448\u0430\u044e\u0449\u0435\u0435 \u0440\u0430\u0441\u0447\u0435\u0442\u043d\u043e\u0435.  <br \/>\u0421\u0442\u0430\u043b\u044c\u043d\u044b\u0435 \u0431\u0430\u043b\u043e\u0447\u043d\u044b\u0435 \u043a\u043e\u043b\u044c\u0446\u0430 \u043f\u0440\u0435\u0434\u043e\u0442\u0432\u0440\u0430\u0449\u0430\u044e\u0442 \u0441\u043c\u0435\u0449\u0435\u043d\u0438\u0435 \u0438 \u043f\u043e\u0432\u0440\u0435\u0436\u0434\u0435\u043d\u0438\u0435 \u0443\u043f\u0430\u043a\u043e\u0432\u043a\u0438 \u0432\u043e \u0432\u0440\u0435\u043c\u044f \u0443\u0441\u0442\u0430\u043d\u043e\u0432\u043a\u0438.  <br \/>\u0421\u0442\u0430\u043d\u0434\u0430\u0440\u0442\u043d\u043e\u0435 \u0440\u0430\u0431\u043e\u0447\u0435\u0435 \u0434\u0430\u0432\u043b\u0435\u043d\u0438\u0435 \u0441\u043e\u0441\u0442\u0430\u0432\u043b\u044f\u0435\u0442 1000 maop. \u0412 \u043d\u0430\u043b\u0438\u0447\u0438\u0438 \u0442\u0430\u043a\u0436\u0435 \u0438\u043c\u0435\u044e\u0442\u0441\u044f \u0442\u0440\u0443\u0431\u044b \u0441 \u0431\u043e\u043b\u0435\u0435 \u0432\u044b\u0441\u043e\u043a\u0438\u043c \u0440\u0430\u0431\u043e\u0447\u0438\u043c \u0434\u0430\u0432\u043b\u0435\u043d\u0438\u0435\u043c \u0438 \u0440\u0430\u0437\u043b\u0438\u0447\u043d\u043e\u0439 \u0434\u043b\u0438\u043d\u044b.  <br \/>\u0418\u043d\u0434\u0438\u0432\u0438\u0434\u0443\u0430\u043b\u044c\u043d\u044b\u0435 \u0444\u0438\u0442\u0438\u043d\u0433\u0438 \u0434\u043b\u044f \u0430\u0432\u0430\u0440\u0438\u0439\u043d\u043e\u0433\u043e \u0440\u0435\u043c\u043e\u043d\u0442\u0430 &#8212; \u044d\u0442\u043e \u0432\u0430\u0440\u0438\u0430\u043d\u0442, \u043a\u043e\u0433\u0434\u0430 \u0444\u0438\u0442\u0438\u043d\u0433\u0438 \u0441\u043e \u0441\u043a\u043b\u0430\u0434\u0430 \u043d\u0435\u043f\u0440\u0438\u043c\u0435\u043d\u0438\u043c\u044b.<\/p>\n\t\t\t\t\t\t<\/div>\n\t\t\t\t<\/div>\n\t\t\t\t\t<\/div>\n\t\t<\/div>\n\t\t\t\t\t<\/div>\n\t\t<\/section>\n\t\t\t\t<section class=\"elementor-section elementor-top-section elementor-element elementor-element-1179dcd4 elementor-section-boxed elementor-section-height-default elementor-section-height-default\" data-id=\"1179dcd4\" data-element_type=\"section\">\n\t\t\t\t\t\t<div class=\"elementor-container elementor-column-gap-default\">\n\t\t\t\t\t<div class=\"elementor-column elementor-col-66 elementor-top-column elementor-element elementor-element-8dcd78a\" data-id=\"8dcd78a\" data-element_type=\"column\">\n\t\t\t<div class=\"elementor-widget-wrap elementor-element-populated\">\n\t\t\t\t\t\t<div class=\"elementor-element elementor-element-b405a71 elementor-widget elementor-widget-heading\" data-id=\"b405a71\" data-element_type=\"widget\" data-widget_type=\"heading.default\">\n\t\t\t\t<div class=\"elementor-widget-container\">\n\t\t\t<h3 class='heading-left  divider-sm'  style=\"color:#000000\"><span>\u041f\u043e\u0434\u0440\u043e\u0431\u043d\u043e\u0441\u0442\u0438<\/span><\/h3>\t\t<\/div>\n\t\t\t\t<\/div>\n\t\t\t\t<div class=\"elementor-element elementor-element-62423495 elementor-widget elementor-widget-accordion\" data-id=\"62423495\" data-element_type=\"widget\" data-widget_type=\"accordion.default\">\n\t\t\t\t<div class=\"elementor-widget-container\">\n\t\t\t\t\t<div class=\"elementor-accordion\">\n\t\t\t\t\t\t\t<div class=\"elementor-accordion-item\">\n\t\t\t\t\t<div id=\"elementor-tab-title-1641\" class=\"elementor-tab-title\" data-tab=\"1\" role=\"button\" aria-controls=\"elementor-tab-content-1641\" aria-expanded=\"false\">\n\t\t\t\t\t\t\t\t\t\t\t\t\t<span class=\"elementor-accordion-icon elementor-accordion-icon-left\" aria-hidden=\"true\">\n\t\t\t\t\t\t\t\t\t\t\t\t\t\t\t<span class=\"elementor-accordion-icon-closed\"><i class=\"fas fa-plus\"><\/i><\/span>\n\t\t\t\t\t\t\t\t<span class=\"elementor-accordion-icon-opened\"><i class=\"fas fa-minus\"><\/i><\/span>\n\t\t\t\t\t\t\t\t\t\t\t\t\t\t<\/span>\n\t\t\t\t\t\t\t\t\t\t\t\t<a class=\"elementor-accordion-title\" tabindex=\"0\">\u0421\u0442\u0430\u043d\u0434\u0430\u0440\u0442\u043d\u044b\u0439 \u043c\u0430\u0442\u0435\u0440\u0438\u0430\u043b \u043a\u043e\u0440\u043f\u0443\u0441\u0430<\/a>\n\t\t\t\t\t<\/div>\n\t\t\t\t\t<div id=\"elementor-tab-content-1641\" class=\"elementor-tab-content elementor-clearfix\" data-tab=\"1\" role=\"region\" aria-labelledby=\"elementor-tab-title-1641\"><p>&#8212; SA-A350 Gr. LF2 Cl1<br \/>&#8212; SA-A516 Gr. 70<br \/>&#8212; Standard bolting is SA-A193 Gr. B7<br \/>with SA-A194 Gr. 2H \u0433\u0430\u0439\u043a\u0438<\/p>\n<\/div>\n\t\t\t\t<\/div>\n\t\t\t\t\t\t\t<div class=\"elementor-accordion-item\">\n\t\t\t\t\t<div id=\"elementor-tab-title-1642\" class=\"elementor-tab-title\" data-tab=\"2\" role=\"button\" aria-controls=\"elementor-tab-content-1642\" aria-expanded=\"false\">\n\t\t\t\t\t\t\t\t\t\t\t\t\t<span class=\"elementor-accordion-icon elementor-accordion-icon-left\" aria-hidden=\"true\">\n\t\t\t\t\t\t\t\t\t\t\t\t\t\t\t<span class=\"elementor-accordion-icon-closed\"><i class=\"fas fa-plus\"><\/i><\/span>\n\t\t\t\t\t\t\t\t<span class=\"elementor-accordion-icon-opened\"><i class=\"fas fa-minus\"><\/i><\/span>\n\t\t\t\t\t\t\t\t\t\t\t\t\t\t<\/span>\n\t\t\t\t\t\t\t\t\t\t\t\t<a class=\"elementor-accordion-title\" tabindex=\"0\">\u041e\u043f\u0446\u0438\u0438:<\/a>\n\t\t\t\t\t<\/div>\n\t\t\t\t\t<div id=\"elementor-tab-content-1642\" class=\"elementor-tab-content elementor-clearfix\" data-tab=\"2\" role=\"region\" aria-labelledby=\"elementor-tab-title-1642\"><p>&#8212; \u041c\u043e\u0440\u0441\u043a\u0430\u044f \u044d\u043f\u043e\u043a\u0441\u0438\u0434\u043d\u0430\u044f \u043a\u0440\u0430\u0441\u043a\u0430 \u0434\u043b\u044f \u0437\u0430\u0449\u0438\u0442\u044b \u043e\u0442 \u043a\u043e\u0440\u0440\u043e\u0437\u0438\u0438<br \/>&#8212; \u0428\u0430\u0440\u043d\u0438\u0440\u044b \u0434\u043b\u044f \u043e\u0431\u043b\u0435\u0433\u0447\u0435\u043d\u0438\u044f \u0443\u0441\u0442\u0430\u043d\u043e\u0432\u043a\u0438 \u0438 \u043e\u0431\u0440\u0430\u0449\u0435\u043d\u0438\u044f<br \/>&#8212; \u0412\u0435\u043d\u0442\u0438\u043b\u044f\u0446\u0438\u043e\u043d\u043d\u044b\u0435 \u043e\u0442\u0432\u0435\u0440\u0441\u0442\u0438\u044f \u0434\u043e\u0441\u0442\u0443\u043f\u043d\u044b \u043f\u043e \u0441\u043f\u0435\u0446\u0438\u0444\u0438\u043a\u0430\u0446\u0438\u044f\u043c \u0437\u0430\u043a\u0430\u0437\u0447\u0438\u043a\u0430<br \/>&#8212; \u0410\u043d\u043e\u0434\u044b \u0434\u043b\u044f \u043a\u0430\u0442\u043e\u0434\u043d\u043e\u0439 \u0437\u0430\u0449\u0438\u0442\u044b<br \/>&#8212; \u041c\u0430\u0442\u0435\u0440\u0438\u0430\u043b\u044b, \u0441\u043e\u043e\u0442\u0432\u0435\u0442\u0441\u0442\u0432\u0443\u044e\u0449\u0438\u0435 NACE MR0175\/ISO 15156<\/p>\n<\/div>\n\t\t\t\t<\/div>\n\t\t\t\t\t\t\t\t<\/div>\n\t\t\t\t<\/div>\n\t\t\t\t<\/div>\n\t\t\t\t\t<\/div>\n\t\t<\/div>\n\t\t\t\t<div class=\"elementor-column elementor-col-33 elementor-top-column elementor-element elementor-element-63797950\" data-id=\"63797950\" data-element_type=\"column\">\n\t\t\t<div class=\"elementor-widget-wrap elementor-element-populated\">\n\t\t\t\t\t\t<div class=\"elementor-element elementor-element-79d9b831 elementor-widget elementor-widget-heading\" data-id=\"79d9b831\" data-element_type=\"widget\" data-widget_type=\"heading.default\">\n\t\t\t\t<div class=\"elementor-widget-container\">\n\t\t\t<h3 class='heading-left  divider-sm'  style=\"color:#000000\"><span>\u0422\u0435\u0445\u043d\u0438\u0447\u0435\u0441\u043a\u0438\u0435 \u0445\u0430\u0440\u0430\u043a\u0442\u0435\u0440\u0438\u0441\u0442\u0438\u043a\u0438<\/span><\/h3>\t\t<\/div>\n\t\t\t\t<\/div>\n\t\t\t\t<div class=\"elementor-element elementor-element-37e66991 elementor-widget elementor-widget-text-editor\" data-id=\"37e66991\" data-element_type=\"widget\" data-widget_type=\"text-editor.default\">\n\t\t\t\t<div class=\"elementor-widget-container\">\n\t\t\t\t\t\t\t<p>\u0421\u0442\u0430\u043d\u0434\u0430\u0440\u0442\u043d\u0430\u044f \u0443\u043f\u0430\u043a\u043e\u0432\u043a\u0430 \u2014 Viton. \u041f\u043e \u0437\u0430\u043f\u0440\u043e\u0441\u0443 \u0434\u043e\u0441\u0442\u0443\u043f\u043d\u044b Buna-N, \u0441\u0438\u043b\u0438\u043a\u043e\u043d \u0438 \u0434\u0440\u0443\u0433\u0438\u0435 \u043c\u0430\u0442\u0435\u0440\u0438\u0430\u043b\u044b.<\/p>\n\t\t\t\t\t\t<\/div>\n\t\t\t\t<\/div>\n\t\t\t\t\t<\/div>\n\t\t<\/div>\n\t\t\t\t\t<\/div>\n\t\t<\/section>\n\t\t\t\t<section class=\"elementor-section elementor-top-section elementor-element elementor-element-8022226 elementor-section-boxed elementor-section-height-default elementor-section-height-default\" data-id=\"8022226\" data-element_type=\"section\">\n\t\t\t\t\t\t<div class=\"elementor-container elementor-column-gap-default\">\n\t\t\t\t\t<div class=\"elementor-column elementor-col-100 elementor-top-column elementor-element elementor-element-a9406ee\" data-id=\"a9406ee\" data-element_type=\"column\">\n\t\t\t<div class=\"elementor-widget-wrap elementor-element-populated\">\n\t\t\t\t\t\t<div class=\"elementor-element elementor-element-7e93150 elementor-widget elementor-widget-button\" data-id=\"7e93150\" data-element_type=\"widget\" data-widget_type=\"button.default\">\n\t\t\t\t<div class=\"elementor-widget-container\">\n\t\t\t<a id=button-id-0 target=_blank href=https:\/\/notronpipeline.com\/wp-content\/uploads\/SPLIT-REPAIR-CLAMP-NOTRON-2025-RU.pdf class=\"btn  \" style=><i class='fa fas fa-arrow-circle-down'><\/i> \u0441\u043a\u0430\u0447\u0430\u0442\u044c \u043d\u0430\u0448\u0443 \u0431\u0440\u043e\u0448\u044e\u0440\u0443<\/a>\t\t<\/div>\n\t\t\t\t<\/div>\n\t\t\t\t\t<\/div>\n\t\t<\/div>\n\t\t\t\t\t<\/div>\n\t\t<\/section>\n\t\t\t\t<\/div>\n\t\t","protected":false},"excerpt":{"rendered":"<p>\u0420\u0430\u0437\u044a\u0435\u043c\u043d\u044b\u0439 \u0445\u043e\u043c\u0443\u0442 \u0434\u043b\u044f \u0440\u0435\u043c\u043e\u043d\u0442\u0430 \u0442\u0440\u0443\u0431 \u0420\u0430\u0437\u044a\u0435\u043c\u043d\u044b\u0435 \u0445\u043e\u043c\u0443\u0442\u044b \u0434\u043b\u044f \u0440\u0435\u043c\u043e\u043d\u0442\u0430 \u0442\u0440\u0443\u0431 \u043f\u0440\u0435\u0434\u0441\u0442\u0430\u0432\u043b\u044f\u044e\u0442 \u0441\u043e\u0431\u043e\u0439 \u0440\u0435\u043c\u043e\u043d\u0442\u043d\u044b\u0435 \u0444\u0438\u0442\u0438\u043d\u0433\u0438, \u043a\u043e\u0442\u043e\u0440\u044b\u0435 \u043c\u043e\u0436\u043d\u043e \u0438\u0441\u043f\u043e\u043b\u044c\u0437\u043e\u0432\u0430\u0442\u044c \u0434\u043b\u044f \u0433\u0435\u0440\u043c\u0435\u0442\u0438\u0437\u0430\u0446\u0438\u0438 \u0443\u0442\u0435\u0447\u0435\u043a, \u0432\u044b\u0437\u0432\u0430\u043d\u043d\u044b\u0445 \u043a\u043e\u0440\u0440\u043e\u0437\u0438\u0435\u0439 \u0438\u043b\u0438 \u043f\u043e\u0432\u0440\u0435\u0436\u0434\u0435\u043d\u0438\u044f\u043c\u0438 \u043d\u0430 \u043d\u0430\u0437\u0435\u043c\u043d\u044b\u0445 \u0438 \u043f\u043e\u0434\u0432\u043e\u0434\u043d\u044b\u0445 \u0442\u0440\u0443\u0431\u043e\u043f\u0440\u043e\u0432\u043e\u0434\u0430\u0445. \u0420\u0430\u0437\u044a\u0435\u043c\u043d\u044b\u0435 \u0445\u043e\u043c\u0443\u0442\u044b \u0434\u043b\u044f \u0440\u0435\u043c\u043e\u043d\u0442\u0430 \u0442\u0440\u0443\u0431 \u043f\u0440\u043e\u0441\u0442\u044b \u0438 \u0431\u0435\u0437\u043e\u043f\u0430\u0441\u043d\u044b \u0432 \u0443\u0441\u0442\u0430\u043d\u043e\u0432\u043a\u0435. \u0423\u0442\u0435\u0447\u043a\u0430 &hellip;<\/p>\n","protected":false},"author":1,"featured_media":0,"parent":0,"menu_order":0,"comment_status":"closed","ping_status":"closed","template":"","meta":{"footnotes":""},"class_list":["post-4649","page","type-page","status-publish","hentry"],"_links":{"self":[{"href":"https:\/\/notronpipeline.com\/ru\/wp-json\/wp\/v2\/pages\/4649","targetHints":{"allow":["GET"]}}],"collection":[{"href":"https:\/\/notronpipeline.com\/ru\/wp-json\/wp\/v2\/pages"}],"about":[{"href":"https:\/\/notronpipeline.com\/ru\/wp-json\/wp\/v2\/types\/page"}],"author":[{"embeddable":true,"href":"https:\/\/notronpipeline.com\/ru\/wp-json\/wp\/v2\/users\/1"}],"replies":[{"embeddable":true,"href":"https:\/\/notronpipeline.com\/ru\/wp-json\/wp\/v2\/comments?post=4649"}],"version-history":[{"count":16,"href":"https:\/\/notronpipeline.com\/ru\/wp-json\/wp\/v2\/pages\/4649\/revisions"}],"predecessor-version":[{"id":7370,"href":"https:\/\/notronpipeline.com\/ru\/wp-json\/wp\/v2\/pages\/4649\/revisions\/7370"}],"wp:attachment":[{"href":"https:\/\/notronpipeline.com\/ru\/wp-json\/wp\/v2\/media?parent=4649"}],"curies":[{"name":"wp","href":"https:\/\/api.w.org\/{rel}","templated":true}]}}