{"id":4750,"date":"2022-12-02T09:12:20","date_gmt":"2022-12-02T09:12:20","guid":{"rendered":"https:\/\/notronpipeline.com\/entegre-yonetim-sistemleri-politikasi\/"},"modified":"2023-06-10T10:44:47","modified_gmt":"2023-06-10T10:44:47","slug":"entegre-yonetim-sistemleri-politikasi","status":"publish","type":"page","link":"https:\/\/notronpipeline.com\/ru\/entegre-yonetim-sistemleri-politikasi\/","title":{"rendered":"Entegre Y\u00f6netim Sistemleri Politikas\u0131"},"content":{"rendered":"\t\t<div data-elementor-type=\"wp-page\" data-elementor-id=\"4750\" class=\"elementor elementor-4750 elementor-2002\">\n\t\t\t\t\t\t<section class=\"elementor-section elementor-top-section elementor-element elementor-element-08be37b elementor-section-boxed elementor-section-height-default elementor-section-height-default\" data-id=\"08be37b\" data-element_type=\"section\">\n\t\t\t\t\t\t<div class=\"elementor-container elementor-column-gap-default\">\n\t\t\t\t\t<div class=\"elementor-column elementor-col-100 elementor-top-column elementor-element elementor-element-4c8adfd\" data-id=\"4c8adfd\" data-element_type=\"column\">\n\t\t\t<div class=\"elementor-widget-wrap\">\n\t\t\t\t\t\t\t<\/div>\n\t\t<\/div>\n\t\t\t\t\t<\/div>\n\t\t<\/section>\n\t\t\t\t<section class=\"elementor-section elementor-top-section elementor-element elementor-element-69fd3d4 elementor-section-boxed elementor-section-height-default elementor-section-height-default\" data-id=\"69fd3d4\" data-element_type=\"section\">\n\t\t\t\t\t\t<div class=\"elementor-container elementor-column-gap-default\">\n\t\t\t\t\t<div class=\"elementor-column elementor-col-100 elementor-top-column elementor-element elementor-element-a5fc655\" data-id=\"a5fc655\" data-element_type=\"column\">\n\t\t\t<div class=\"elementor-widget-wrap elementor-element-populated\">\n\t\t\t\t\t\t<div class=\"elementor-element elementor-element-358b0bf elementor-widget elementor-widget-heading\" data-id=\"358b0bf\" data-element_type=\"widget\" data-widget_type=\"heading.default\">\n\t\t\t\t<div class=\"elementor-widget-container\">\n\t\t\t<h3 class='heading-left  divider-sm'  style=\"color:#000000\"><span>ENTEGRE Y\u00d6NET\u0130M S\u0130STEMLER\u0130 POL\u0130T\u0130KASI (Kalite, \u00c7evre, \u0130SG ve Enerji)<\/span><\/h3>\t\t<\/div>\n\t\t\t\t<\/div>\n\t\t\t\t<div class=\"elementor-element elementor-element-1113a30 elementor-widget elementor-widget-text-editor\" data-id=\"1113a30\" data-element_type=\"widget\" data-widget_type=\"text-editor.default\">\n\t\t\t\t<div class=\"elementor-widget-container\">\n\t\t\t\t\t\t\t<ul><li><p>N\u00d6TRON MAK\u0130NE A.\u015e. olarak; s\u00fcrekli ve kal\u0131c\u0131 ba\u015far\u0131n\u0131n y\u00f6netim sistemlerinin uygulanmas\u0131, s\u00fcrd\u00fcr\u00fclmesi ve s\u00fcrekli iyile\u015ftirilmesi sa\u011flanaca\u011f\u0131na inan\u0131yoruz.<\/p><p>Bu nedenle,<\/p><ul><li>\u0420\u0438\u0441\u043a\u043b\u0435\u0440\u0438 \u0432\u0435 \u0444\u044b\u0440\u0441\u0430\u0442\u043b\u0430\u0440\u044b \u044d\u0442\u043a\u0438\u043d \u015fekilde y\u00f6neterek t\u00fcm s\u00fcre\u00e7lerimizi s\u00fcrekli iyile\u015ftirmeyi,<\/li><li>M\u00fc\u015fterilerimizin beklentilerini kar\u015f\u0131lamay\u0131 ve m\u00fc\u015fteri memnuniyetini artt\u0131rmay\u0131,<\/li><li>T\u00fcm faaliyetlerimizi ulusal ve uluslararas\u0131 yasal \u015fartlara uygun olarak y\u00fcr\u00fctmeyi,<\/li><li>Kalite, \u0130SG, ve \u00c7evre bilincini ba\u015fta \u00e7al\u0131\u015fanlar\u0131m\u0131z olmak \u00fczere t\u00fcm payda\u015flar\u0131m\u0131za yayg\u0131nla\u015ft\u0131rmay\u0131,<\/li><li>Y\u00f6netim sistemlerinin performans\u0131n\u0131 s\u00fcrekli iyile\u015ftirmeyi,<\/li><li>\u0130SG tehlikelerini dikkate alarak ve riskleri y\u00f6neterek sa\u011fl\u0131kl\u0131 ve g\u00fcvenli bir \u00e7al\u0131\u015fma ortam\u0131 olu\u015fturmay\u0131,<\/li><li>Yaralanmalar\u0131 ve sa\u011fl\u0131k bozulmalar\u0131n\u0131 \u00f6nlemeyi,<\/li><li>\u00c7al\u0131\u015fan ve \u00e7al\u0131\u015fan temsilcilerine dan\u0131\u015fmay\u0131 ve kat\u0131l\u0131mlar\u0131n\u0131 sa\u011flamay\u0131,<\/li><li>\u00c7evreyi korumay\u0131, t\u00fcm faaliyetlerimizin \u00e7evre boyutunu dikkate alarak kirlili\u011fi kayna\u011f\u0131nda \u00f6nlemeyi,<\/li><li>At\u0131klar\u0131m\u0131z\u0131 azalt\u0131c\u0131 \u00f6nlemler almay\u0131, hammadde, enerji ve do\u011fal kaynaklar\u0131 verimli kullanmay\u0131,<\/li><li>Enerji \u00fcretim faaliyetleri s\u0131ras\u0131ndaki verimlili\u011fi en \u00fcst seviyede tutmay\u0131,<\/li><li>\u042d\u043d\u0435\u0440\u0434\u0436\u0438 \u00fcretimi \u0438\u0447\u0438\u043d \u044d\u043d\u0435\u0440\u0434\u0436\u0438 \u043a\u0430\u0439\u043d\u0430\u043a\u043b\u0430\u0440\u044b\u043d\u044b \u043c\u0438\u043d\u0438\u043c\u0443\u043c\u0434\u0430 tutmay\u0131, \u044d\u043d\u0435\u0440\u0434\u0436\u0438 \u043a\u0430\u0439\u043d\u0430\u043a\u043b\u0430\u0440\u044b\u043d\u044b\u043d\u044b \u0430\u0437\u0430\u043b\u0442\u043c\u0430\u043a \u0438\u0447\u0438\u043d \u043f\u0440\u043e\u0434\u0436\u0435\u043b\u0435\u0440 \u0433\u0435\u043b\u0438\u0448\u0442\u0438\u0440\u043c\u0435\u0439\u0438 \u0432\u0435 \u0441\u044e\u0440\u0435\u043a\u043b\u0438 \u0438\u0439\u0438\u043b\u0435\u0448\u0442\u0438\u0440\u043c\u0435\u0439\u0438,<\/li><li>K\u00fcresel \u0131s\u0131nma ve iklim de\u011fi\u015fikli\u011fi konusunda duyarl\u0131 olup tedbirler almay\u0131,<\/li><li>Sat\u0131n alma ve tasar\u0131m faaliyetlerini enerji verimlili\u011fine uygun y\u00f6netmeyi,<\/li><li>\u00dcretim s\u00fcrecinde olu\u015fan at\u0131klar\u0131 faydal\u0131 enerjiye \u00e7evirmeyi,<\/li><\/ul><p>\u0442\u0430\u0430\u0445\u0445\u044e\u0442 \u044d\u0434\u0438\u0451\u0440\u0443\u0437.<\/p><p>\u0421\u0435\u0440\u043a\u0430\u043d \u0418\u041c\u0410<\/p><p>N\u00d6TRON MAKI\u0307NE A.\u015e.<\/p><p>\u0413\u0415\u041d\u0415\u041b\u042c \u041c\u042e\u0414\u042e\u0420<\/p><\/li><\/ul>\t\t\t\t\t\t<\/div>\n\t\t\t\t<\/div>\n\t\t\t\t\t<\/div>\n\t\t<\/div>\n\t\t\t\t\t<\/div>\n\t\t<\/section>\n\t\t\t\t<\/div>\n\t\t","protected":false},"excerpt":{"rendered":"<p>ENTEGRE Y\u00d6NET\u0130M S\u0130STEMLER\u0130 POL\u0130T\u0130KASI (Kalite, \u00c7evre, \u0130SG ve Enerji) N\u00d6TRON MAK\u0130NE A.\u015e. olarak; s\u00fcrekli ve kal\u0131c\u0131 ba\u015far\u0131n\u0131n y\u00f6netim sistemlerinin uygulanmas\u0131, s\u00fcrd\u00fcr\u00fclmesi ve s\u00fcrekli iyile\u015ftirilmesi sa\u011flanaca\u011f\u0131na inan\u0131yoruz. Bu nedenle, \u0420\u0438\u0441\u043a\u043b\u0435\u0440\u0438 \u0432\u0435 \u0444\u044b\u0440\u0441\u0430\u0442\u043b\u0430\u0440\u044b \u044d\u0442\u043a\u0438\u043d \u015fekilde y\u00f6neterek t\u00fcm s\u00fcre\u00e7lerimizi s\u00fcrekli iyile\u015ftirmeyi, M\u00fc\u015fterilerimizin beklentilerini &hellip;<\/p>\n","protected":false},"author":2,"featured_media":0,"parent":0,"menu_order":0,"comment_status":"closed","ping_status":"closed","template":"","meta":{"footnotes":""},"class_list":["post-4750","page","type-page","status-publish","hentry"],"_links":{"self":[{"href":"https:\/\/notronpipeline.com\/ru\/wp-json\/wp\/v2\/pages\/4750","targetHints":{"allow":["GET"]}}],"collection":[{"href":"https:\/\/notronpipeline.com\/ru\/wp-json\/wp\/v2\/pages"}],"about":[{"href":"https:\/\/notronpipeline.com\/ru\/wp-json\/wp\/v2\/types\/page"}],"author":[{"embeddable":true,"href":"https:\/\/notronpipeline.com\/ru\/wp-json\/wp\/v2\/users\/2"}],"replies":[{"embeddable":true,"href":"https:\/\/notronpipeline.com\/ru\/wp-json\/wp\/v2\/comments?post=4750"}],"version-history":[{"count":5,"href":"https:\/\/notronpipeline.com\/ru\/wp-json\/wp\/v2\/pages\/4750\/revisions"}],"predecessor-version":[{"id":4840,"href":"https:\/\/notronpipeline.com\/ru\/wp-json\/wp\/v2\/pages\/4750\/revisions\/4840"}],"wp:attachment":[{"href":"https:\/\/notronpipeline.com\/ru\/wp-json\/wp\/v2\/media?parent=4750"}],"curies":[{"name":"wp","href":"https:\/\/api.w.org\/{rel}","templated":true}]}}