{"id":4831,"date":"2022-12-01T21:30:51","date_gmt":"2022-12-01T21:30:51","guid":{"rendered":"https:\/\/notronpipeline.com\/kalite-politikamiz\/"},"modified":"2023-06-10T10:44:47","modified_gmt":"2023-06-10T10:44:47","slug":"kalite-politikamiz","status":"publish","type":"page","link":"https:\/\/notronpipeline.com\/ru\/kalite-politikamiz\/","title":{"rendered":"Kalite Politikam\u0131z"},"content":{"rendered":"\t\t<div data-elementor-type=\"wp-page\" data-elementor-id=\"4831\" class=\"elementor elementor-4831 elementor-1993\">\n\t\t\t\t\t\t<section class=\"elementor-section elementor-top-section elementor-element elementor-element-08be37b elementor-section-boxed elementor-section-height-default elementor-section-height-default\" data-id=\"08be37b\" data-element_type=\"section\">\n\t\t\t\t\t\t<div class=\"elementor-container elementor-column-gap-default\">\n\t\t\t\t\t<div class=\"elementor-column elementor-col-100 elementor-top-column elementor-element elementor-element-4c8adfd\" data-id=\"4c8adfd\" data-element_type=\"column\">\n\t\t\t<div class=\"elementor-widget-wrap\">\n\t\t\t\t\t\t\t<\/div>\n\t\t<\/div>\n\t\t\t\t\t<\/div>\n\t\t<\/section>\n\t\t\t\t<section class=\"elementor-section elementor-top-section elementor-element elementor-element-7c5aea0 elementor-section-boxed elementor-section-height-default elementor-section-height-default\" data-id=\"7c5aea0\" data-element_type=\"section\">\n\t\t\t\t\t\t<div class=\"elementor-container elementor-column-gap-default\">\n\t\t\t\t\t<div class=\"elementor-column elementor-col-50 elementor-top-column elementor-element elementor-element-620fbc6\" data-id=\"620fbc6\" data-element_type=\"column\">\n\t\t\t<div class=\"elementor-widget-wrap elementor-element-populated\">\n\t\t\t\t\t\t<div class=\"elementor-element elementor-element-58262c3 elementor-widget elementor-widget-heading\" data-id=\"58262c3\" data-element_type=\"widget\" data-widget_type=\"heading.default\">\n\t\t\t\t<div class=\"elementor-widget-container\">\n\t\t\t<h3 class='heading-left  divider-sm'  style=\"color:#000000\"><span>V\u0130ZYONUMUZ<\/span><\/h3>\t\t<\/div>\n\t\t\t\t<\/div>\n\t\t\t\t<div class=\"elementor-element elementor-element-d856d18 elementor-widget elementor-widget-text-editor\" data-id=\"d856d18\" data-element_type=\"widget\" data-widget_type=\"text-editor.default\">\n\t\t\t\t<div class=\"elementor-widget-container\">\n\t\t\t\t\t\t\t<p class=\"Stil1\">Faaliyet g\u00f6sterdi\u011fimiz sekt\u00f6rde i\u015f eti\u011fi kurallar\u0131n\u0131 esas alarak maksimum m\u00fc\u015fteri memnuniyeti anlay\u0131\u015f\u0131 ile hizmet etmeyi ve sekt\u00f6r\u00fcm\u00fczde iyi bir yer edinmeyi ama\u00e7l\u0131yoruz.<\/p>\t\t\t\t\t\t<\/div>\n\t\t\t\t<\/div>\n\t\t\t\t\t<\/div>\n\t\t<\/div>\n\t\t\t\t<div class=\"elementor-column elementor-col-50 elementor-top-column elementor-element elementor-element-12bb945\" data-id=\"12bb945\" data-element_type=\"column\">\n\t\t\t<div class=\"elementor-widget-wrap elementor-element-populated\">\n\t\t\t\t\t\t<div class=\"elementor-element elementor-element-981009e elementor-widget elementor-widget-heading\" data-id=\"981009e\" data-element_type=\"widget\" data-widget_type=\"heading.default\">\n\t\t\t\t<div class=\"elementor-widget-container\">\n\t\t\t<h3 class='heading-left  divider-sm'  style=\"color:#000000\"><span>M\u0130SYONUMUZ<\/span><\/h3>\t\t<\/div>\n\t\t\t\t<\/div>\n\t\t\t\t<div class=\"elementor-element elementor-element-ab56b04 elementor-widget elementor-widget-text-editor\" data-id=\"ab56b04\" data-element_type=\"widget\" data-widget_type=\"text-editor.default\">\n\t\t\t\t<div class=\"elementor-widget-container\">\n\t\t\t\t\t\t\t<p class=\"Stil1\">Tak\u0131m \u00e7al\u0131\u015fmas\u0131n\u0131n \u00f6nemini \u00f6z\u00fcmseyen personelimizle verdi\u011fimiz hizmetin niteli\u011fini artt\u0131rmak, m\u00fc\u015fterimize ihtiya\u00e7lar\u0131 do\u011frultusunda hizmet verebilecek, s\u00fcrekli geli\u015fmeyi hedef alan bir i\u00e7yap\u0131 olu\u015fturaca\u011f\u0131z.<\/p>\t\t\t\t\t\t<\/div>\n\t\t\t\t<\/div>\n\t\t\t\t\t<\/div>\n\t\t<\/div>\n\t\t\t\t\t<\/div>\n\t\t<\/section>\n\t\t\t\t<section class=\"elementor-section elementor-top-section elementor-element elementor-element-69fd3d4 elementor-section-boxed elementor-section-height-default elementor-section-height-default\" data-id=\"69fd3d4\" data-element_type=\"section\">\n\t\t\t\t\t\t<div class=\"elementor-container elementor-column-gap-default\">\n\t\t\t\t\t<div class=\"elementor-column elementor-col-100 elementor-top-column elementor-element elementor-element-a5fc655\" data-id=\"a5fc655\" data-element_type=\"column\">\n\t\t\t<div class=\"elementor-widget-wrap elementor-element-populated\">\n\t\t\t\t\t\t<div class=\"elementor-element elementor-element-358b0bf elementor-widget elementor-widget-heading\" data-id=\"358b0bf\" data-element_type=\"widget\" data-widget_type=\"heading.default\">\n\t\t\t\t<div class=\"elementor-widget-container\">\n\t\t\t<h3 class='heading-left  divider-sm'  style=\"color:#000000\"><span>POL\u0130T\u0130KAMIZ<\/span><\/h3>\t\t<\/div>\n\t\t\t\t<\/div>\n\t\t\t\t<div class=\"elementor-element elementor-element-1113a30 elementor-widget elementor-widget-text-editor\" data-id=\"1113a30\" data-element_type=\"widget\" data-widget_type=\"text-editor.default\">\n\t\t\t\t<div class=\"elementor-widget-container\">\n\t\t\t\t\t\t\t<ul><li>Mevcut sekt\u00f6rel faaliyet alanlar\u0131m\u0131zda teknolojik geli\u015fmelerin \u00e7\u0131tas\u0131n\u0131 belirleyecek ve kaliteli, g\u00fcvenilir hizmet sunacak bir firma olaca\u011f\u0131z.<\/li><li>Yapaca\u011f\u0131m\u0131z her i\u015fte t\u00fcm ekibimiz ile yasalar\u0131n ve kanunlar\u0131n gereklerini tam olarak yerine getirece\u011fiz.<\/li><li>T\u00fcm personelimize, hem teknik anlamda yeterliliklerini sa\u011flamak, artt\u0131rmak ve devaml\u0131l\u0131\u011f\u0131n\u0131 sa\u011flamak hem de i\u015f eti\u011fi, tarafs\u0131zl\u0131k, i\u015f g\u00fcvenli\u011fi, m\u00fc\u015fteri ili\u015fkileri vb rehberlik edici konularda bilgilenmesini sa\u011flamak ad\u0131na e\u011fitimler vererek, personelimizin standard\u0131n\u0131 y\u00fckseltmi\u015f olaca\u011f\u0131z.<\/li><li>Gereken altyap\u0131 ve uygun \u00e7al\u0131\u015fma ortam\u0131n\u0131 sa\u011flayarak i\u015fin kalitesini art\u0131rm\u0131\u015f olaca\u011f\u0131z.<\/li><li>Mevcut hizmetlerimizde kalite ve hizmet standard\u0131 i\u00e7in birim y\u00f6neticilerimizin taahh\u00fcd\u00fcn\u00fc alaca\u011f\u0131z.<\/li><li>Hizmetlerimizin y\u00fcr\u00fct\u00fclmesinde g\u00f6rev alan b\u00fct\u00fcn personelimizi, y\u00f6netim sistemi dok\u00fcmantasyonumuzu \u00f6\u011frenmelerini ve kendi i\u015flerinde uygulamalar\u0131n\u0131 sa\u011flayaca\u011f\u0131z.<\/li><li>Kaliteye ili\u015fkin y\u00f6netim sistemimizin amac\u0131, sistematik bir \u00e7al\u0131\u015fma ortam\u0131n\u0131n s\u00fcrd\u00fcr\u00fclmesi i\u00e7in sistemin temel ta\u015flar\u0131n\u0131n uygulay\u0131c\u0131lar taraf\u0131ndan alg\u0131lanabilir, sindirilebilir ve uygulanabilir olmas\u0131n\u0131n, izlenebilirli\u011fin, kullan\u0131lan malzeme, ara\u00e7-gere\u00e7 ve i\u015f\u00e7ili\u011fin nitelendirilmesi, \u00fcr\u00fcn\u00fcn (hizmetin) vas\u0131fland\u0131r\u0131lmas\u0131, ulusal ve uluslararas\u0131 ili\u015fkilerde y\u00f6netim sistemi paydas\u0131nda ortak anlay\u0131\u015f\u0131n sa\u011flanmas\u0131d\u0131r.<\/li><li>Kalite Sistemimize ba\u011fl\u0131 olarak s\u00fcrekli iyile\u015ftirme taahh\u00fcd\u00fcm\u00fcz\u00fc yerine getirece\u011fiz.<\/li><\/ul>\t\t\t\t\t\t<\/div>\n\t\t\t\t<\/div>\n\t\t\t\t\t<\/div>\n\t\t<\/div>\n\t\t\t\t\t<\/div>\n\t\t<\/section>\n\t\t\t\t<\/div>\n\t\t","protected":false},"excerpt":{"rendered":"<p>V\u0130ZYONUMUZ Faaliyet g\u00f6sterdi\u011fimiz sekt\u00f6rde i\u015f eti\u011fi kurallar\u0131n\u0131 esas alarak maksimum m\u00fc\u015fteri memnuniyeti anlay\u0131\u015f\u0131 ile hizmet etmeyi ve sekt\u00f6r\u00fcm\u00fczde iyi bir yer edinmeyi ama\u00e7l\u0131yoruz. M\u0130SYONUMUZ Tak\u0131m \u00e7al\u0131\u015fmas\u0131n\u0131n \u00f6nemini \u00f6z\u00fcmseyen personelimizle verdi\u011fimiz hizmetin niteli\u011fini artt\u0131rmak, m\u00fc\u015fterimize ihtiya\u00e7lar\u0131 do\u011frultusunda hizmet verebilecek, s\u00fcrekli geli\u015fmeyi &hellip;<\/p>\n","protected":false},"author":2,"featured_media":0,"parent":0,"menu_order":0,"comment_status":"closed","ping_status":"closed","template":"","meta":{"footnotes":""},"class_list":["post-4831","page","type-page","status-publish","hentry"],"_links":{"self":[{"href":"https:\/\/notronpipeline.com\/ru\/wp-json\/wp\/v2\/pages\/4831","targetHints":{"allow":["GET"]}}],"collection":[{"href":"https:\/\/notronpipeline.com\/ru\/wp-json\/wp\/v2\/pages"}],"about":[{"href":"https:\/\/notronpipeline.com\/ru\/wp-json\/wp\/v2\/types\/page"}],"author":[{"embeddable":true,"href":"https:\/\/notronpipeline.com\/ru\/wp-json\/wp\/v2\/users\/2"}],"replies":[{"embeddable":true,"href":"https:\/\/notronpipeline.com\/ru\/wp-json\/wp\/v2\/comments?post=4831"}],"version-history":[{"count":1,"href":"https:\/\/notronpipeline.com\/ru\/wp-json\/wp\/v2\/pages\/4831\/revisions"}],"predecessor-version":[{"id":4838,"href":"https:\/\/notronpipeline.com\/ru\/wp-json\/wp\/v2\/pages\/4831\/revisions\/4838"}],"wp:attachment":[{"href":"https:\/\/notronpipeline.com\/ru\/wp-json\/wp\/v2\/media?parent=4831"}],"curies":[{"name":"wp","href":"https:\/\/api.w.org\/{rel}","templated":true}]}}