{"id":1635,"date":"2020-03-16T13:11:00","date_gmt":"2020-03-16T13:11:00","guid":{"rendered":"https:\/\/notronpipeline.com\/elektronik-isaretleyiciler\/"},"modified":"2025-03-27T14:09:42","modified_gmt":"2025-03-27T14:09:42","slug":"elektronik-isaretleyiciler-elektromanyetik-isaret-toplari","status":"publish","type":"page","link":"https:\/\/notronpipeline.com\/tr\/elektronik-isaretleyiciler-elektromanyetik-isaret-toplari\/","title":{"rendered":"ELEKTROMANYET\u0130K \u0130\u015eARET TOPLARI"},"content":{"rendered":"\t\t<div data-elementor-type=\"wp-page\" data-elementor-id=\"1635\" class=\"elementor elementor-1635 elementor-114\">\n\t\t\t\t\t\t<section class=\"elementor-section elementor-top-section elementor-element elementor-element-3711ad03 elementor-section-boxed elementor-section-height-default elementor-section-height-default\" data-id=\"3711ad03\" data-element_type=\"section\">\n\t\t\t\t\t\t<div class=\"elementor-container elementor-column-gap-default\">\n\t\t\t\t\t<div class=\"elementor-column elementor-col-100 elementor-top-column elementor-element elementor-element-13581c81\" data-id=\"13581c81\" data-element_type=\"column\">\n\t\t\t<div class=\"elementor-widget-wrap elementor-element-populated\">\n\t\t\t\t\t\t<div class=\"elementor-element elementor-element-ba2061f elementor-widget elementor-widget-gallery_slider\" data-id=\"ba2061f\" data-element_type=\"widget\" data-widget_type=\"gallery_slider.default\">\n\t\t\t\t<div class=\"elementor-widget-container\">\n\t\t\t<div class=\"gallery-fs\"><figure><img decoding=\"async\" src=\"https:\/\/notronpipeline.com\/wp-content\/uploads\/marker-1-1-rotated.jpg\" alt=\"\"><\/figure><div class=\"gallery-fs-nav\"><button class=\"gallery-fs-fullscreen\"><i class=\"fa fa-arrows-alt\"><\/i><\/button><\/div><div class=\"gallery-fs-thumbnails gallery-fs-thumbnails-col-5 owl-carousel owl-loaded\"><a href='https:\/\/notronpipeline.com\/wp-content\/uploads\/marker-1-1-rotated.jpg' data-caption='markers' title='marker (1)' class=\"selected\"><img class='attachment-anps-gallery-thumb size-anps-gallery-thumb' src=https:\/\/notronpipeline.com\/wp-content\/uploads\/marker-1-1-rotated.jpg sizes='(max-width: 280px) 100vw, 280px' width='280' height='158'><\/a><a href='https:\/\/notronpipeline.com\/wp-content\/uploads\/ANKA7716-Large.jpg' data-caption='markers' title='markers'><img class='attachment-anps-gallery-thumb size-anps-gallery-thumb' src=https:\/\/notronpipeline.com\/wp-content\/uploads\/ANKA7716-Large.jpg sizes='(max-width: 280px) 100vw, 280px' width='280' height='158'><\/a><\/div><\/div>\t\t<\/div>\n\t\t\t\t<\/div>\n\t\t\t\t\t<\/div>\n\t\t<\/div>\n\t\t\t\t\t<\/div>\n\t\t<\/section>\n\t\t\t\t<section class=\"elementor-section elementor-top-section elementor-element elementor-element-f8d0580 elementor-section-boxed elementor-section-height-default elementor-section-height-default\" data-id=\"f8d0580\" data-element_type=\"section\">\n\t\t\t\t\t\t<div class=\"elementor-container elementor-column-gap-default\">\n\t\t\t\t\t<div class=\"elementor-column elementor-col-100 elementor-top-column elementor-element elementor-element-a4f8ffd\" data-id=\"a4f8ffd\" data-element_type=\"column\">\n\t\t\t<div class=\"elementor-widget-wrap elementor-element-populated\">\n\t\t\t\t\t\t<div class=\"elementor-element elementor-element-2b928a2 elementor-widget elementor-widget-video\" data-id=\"2b928a2\" data-element_type=\"widget\" data-settings=\"{&quot;youtube_url&quot;:&quot;https:\\\/\\\/www.youtube.com\\\/watch?v=Hff0qfhZDHU&quot;,&quot;video_type&quot;:&quot;youtube&quot;,&quot;controls&quot;:&quot;yes&quot;}\" data-widget_type=\"video.default\">\n\t\t\t\t<div class=\"elementor-widget-container\">\n\t\t\t\t\t<div class=\"elementor-wrapper elementor-open-inline\">\n\t\t\t<div class=\"elementor-video\"><\/div>\t\t<\/div>\n\t\t\t\t<\/div>\n\t\t\t\t<\/div>\n\t\t\t\t\t<\/div>\n\t\t<\/div>\n\t\t\t\t\t<\/div>\n\t\t<\/section>\n\t\t\t\t<section class=\"elementor-section elementor-top-section elementor-element elementor-element-6aa126a7 elementor-section-boxed elementor-section-height-default elementor-section-height-default\" data-id=\"6aa126a7\" data-element_type=\"section\">\n\t\t\t\t\t\t<div class=\"elementor-container elementor-column-gap-default\">\n\t\t\t\t\t<div class=\"elementor-column elementor-col-100 elementor-top-column elementor-element elementor-element-4af54113\" data-id=\"4af54113\" data-element_type=\"column\">\n\t\t\t<div class=\"elementor-widget-wrap elementor-element-populated\">\n\t\t\t\t\t\t<div class=\"elementor-element elementor-element-35123406 elementor-widget elementor-widget-heading\" data-id=\"35123406\" data-element_type=\"widget\" data-widget_type=\"heading.default\">\n\t\t\t\t<div class=\"elementor-widget-container\">\n\t\t\t<h3 class='heading-left  divider-sm'  style=\"color:#000000\"><span>ELEKTROMANYET\u0130K \u0130\u015eARET TOPLARI<\/span><\/h3>\t\t<\/div>\n\t\t\t\t<\/div>\n\t\t\t\t<div class=\"elementor-element elementor-element-54ce72a elementor-widget elementor-widget-text-editor\" data-id=\"54ce72a\" data-element_type=\"widget\" data-widget_type=\"text-editor.default\">\n\t\t\t\t<div class=\"elementor-widget-container\">\n\t\t\t\t\t\t\t<p>\u0130\u015faretler, bir do\u011fal gaz boru hatt\u0131n\u0131n, petrol boru hatt\u0131n\u0131n veya yeralt\u0131na g\u00f6m\u00fcl\u00fc ba\u015fka herhangi bir \u00f6zel boru hatt\u0131n\u0131n oldu\u011funu i\u015faretlemek ve belirtmek i\u00e7in kullan\u0131l\u0131r. \u0130\u015faretleyiciler, boru hatt\u0131n\u0131n etraf\u0131ndaki alan\u0131 korumak ve hasar\u0131 \u00f6nlemek i\u00e7in bir uyar\u0131 i\u015fareti olarak kullan\u0131l\u0131r.<\/p>\t\t\t\t\t\t<\/div>\n\t\t\t\t<\/div>\n\t\t\t\t\t<\/div>\n\t\t<\/div>\n\t\t\t\t\t<\/div>\n\t\t<\/section>\n\t\t\t\t<section class=\"elementor-section elementor-top-section elementor-element elementor-element-3c2e602a elementor-section-boxed elementor-section-height-default elementor-section-height-default\" data-id=\"3c2e602a\" data-element_type=\"section\">\n\t\t\t\t\t\t<div class=\"elementor-container elementor-column-gap-default\">\n\t\t\t\t\t<div class=\"elementor-column elementor-col-66 elementor-top-column elementor-element elementor-element-3d757178\" data-id=\"3d757178\" data-element_type=\"column\">\n\t\t\t<div class=\"elementor-widget-wrap elementor-element-populated\">\n\t\t\t\t\t\t<div class=\"elementor-element elementor-element-65f72c8f elementor-widget elementor-widget-heading\" data-id=\"65f72c8f\" data-element_type=\"widget\" data-widget_type=\"heading.default\">\n\t\t\t\t<div class=\"elementor-widget-container\">\n\t\t\t<h3 class='heading-left  divider-sm'  style=\"color:#000000\"><span>Genel Bak\u0131\u015f<\/span><\/h3>\t\t<\/div>\n\t\t\t\t<\/div>\n\t\t\t\t<div class=\"elementor-element elementor-element-fcfeae5 elementor-widget elementor-widget-text-editor\" data-id=\"fcfeae5\" data-element_type=\"widget\" data-widget_type=\"text-editor.default\">\n\t\t\t\t<div class=\"elementor-widget-container\">\n\t\t\t\t\t\t\t<ul>\n<li>\u00c7al\u0131\u015fma Derinli\u011fi:&gt;\u00c7o\u011fu toprak t\u00fcr\u00fcnde &gt;5 ft tipik (1,5 m)<\/li>\n<li>Paket Malzemesi: Y\u00fcksek yo\u011funluklu polietilen\n<ul>\n<li>Dayan\u0131kl\u0131<\/li>\n<li>Yeniden kullan\u0131labilir<\/li>\n<li>Kullan\u0131m \u00f6mr\u00fc sonunda geri d\u00f6n\u00fc\u015ft\u00fcr\u00fclebilir<\/li>\n<\/ul>\n<\/li>\n<li>G\u00fc\u00e7l\u00fc, kal\u0131planm\u0131\u015f ba\u011flama halkalar\u0131<\/li>\n<li>30 i\u015faretleyici durumunda<\/li>\n<li>A\u011f\u0131rl\u0131k: 145 gr<\/li>\n<li>Tehlikeli s\u0131v\u0131 yok<\/li>\n<li>\u0130\u015faretlemek ve bulmak i\u00e7in Omni Marker&#8217;\u0131 kullan\u0131n:\n<ul>\n<li>g\u00f6m\u00fcl\u00fc eklemeler ve y\u00fck bobinleri<\/li>\n<li>g\u00f6m\u00fcl\u00fc servis damlalar\u0131<\/li>\n<li>boru u\u00e7lar\u0131<\/li>\n<li>boru hatlar\u0131<\/li>\n<li>yol ge\u00e7i\u015fleri<\/li>\n<li>kablo yollar\u0131<\/li>\n<li>fiber optik tesisler<\/li>\n<li>kald\u0131r\u0131m veya e\u011fim de\u011fi\u015fiklikleri alt\u0131ndaki r\u00f6garlar<\/li>\n<li>karla kapl\u0131 tesisler<\/li>\n<li>askeri gizli zulalar<\/li>\n<li>survey noktalar\u0131<\/li>\n<li>septik tesisler<\/li>\n<li>onar\u0131m noktalar\u0131<\/li>\n<li>metalik olmayan \u00e7izgiler<\/li>\n<\/ul>\n<\/li>\n<\/ul>\n\t\t\t\t\t\t<\/div>\n\t\t\t\t<\/div>\n\t\t\t\t\t<\/div>\n\t\t<\/div>\n\t\t\t\t<div class=\"elementor-column elementor-col-33 elementor-top-column elementor-element elementor-element-671b6d44\" data-id=\"671b6d44\" data-element_type=\"column\">\n\t\t\t<div class=\"elementor-widget-wrap elementor-element-populated\">\n\t\t\t\t\t\t<div class=\"elementor-element elementor-element-171b6a1c elementor-widget elementor-widget-heading\" data-id=\"171b6a1c\" data-element_type=\"widget\" data-widget_type=\"heading.default\">\n\t\t\t\t<div class=\"elementor-widget-container\">\n\t\t\t<h3 class='heading-left  divider-sm'  style=\"color:#000000\"><span>\u00d6zellikler<\/span><\/h3>\t\t<\/div>\n\t\t\t\t<\/div>\n\t\t\t\t<div class=\"elementor-element elementor-element-6db0d94f elementor-widget elementor-widget-text-editor\" data-id=\"6db0d94f\" data-element_type=\"widget\" data-widget_type=\"text-editor.default\">\n\t\t\t\t<div class=\"elementor-widget-container\">\n\t\t\t\t\t\t\t<table class=\"tempo-docs\">\n<tbody class=\"tempo-docs__body\">\n<tr class=\"tempo-docs__row\">\n<td class=\"tempo-docs__col\"><span class=\"text text--simple\">Uygulama <\/span><\/td>\n<td class=\"tempo-docs__col\"><span class=\"text text--simple\">G\u00f6m\u00fcl\u00fc yard\u0131mc\u0131 programdaki \u00f6nemli konumlar\u0131 elektronik olarak i\u015faretlemek i\u00e7in<\/span><\/td>\n<\/tr>\n<tr class=\"tempo-docs__row\">\n<td class=\"tempo-docs__col\"><span class=\"text text--simple\">A\u011f\u0131rl\u0131k<\/span><\/td>\n<td class=\"tempo-docs__col\"><span class=\"text text--simple\">145 gr<\/span><\/td>\n<\/tr>\n<tr class=\"tempo-docs__row\">\n<td class=\"tempo-docs__col\"><span class=\"text text--simple\">Tedarik Birimi<\/span><\/td>\n<td class=\"tempo-docs__col\"><span class=\"text text--simple\">Bir kutuda 30 i\u015faretleyici bulunur<\/span><\/td>\n<\/tr>\n<tr class=\"tempo-docs__row\">\n<td class=\"tempo-docs__col\"><span class=\"text text--simple\">Minimum \u00c7ap<\/span><\/td>\n<td class=\"tempo-docs__col\"><span class=\"text text--simple\">104mm<\/span><\/td>\n<\/tr>\n<tr class=\"tempo-docs__row\">\n<td class=\"tempo-docs__col\"><span class=\"text text--simple\">En Geni\u015f \u00d6l\u00e7\u00fcm (etiketten etikete) <\/span><\/td>\n<td class=\"tempo-docs__col\"><span class=\"text text--simple\">114mm<\/span><\/td>\n<\/tr>\n<tr class=\"tempo-docs__row\">\n<td class=\"tempo-docs__col\"><span class=\"text text--simple\">G\u00f6vde Malzemesi <\/span><\/td>\n<td class=\"tempo-docs__col\"><span class=\"text text--simple\">Y\u00fcksek yo\u011funluklu polietilen (HDPE), f\u00fczyon kaynakl\u0131<\/span><\/td>\n<\/tr>\n<tr class=\"tempo-docs__row\">\n<td class=\"tempo-docs__col\"><span class=\"text text--simple\">Beklenen \u00d6m\u00fcr <\/span><\/td>\n<td class=\"tempo-docs__col\"><span class=\"text text--simple\">&gt;Do\u011fru \u015fekilde kuruldu\u011fu takdirde 40 y\u0131l<\/span><\/td>\n<\/tr>\n<\/tbody>\n<\/table>\n\t\t\t\t\t\t<\/div>\n\t\t\t\t<\/div>\n\t\t\t\t\t<\/div>\n\t\t<\/div>\n\t\t\t\t\t<\/div>\n\t\t<\/section>\n\t\t\t\t<section class=\"elementor-section elementor-top-section elementor-element elementor-element-cd33c47 elementor-section-boxed elementor-section-height-default elementor-section-height-default\" data-id=\"cd33c47\" data-element_type=\"section\">\n\t\t\t\t\t\t<div class=\"elementor-container elementor-column-gap-default\">\n\t\t\t\t\t<div class=\"elementor-column elementor-col-100 elementor-top-column elementor-element elementor-element-4398564\" data-id=\"4398564\" data-element_type=\"column\">\n\t\t\t<div class=\"elementor-widget-wrap elementor-element-populated\">\n\t\t\t\t\t\t<div class=\"elementor-element elementor-element-8606e79 elementor-widget__width-inherit elementor-widget elementor-widget-button\" data-id=\"8606e79\" data-element_type=\"widget\" data-widget_type=\"button.default\">\n\t\t\t\t<div class=\"elementor-widget-container\">\n\t\t\t<a id=button-id-0 target=_new href=https:\/\/notronpipeline.com\/wp-content\/uploads\/notron_marker_english.pdf class=\"btn   btn-lg\" style=><i class='fa far fa-arrow-alt-circle-down'><\/i> Bro\u015f\u00fcr\u00fc \u0130ndir<\/a>\t\t<\/div>\n\t\t\t\t<\/div>\n\t\t\t\t\t<\/div>\n\t\t<\/div>\n\t\t\t\t\t<\/div>\n\t\t<\/section>\n\t\t\t\t<\/div>\n\t\t","protected":false},"excerpt":{"rendered":"<p>ELEKTROMANYET\u0130K \u0130\u015eARET TOPLARI \u0130\u015faretler, bir do\u011fal gaz boru hatt\u0131n\u0131n, petrol boru hatt\u0131n\u0131n veya yeralt\u0131na g\u00f6m\u00fcl\u00fc ba\u015fka herhangi bir \u00f6zel boru hatt\u0131n\u0131n oldu\u011funu i\u015faretlemek ve belirtmek i\u00e7in kullan\u0131l\u0131r. \u0130\u015faretleyiciler, boru hatt\u0131n\u0131n etraf\u0131ndaki alan\u0131 korumak ve hasar\u0131 \u00f6nlemek i\u00e7in bir uyar\u0131 i\u015fareti &hellip;<\/p>\n","protected":false},"author":1,"featured_media":0,"parent":0,"menu_order":0,"comment_status":"closed","ping_status":"closed","template":"","meta":{"footnotes":""},"class_list":["post-1635","page","type-page","status-publish","hentry"],"_links":{"self":[{"href":"https:\/\/notronpipeline.com\/tr\/wp-json\/wp\/v2\/pages\/1635","targetHints":{"allow":["GET"]}}],"collection":[{"href":"https:\/\/notronpipeline.com\/tr\/wp-json\/wp\/v2\/pages"}],"about":[{"href":"https:\/\/notronpipeline.com\/tr\/wp-json\/wp\/v2\/types\/page"}],"author":[{"embeddable":true,"href":"https:\/\/notronpipeline.com\/tr\/wp-json\/wp\/v2\/users\/1"}],"replies":[{"embeddable":true,"href":"https:\/\/notronpipeline.com\/tr\/wp-json\/wp\/v2\/comments?post=1635"}],"version-history":[{"count":6,"href":"https:\/\/notronpipeline.com\/tr\/wp-json\/wp\/v2\/pages\/1635\/revisions"}],"predecessor-version":[{"id":5706,"href":"https:\/\/notronpipeline.com\/tr\/wp-json\/wp\/v2\/pages\/1635\/revisions\/5706"}],"wp:attachment":[{"href":"https:\/\/notronpipeline.com\/tr\/wp-json\/wp\/v2\/media?parent=1635"}],"curies":[{"name":"wp","href":"https:\/\/api.w.org\/{rel}","templated":true}]}}