{"id":1643,"date":"2020-03-16T13:10:30","date_gmt":"2020-03-16T13:10:30","guid":{"rendered":"https:\/\/notronpipeline.com\/kaynaksiz-boru-ekleme-aparati\/"},"modified":"2025-03-27T13:57:04","modified_gmt":"2025-03-27T13:57:04","slug":"kaynaksiz-boru-ekleme-kaplin","status":"publish","type":"page","link":"https:\/\/notronpipeline.com\/tr\/kaynaksiz-boru-ekleme-kaplin\/","title":{"rendered":"Kaynaks\u0131z Boru Ekleme Kaplin"},"content":{"rendered":"\t\t<div data-elementor-type=\"wp-page\" data-elementor-id=\"1643\" class=\"elementor elementor-1643 elementor-112\">\n\t\t\t\t\t\t<section class=\"elementor-section elementor-top-section elementor-element elementor-element-b9f397a elementor-section-boxed elementor-section-height-default elementor-section-height-default\" data-id=\"b9f397a\" data-element_type=\"section\">\n\t\t\t\t\t\t<div class=\"elementor-container elementor-column-gap-default\">\n\t\t\t\t\t<div class=\"elementor-column elementor-col-100 elementor-top-column elementor-element elementor-element-32ff602\" data-id=\"32ff602\" data-element_type=\"column\">\n\t\t\t<div class=\"elementor-widget-wrap elementor-element-populated\">\n\t\t\t\t\t\t<div class=\"elementor-element elementor-element-b31683d elementor-widget elementor-widget-gallery_slider\" data-id=\"b31683d\" data-element_type=\"widget\" data-widget_type=\"gallery_slider.default\">\n\t\t\t\t<div class=\"elementor-widget-container\">\n\t\t\t<div class=\"gallery-fs\"><figure><img decoding=\"async\" src=\"https:\/\/notronpipeline.com\/wp-content\/uploads\/NT-WE-30INC-1_final_y.jpg\" alt=\"\"><\/figure><div class=\"gallery-fs-nav\"><button class=\"gallery-fs-fullscreen\"><i class=\"fa fa-arrows-alt\"><\/i><\/button><\/div><div class=\"gallery-fs-thumbnails gallery-fs-thumbnails-col-5 owl-carousel owl-loaded\"><a href='https:\/\/notronpipeline.com\/wp-content\/uploads\/NT-WE-30INC-1_final_y.jpg' data-caption='Weld-on Steel Pipe Coupling' title='Weld-on Steel Pipe Coupling' class=\"selected\"><img class='attachment-anps-gallery-thumb size-anps-gallery-thumb' src=https:\/\/notronpipeline.com\/wp-content\/uploads\/NT-WE-30INC-1_final_y.jpg sizes='(max-width: 280px) 100vw, 280px' width='280' height='158'><\/a><a href='https:\/\/notronpipeline.com\/wp-content\/uploads\/Pipeline_repair_using_DEXPAND_R_-CF70_final_Y.jpg' data-caption='weld ends coupling' title='Pipeline_repair_using_DEXPAND_R_-CF70_final_Y'><img class='attachment-anps-gallery-thumb size-anps-gallery-thumb' src=https:\/\/notronpipeline.com\/wp-content\/uploads\/Pipeline_repair_using_DEXPAND_R_-CF70_final_Y.jpg sizes='(max-width: 280px) 100vw, 280px' width='280' height='158'><\/a><a href='https:\/\/notronpipeline.com\/wp-content\/uploads\/NT_WE_2_final_y.jpg' data-caption='Weld-on Steel Pipe Coupling' title='Weld-on Steel Pipe Coupling'><img class='attachment-anps-gallery-thumb size-anps-gallery-thumb' src=https:\/\/notronpipeline.com\/wp-content\/uploads\/NT_WE_2_final_y.jpg sizes='(max-width: 280px) 100vw, 280px' width='280' height='158'><\/a><a href='https:\/\/notronpipeline.com\/wp-content\/uploads\/NT_WE_1_final_y.jpg' data-caption='Pipeline repair weld-on Steel Pipe Coupling' title='Pipeline repair weld-on Steel Pipe Coupling'><img class='attachment-anps-gallery-thumb size-anps-gallery-thumb' src=https:\/\/notronpipeline.com\/wp-content\/uploads\/NT_WE_1_final_y.jpg sizes='(max-width: 280px) 100vw, 280px' width='280' height='158'><\/a><\/div><\/div>\t\t<\/div>\n\t\t\t\t<\/div>\n\t\t\t\t\t<\/div>\n\t\t<\/div>\n\t\t\t\t\t<\/div>\n\t\t<\/section>\n\t\t\t\t<section class=\"elementor-section elementor-top-section elementor-element elementor-element-9141969 elementor-section-boxed elementor-section-height-default elementor-section-height-default\" data-id=\"9141969\" data-element_type=\"section\">\n\t\t\t\t\t\t<div class=\"elementor-container elementor-column-gap-default\">\n\t\t\t\t\t<div class=\"elementor-column elementor-col-100 elementor-top-column elementor-element elementor-element-aa3da3c\" data-id=\"aa3da3c\" data-element_type=\"column\">\n\t\t\t<div class=\"elementor-widget-wrap elementor-element-populated\">\n\t\t\t\t\t\t<div class=\"elementor-element elementor-element-6739ccb elementor-widget elementor-widget-heading\" data-id=\"6739ccb\" data-element_type=\"widget\" data-widget_type=\"heading.default\">\n\t\t\t\t<div class=\"elementor-widget-container\">\n\t\t\t<h3 class='heading-left  divider-sm'  style=\"color:#000000\"><span>Kaynaks\u0131z Boru Ekleme Kaplin<\/span><\/h3>\t\t<\/div>\n\t\t\t\t<\/div>\n\t\t\t\t<div class=\"elementor-element elementor-element-85ca906 elementor-widget elementor-widget-text-editor\" data-id=\"85ca906\" data-element_type=\"widget\" data-widget_type=\"text-editor.default\">\n\t\t\t\t<div class=\"elementor-widget-container\">\n\t\t\t\t\t\t\t<p>Kaynaks\u0131z Boru Ekleme Kaplin, ham petrol, benzin, LNG ve di\u011fer \u00fcr\u00fcnleri i\u00e7eren borular\u0131 birbirine ba\u011flaman\u0131n g\u00fcvenli ve h\u0131zl\u0131 bir yoludur, b\u00f6ylece ak\u0131\u015f\u0131n hemen yeniden ba\u015flat\u0131lmas\u0131 sa\u011flan\u0131r.<br \/>Boru u\u00e7lar\u0131n\u0131n \u00f6zel olarak haz\u0131rlanmas\u0131 gerekmez. Boruyu kesin ve Kaynaks\u0131z Boru Ekleme Kaplin \u00fczerinde kayd\u0131r\u0131n. S\u0131k\u0131\u015ft\u0131rma ve bask\u0131 vidalar\u0131 tam olarak s\u0131k\u0131ld\u0131\u011f\u0131nda boru birle\u015ftirilir ve s\u0131zd\u0131rmaz contalar devreye girer.<\/p><p>Kaynaks\u0131z Boru Ekleme Kaplin sadece vidalar\u0131 belli bir torkta s\u0131k\u0131l\u0131 olarak b\u0131rak\u0131labilir veya Boru Ankrajl\u0131 ya da Boru Ankrajs\u0131z MAOP&#8217;sine ba\u011fl\u0131 olarak kaynaklanabilir. Tavsiye edilen Ankrajl\u0131 ve Ankrajs\u0131z bas\u0131n\u00e7lar ve ayr\u0131ca kaynak talimatlar\u0131 i\u00e7in kurulum talimatlar\u0131ndaki tabloya bak\u0131n. Kaynak gerekliyse, boru hatt\u0131 \u00e7al\u0131\u015fma i\u00e7in b\u0131rak\u0131labilir.<\/p>\t\t\t\t\t\t<\/div>\n\t\t\t\t<\/div>\n\t\t\t\t\t<\/div>\n\t\t<\/div>\n\t\t\t\t\t<\/div>\n\t\t<\/section>\n\t\t\t\t<section class=\"elementor-section elementor-top-section elementor-element elementor-element-0a407a1 elementor-section-boxed elementor-section-height-default elementor-section-height-default\" data-id=\"0a407a1\" data-element_type=\"section\">\n\t\t\t\t\t\t<div class=\"elementor-container elementor-column-gap-default\">\n\t\t\t\t\t<div class=\"elementor-column elementor-col-66 elementor-top-column elementor-element elementor-element-1821c12\" data-id=\"1821c12\" data-element_type=\"column\">\n\t\t\t<div class=\"elementor-widget-wrap elementor-element-populated\">\n\t\t\t\t\t\t<div class=\"elementor-element elementor-element-c3fdad2 elementor-widget elementor-widget-heading\" data-id=\"c3fdad2\" data-element_type=\"widget\" data-widget_type=\"heading.default\">\n\t\t\t\t<div class=\"elementor-widget-container\">\n\t\t\t<h3 class='heading-left  divider-sm'  style=\"color:#000000\"><span>Detaylar<\/span><\/h3>\t\t<\/div>\n\t\t\t\t<\/div>\n\t\t\t\t<div class=\"elementor-element elementor-element-3cbb22e elementor-widget elementor-widget-accordion\" data-id=\"3cbb22e\" data-element_type=\"widget\" data-widget_type=\"accordion.default\">\n\t\t\t\t<div class=\"elementor-widget-container\">\n\t\t\t\t\t<div class=\"elementor-accordion\">\n\t\t\t\t\t\t\t<div class=\"elementor-accordion-item\">\n\t\t\t\t\t<div id=\"elementor-tab-title-6361\" class=\"elementor-tab-title\" data-tab=\"1\" role=\"button\" aria-controls=\"elementor-tab-content-6361\" aria-expanded=\"false\">\n\t\t\t\t\t\t\t\t\t\t\t\t\t<span class=\"elementor-accordion-icon elementor-accordion-icon-left\" aria-hidden=\"true\">\n\t\t\t\t\t\t\t\t\t\t\t\t\t\t\t<span class=\"elementor-accordion-icon-closed\"><i class=\"fas fa-plus\"><\/i><\/span>\n\t\t\t\t\t\t\t\t<span class=\"elementor-accordion-icon-opened\"><i class=\"fas fa-minus\"><\/i><\/span>\n\t\t\t\t\t\t\t\t\t\t\t\t\t\t<\/span>\n\t\t\t\t\t\t\t\t\t\t\t\t<a class=\"elementor-accordion-title\" tabindex=\"0\">Standart G\u00f6vde Malzemeleri<\/a>\n\t\t\t\t\t<\/div>\n\t\t\t\t\t<div id=\"elementor-tab-content-6361\" class=\"elementor-tab-content elementor-clearfix\" data-tab=\"1\" role=\"region\" aria-labelledby=\"elementor-tab-title-6361\"><p>&#8211; SA-A106 Gr. C<br \/>&#8211; SA-A105\/A350 Gr. LF2<\/p>\n<\/div>\n\t\t\t\t<\/div>\n\t\t\t\t\t\t\t<div class=\"elementor-accordion-item\">\n\t\t\t\t\t<div id=\"elementor-tab-title-6362\" class=\"elementor-tab-title\" data-tab=\"2\" role=\"button\" aria-controls=\"elementor-tab-content-6362\" aria-expanded=\"false\">\n\t\t\t\t\t\t\t\t\t\t\t\t\t<span class=\"elementor-accordion-icon elementor-accordion-icon-left\" aria-hidden=\"true\">\n\t\t\t\t\t\t\t\t\t\t\t\t\t\t\t<span class=\"elementor-accordion-icon-closed\"><i class=\"fas fa-plus\"><\/i><\/span>\n\t\t\t\t\t\t\t\t<span class=\"elementor-accordion-icon-opened\"><i class=\"fas fa-minus\"><\/i><\/span>\n\t\t\t\t\t\t\t\t\t\t\t\t\t\t<\/span>\n\t\t\t\t\t\t\t\t\t\t\t\t<a class=\"elementor-accordion-title\" tabindex=\"0\">Se\u00e7enekler<\/a>\n\t\t\t\t\t<\/div>\n\t\t\t\t\t<div id=\"elementor-tab-content-6362\" class=\"elementor-tab-content elementor-clearfix\" data-tab=\"2\" role=\"region\" aria-labelledby=\"elementor-tab-title-6362\"><p>\u2013 Korozyon korumas\u0131 i\u00e7in marine epoksi boyas\u0131<br \/>\u2013 NACE MR0175\/IS0 15156 uyumlu malzeme<br \/>\u2013 Sualt\u0131 Kaynak+U\u00e7lar\u0131 \u00e7ift \u200b\u200bs\u0131ra kelep\u00e7e vidalar\u0131 ve contalar aras\u0131nda<br \/>12\u201d bo\u015fluk kalacak \u015fekilde tasarlanm\u0131\u015ft\u0131r<\/p>\n<\/div>\n\t\t\t\t<\/div>\n\t\t\t\t\t\t\t\t<\/div>\n\t\t\t\t<\/div>\n\t\t\t\t<\/div>\n\t\t\t\t\t<\/div>\n\t\t<\/div>\n\t\t\t\t<div class=\"elementor-column elementor-col-33 elementor-top-column elementor-element elementor-element-08516a3\" data-id=\"08516a3\" data-element_type=\"column\">\n\t\t\t<div class=\"elementor-widget-wrap elementor-element-populated\">\n\t\t\t\t\t\t<div class=\"elementor-element elementor-element-aa8e4a4 elementor-widget elementor-widget-heading\" data-id=\"aa8e4a4\" data-element_type=\"widget\" data-widget_type=\"heading.default\">\n\t\t\t\t<div class=\"elementor-widget-container\">\n\t\t\t<h3 class='heading-left  divider-sm'  style=\"color:#000000\"><span>Kaynaks\u0131z Boru Ekleme Aparat\u0131<\/span><\/h3>\t\t<\/div>\n\t\t\t\t<\/div>\n\t\t\t\t<div class=\"elementor-element elementor-element-febf83e elementor-widget elementor-widget-text-editor\" data-id=\"febf83e\" data-element_type=\"widget\" data-widget_type=\"text-editor.default\">\n\t\t\t\t<div class=\"elementor-widget-container\">\n\t\t\t\t\t\t\t<p><strong>ANKRAJSIZ BORU:<\/strong><\/p>\n<p>\u0130\u00e7 bas\u0131n\u00e7, s\u0131cakl\u0131k genle\u015fmesi ve b\u00fcz\u00fclmesi, su alt\u0131 ak\u0131mlar\u0131, yer hareketi veya bunlar\u0131n herhangi bir kombinasyonu gibi i\u00e7 veya d\u0131\u015f kuvvetlere maruz kald\u0131\u011f\u0131nda boru u\u00e7lar\u0131n\u0131n hareket edebildi\u011fi bir ba\u011flant\u0131.<\/p>\n<p>Ankrajs\u0131z Boru&#8221; i\u00e7in \u00e7al\u0131\u015fma bas\u0131nc\u0131: 1-1 \/ 2&#8243; ila 3&#8243; aras\u0131 boyutlar, \u00c7izelge 80 ve daha a\u011f\u0131r borular\u0131n et kal\u0131nl\u0131\u011f\u0131na ba\u011fl\u0131d\u0131r; 4\u201d ve daha b\u00fcy\u00fck i\u00e7inse cidar kal\u0131nl\u0131\u011f\u0131 \u00c7izelge 40&#8217;\u0131n veya 1\/2\u201d hangisi daha azsa.<\/p>\n<p><strong>ANKRAJLI BORU:<\/strong><\/p>\n<p>Ayn\u0131 kuvvetlere maruz kald\u0131\u011f\u0131nda boru u\u00e7lar\u0131n\u0131n hareket etmeyece\u011fi bir ba\u011flant\u0131. Kaynak+U\u00e7 Kaplini kaynakl\u0131ysa veya uygun bir Kelep\u00e7e+Halka kullan\u0131l\u0131yorsa, ankrajl\u0131 birle\u015fim olarak kabul edilebilir.<\/p>\n\t\t\t\t\t\t<\/div>\n\t\t\t\t<\/div>\n\t\t\t\t\t<\/div>\n\t\t<\/div>\n\t\t\t\t\t<\/div>\n\t\t<\/section>\n\t\t\t\t<section class=\"elementor-section elementor-top-section elementor-element elementor-element-8b01485 elementor-section-boxed elementor-section-height-default elementor-section-height-default\" data-id=\"8b01485\" data-element_type=\"section\">\n\t\t\t\t\t\t<div class=\"elementor-container elementor-column-gap-default\">\n\t\t\t\t\t<div class=\"elementor-column elementor-col-100 elementor-top-column elementor-element elementor-element-dd45a76\" data-id=\"dd45a76\" data-element_type=\"column\">\n\t\t\t<div class=\"elementor-widget-wrap elementor-element-populated\">\n\t\t\t\t\t\t<div class=\"elementor-element elementor-element-ddd9e20 elementor-widget elementor-widget-button\" data-id=\"ddd9e20\" data-element_type=\"widget\" data-widget_type=\"button.default\">\n\t\t\t\t<div class=\"elementor-widget-container\">\n\t\t\t<a id=button-id-0 target=_blank href=https:\/\/notronpipeline.com\/wp-content\/uploads\/WELD-ON-STEEL-PIPE-COUPLING.pdf class=\"btn  \" style=><i class='fa far fa-arrow-alt-circle-down'><\/i> Bro\u015f\u00fcr\u00fcm\u00fcz\u00fc \u0130ndirin<\/a>\t\t<\/div>\n\t\t\t\t<\/div>\n\t\t\t\t\t<\/div>\n\t\t<\/div>\n\t\t\t\t\t<\/div>\n\t\t<\/section>\n\t\t\t\t<\/div>\n\t\t","protected":false},"excerpt":{"rendered":"<p>Kaynaks\u0131z Boru Ekleme Kaplin Kaynaks\u0131z Boru Ekleme Kaplin, ham petrol, benzin, LNG ve di\u011fer \u00fcr\u00fcnleri i\u00e7eren borular\u0131 birbirine ba\u011flaman\u0131n g\u00fcvenli ve h\u0131zl\u0131 bir yoludur, b\u00f6ylece ak\u0131\u015f\u0131n hemen yeniden ba\u015flat\u0131lmas\u0131 sa\u011flan\u0131r.Boru u\u00e7lar\u0131n\u0131n \u00f6zel olarak haz\u0131rlanmas\u0131 gerekmez. Boruyu kesin ve Kaynaks\u0131z Boru &hellip;<\/p>\n","protected":false},"author":1,"featured_media":0,"parent":0,"menu_order":0,"comment_status":"closed","ping_status":"closed","template":"","meta":{"footnotes":""},"class_list":["post-1643","page","type-page","status-publish","hentry"],"_links":{"self":[{"href":"https:\/\/notronpipeline.com\/tr\/wp-json\/wp\/v2\/pages\/1643","targetHints":{"allow":["GET"]}}],"collection":[{"href":"https:\/\/notronpipeline.com\/tr\/wp-json\/wp\/v2\/pages"}],"about":[{"href":"https:\/\/notronpipeline.com\/tr\/wp-json\/wp\/v2\/types\/page"}],"author":[{"embeddable":true,"href":"https:\/\/notronpipeline.com\/tr\/wp-json\/wp\/v2\/users\/1"}],"replies":[{"embeddable":true,"href":"https:\/\/notronpipeline.com\/tr\/wp-json\/wp\/v2\/comments?post=1643"}],"version-history":[{"count":10,"href":"https:\/\/notronpipeline.com\/tr\/wp-json\/wp\/v2\/pages\/1643\/revisions"}],"predecessor-version":[{"id":6159,"href":"https:\/\/notronpipeline.com\/tr\/wp-json\/wp\/v2\/pages\/1643\/revisions\/6159"}],"wp:attachment":[{"href":"https:\/\/notronpipeline.com\/tr\/wp-json\/wp\/v2\/media?parent=1643"}],"curies":[{"name":"wp","href":"https:\/\/api.w.org\/{rel}","templated":true}]}}