{"id":1647,"date":"2022-02-02T14:02:46","date_gmt":"2022-02-02T14:02:46","guid":{"rendered":"https:\/\/notronpipeline.com\/kaynaksiz-boru-birlestirme-kelepcesi\/"},"modified":"2025-03-27T13:55:38","modified_gmt":"2025-03-27T13:55:38","slug":"kaynaksiz-boru-birlestirme-kelepcesi","status":"publish","type":"page","link":"https:\/\/notronpipeline.com\/tr\/kaynaksiz-boru-birlestirme-kelepcesi\/","title":{"rendered":"Kaynaks\u0131z Boru Birle\u015ftirme Kelep\u00e7esi"},"content":{"rendered":"\t\t<div data-elementor-type=\"wp-page\" data-elementor-id=\"1647\" class=\"elementor elementor-1647 elementor-749\">\n\t\t\t\t\t\t<section class=\"elementor-section elementor-top-section elementor-element elementor-element-5d94c059 elementor-section-boxed elementor-section-height-default elementor-section-height-default\" data-id=\"5d94c059\" data-element_type=\"section\">\n\t\t\t\t\t\t<div class=\"elementor-container elementor-column-gap-default\">\n\t\t\t\t\t<div class=\"elementor-column elementor-col-100 elementor-top-column elementor-element elementor-element-50a07c64\" data-id=\"50a07c64\" data-element_type=\"column\">\n\t\t\t<div class=\"elementor-widget-wrap elementor-element-populated\">\n\t\t\t\t\t\t<div class=\"elementor-element elementor-element-1f311372 elementor-widget elementor-widget-gallery_slider\" data-id=\"1f311372\" data-element_type=\"widget\" data-widget_type=\"gallery_slider.default\">\n\t\t\t\t<div class=\"elementor-widget-container\">\n\t\t\t<div class=\"gallery-fs\"><figure><img decoding=\"async\" src=\"https:\/\/notronpipeline.com\/wp-content\/uploads\/NT-CR-2_FINAL_Y.jpg\" alt=\"\"><\/figure><div class=\"gallery-fs-nav\"><button class=\"gallery-fs-fullscreen\"><i class=\"fa fa-arrows-alt\"><\/i><\/button><\/div><div class=\"gallery-fs-thumbnails gallery-fs-thumbnails-col-5 owl-carousel owl-loaded\"><a href='https:\/\/notronpipeline.com\/wp-content\/uploads\/NT-CR-2_FINAL_Y.jpg' data-caption='' title='' class=\"selected\"><img class='attachment-anps-gallery-thumb size-anps-gallery-thumb' src=https:\/\/notronpipeline.com\/wp-content\/uploads\/NT-CR-2_FINAL_Y.jpg sizes='(max-width: 280px) 100vw, 280px' width='280' height='158'><\/a><a href='https:\/\/notronpipeline.com\/wp-content\/uploads\/NT-CR-1_FINAL_Y.jpg' data-caption='' title=''><img class='attachment-anps-gallery-thumb size-anps-gallery-thumb' src=https:\/\/notronpipeline.com\/wp-content\/uploads\/NT-CR-1_FINAL_Y.jpg sizes='(max-width: 280px) 100vw, 280px' width='280' height='158'><\/a><a href='https:\/\/notronpipeline.com\/wp-content\/uploads\/clamp-ring.jpg' data-caption='' title=''><img class='attachment-anps-gallery-thumb size-anps-gallery-thumb' src=https:\/\/notronpipeline.com\/wp-content\/uploads\/clamp-ring.jpg sizes='(max-width: 280px) 100vw, 280px' width='280' height='158'><\/a><\/div><\/div>\t\t<\/div>\n\t\t\t\t<\/div>\n\t\t\t\t\t<\/div>\n\t\t<\/div>\n\t\t\t\t\t<\/div>\n\t\t<\/section>\n\t\t\t\t<section class=\"elementor-section elementor-top-section elementor-element elementor-element-148aff23 elementor-section-boxed elementor-section-height-default elementor-section-height-default\" data-id=\"148aff23\" data-element_type=\"section\">\n\t\t\t\t\t\t<div class=\"elementor-container elementor-column-gap-default\">\n\t\t\t\t\t<div class=\"elementor-column elementor-col-100 elementor-top-column elementor-element elementor-element-6fe40bb5\" data-id=\"6fe40bb5\" data-element_type=\"column\">\n\t\t\t<div class=\"elementor-widget-wrap elementor-element-populated\">\n\t\t\t\t\t\t<div class=\"elementor-element elementor-element-6fd8980c elementor-widget elementor-widget-heading\" data-id=\"6fd8980c\" data-element_type=\"widget\" data-widget_type=\"heading.default\">\n\t\t\t\t<div class=\"elementor-widget-container\">\n\t\t\t<h3 class='heading-left  divider-sm'  style=\"color:#000000\"><span>Kaynaks\u0131z Boru Birle\u015ftirme Kelep\u00e7esi (Kaplin)<\/span><\/h3>\t\t<\/div>\n\t\t\t\t<\/div>\n\t\t\t\t<div class=\"elementor-element elementor-element-5d4f8828 elementor-widget elementor-widget-text-editor\" data-id=\"5d4f8828\" data-element_type=\"widget\" data-widget_type=\"text-editor.default\">\n\t\t\t\t<div class=\"elementor-widget-container\">\n\t\t\t\t\t\t\t<p>Bunlar, boru hatt\u0131 onar\u0131mlar\u0131 ve bak\u0131m\u0131 s\u0131ras\u0131nda boruyu e\u011fme veya deforme etme tehlikesini b\u00fcy\u00fck \u00f6l\u00e7\u00fcde azaltan, muazzam bir kavrama g\u00fcc\u00fc elde etmek i\u00e7in tasarlanm\u0131\u015f ve \u00fcretilmi\u015ftir.<\/p><p>Kaynaks\u0131z boru birle\u015ftirme kelep\u00e7esi (Kaplin), hidrostatik kuvvet, i\u00e7 kuvvetler ve d\u0131\u015f kuvvetlerin herhangi bir kombinasyonu i\u00e7in tasarlanabilir. Bunlar ge\u00e7ici veya kal\u0131c\u0131 olarak kullan\u0131labilir, ayr\u0131ca yenilenip yeniden kullan\u0131labilir. Kaynaks\u0131z boru birle\u015ftirme, kaplinleri ba\u011flamak i\u00e7in ge\u00e7i\u015f c\u0131vatalar\u0131 dahil komple bir set olarak sat\u0131lmaktad\u0131r.<\/p>\t\t\t\t\t\t<\/div>\n\t\t\t\t<\/div>\n\t\t\t\t\t<\/div>\n\t\t<\/div>\n\t\t\t\t\t<\/div>\n\t\t<\/section>\n\t\t\t\t<section class=\"elementor-section elementor-top-section elementor-element elementor-element-1890b585 elementor-section-boxed elementor-section-height-default elementor-section-height-default\" data-id=\"1890b585\" data-element_type=\"section\">\n\t\t\t\t\t\t<div class=\"elementor-container elementor-column-gap-default\">\n\t\t\t\t\t<div class=\"elementor-column elementor-col-66 elementor-top-column elementor-element elementor-element-1bf1dc91\" data-id=\"1bf1dc91\" data-element_type=\"column\">\n\t\t\t<div class=\"elementor-widget-wrap elementor-element-populated\">\n\t\t\t\t\t\t<div class=\"elementor-element elementor-element-5fbc3ac0 elementor-widget elementor-widget-heading\" data-id=\"5fbc3ac0\" data-element_type=\"widget\" data-widget_type=\"heading.default\">\n\t\t\t\t<div class=\"elementor-widget-container\">\n\t\t\t<h3 class='heading-left  divider-sm'  style=\"color:#000000\"><span>Detaylar<\/span><\/h3>\t\t<\/div>\n\t\t\t\t<\/div>\n\t\t\t\t<div class=\"elementor-element elementor-element-34be3cb7 elementor-widget elementor-widget-text-editor\" data-id=\"34be3cb7\" data-element_type=\"widget\" data-widget_type=\"text-editor.default\">\n\t\t\t\t<div class=\"elementor-widget-container\">\n\t\t\t\t\t\t\t<p>Kaynaks\u0131z boru birle\u015ftirme kelep\u00e7esi, a\u015f\u0131r\u0131 u\u00e7tan \u00e7ekme veya s\u0131k\u0131\u015ft\u0131rma y\u00fcklemesi oldu\u011funda Kaynaks\u0131z Boru Ekleme Aparat\u0131, Split Sleeve Tamir Kelep\u00e7esi veya di\u011fer ba\u011flant\u0131 par\u00e7alar\u0131 ile birlikte kullan\u0131l\u0131r.<\/p>\n<p>Muazzam bir kavrama g\u00fcc\u00fc elde etmek i\u00e7in in\u015fa edilmi\u015flerdir ve borunun i\u00e7ine girme veya boruyu deforme etme tehlikesini azaltmak i\u00e7in dikkatlice tasarlanm\u0131\u015ft\u0131r.<\/p>\n<p>Kaynaks\u0131z boru birle\u015ftirme kelep\u00e7esi hidrostatik kuvvet, i\u00e7 kuvvetler ve d\u0131\u015f g\u00fc\u00e7lerin her t\u00fcrl\u00fc kombinasyonuna dayanabilecek<br \/>\u015fekilde tasarlanm\u0131\u015ft\u0131r. Ge\u00e7ici veya kal\u0131c\u0131 olarak kullan\u0131labilirler ve yenilenip yeniden kullan\u0131labilirler. Kaynaks\u0131z boru birle\u015ftirme kelep\u00e7esi, iki \u00fcniteyi birbirine ba\u011flayan ge\u00e7meli c\u0131vatalar dahil komple bir set olarak sat\u0131lmaktad\u0131r.<\/p>\n\t\t\t\t\t\t<\/div>\n\t\t\t\t<\/div>\n\t\t\t\t<div class=\"elementor-element elementor-element-3bf1d199 elementor-widget elementor-widget-accordion\" data-id=\"3bf1d199\" data-element_type=\"widget\" data-widget_type=\"accordion.default\">\n\t\t\t\t<div class=\"elementor-widget-container\">\n\t\t\t\t\t<div class=\"elementor-accordion\">\n\t\t\t\t\t\t\t<div class=\"elementor-accordion-item\">\n\t\t\t\t\t<div id=\"elementor-tab-title-1001\" class=\"elementor-tab-title\" data-tab=\"1\" role=\"button\" aria-controls=\"elementor-tab-content-1001\" aria-expanded=\"false\">\n\t\t\t\t\t\t\t\t\t\t\t\t\t<span class=\"elementor-accordion-icon elementor-accordion-icon-left\" aria-hidden=\"true\">\n\t\t\t\t\t\t\t\t\t\t\t\t\t\t\t<span class=\"elementor-accordion-icon-closed\"><i class=\"fas fa-plus\"><\/i><\/span>\n\t\t\t\t\t\t\t\t<span class=\"elementor-accordion-icon-opened\"><i class=\"fas fa-minus\"><\/i><\/span>\n\t\t\t\t\t\t\t\t\t\t\t\t\t\t<\/span>\n\t\t\t\t\t\t\t\t\t\t\t\t<a class=\"elementor-accordion-title\" tabindex=\"0\">Standard G\u00f6vde Materyalleri <\/a>\n\t\t\t\t\t<\/div>\n\t\t\t\t\t<div id=\"elementor-tab-content-1001\" class=\"elementor-tab-content elementor-clearfix\" data-tab=\"1\" role=\"region\" aria-labelledby=\"elementor-tab-title-1001\"><p>&#8211; SA-A516 Gr. 70 steel plate<br \/>&#8211; SA-350 LF2 Cl1<br \/>&#8211; SA-352-LCC<\/p>\n<\/div>\n\t\t\t\t<\/div>\n\t\t\t\t\t\t\t<div class=\"elementor-accordion-item\">\n\t\t\t\t\t<div id=\"elementor-tab-title-1002\" class=\"elementor-tab-title\" data-tab=\"2\" role=\"button\" aria-controls=\"elementor-tab-content-1002\" aria-expanded=\"false\">\n\t\t\t\t\t\t\t\t\t\t\t\t\t<span class=\"elementor-accordion-icon elementor-accordion-icon-left\" aria-hidden=\"true\">\n\t\t\t\t\t\t\t\t\t\t\t\t\t\t\t<span class=\"elementor-accordion-icon-closed\"><i class=\"fas fa-plus\"><\/i><\/span>\n\t\t\t\t\t\t\t\t<span class=\"elementor-accordion-icon-opened\"><i class=\"fas fa-minus\"><\/i><\/span>\n\t\t\t\t\t\t\t\t\t\t\t\t\t\t<\/span>\n\t\t\t\t\t\t\t\t\t\t\t\t<a class=\"elementor-accordion-title\" tabindex=\"0\">Standart c\u0131vatalama:<\/a>\n\t\t\t\t\t<\/div>\n\t\t\t\t\t<div id=\"elementor-tab-content-1002\" class=\"elementor-tab-content elementor-clearfix\" data-tab=\"2\" role=\"region\" aria-labelledby=\"elementor-tab-title-1002\"><p>&#8211; SA-A193 Gr. B7 with A194 Gr. 2H nuts<\/p>\n<\/div>\n\t\t\t\t<\/div>\n\t\t\t\t\t\t\t<div class=\"elementor-accordion-item\">\n\t\t\t\t\t<div id=\"elementor-tab-title-1003\" class=\"elementor-tab-title\" data-tab=\"3\" role=\"button\" aria-controls=\"elementor-tab-content-1003\" aria-expanded=\"false\">\n\t\t\t\t\t\t\t\t\t\t\t\t\t<span class=\"elementor-accordion-icon elementor-accordion-icon-left\" aria-hidden=\"true\">\n\t\t\t\t\t\t\t\t\t\t\t\t\t\t\t<span class=\"elementor-accordion-icon-closed\"><i class=\"fas fa-plus\"><\/i><\/span>\n\t\t\t\t\t\t\t\t<span class=\"elementor-accordion-icon-opened\"><i class=\"fas fa-minus\"><\/i><\/span>\n\t\t\t\t\t\t\t\t\t\t\t\t\t\t<\/span>\n\t\t\t\t\t\t\t\t\t\t\t\t<a class=\"elementor-accordion-title\" tabindex=\"0\">Se\u00e7enekler<\/a>\n\t\t\t\t\t<\/div>\n\t\t\t\t\t<div id=\"elementor-tab-content-1003\" class=\"elementor-tab-content elementor-clearfix\" data-tab=\"3\" role=\"region\" aria-labelledby=\"elementor-tab-title-1003\"><p>\u2013 Korozyon korumas\u0131 i\u00e7in marine epoksi boyas\u0131<br \/>&#8211; Montaj kolayl\u0131\u011f\u0131 i\u00e7in mente\u015feler<br \/>&#8211; Anotlar<br \/>\u2013 NACE MR0175 \/ ISO 15156 uyumlu malzemeler<\/p>\n<\/div>\n\t\t\t\t<\/div>\n\t\t\t\t\t\t\t\t<\/div>\n\t\t\t\t<\/div>\n\t\t\t\t<\/div>\n\t\t\t\t\t<\/div>\n\t\t<\/div>\n\t\t\t\t<div class=\"elementor-column elementor-col-33 elementor-top-column elementor-element elementor-element-2e9cc042\" data-id=\"2e9cc042\" data-element_type=\"column\">\n\t\t\t<div class=\"elementor-widget-wrap elementor-element-populated\">\n\t\t\t\t\t\t<div class=\"elementor-element elementor-element-52344a92 elementor-widget elementor-widget-heading\" data-id=\"52344a92\" data-element_type=\"widget\" data-widget_type=\"heading.default\">\n\t\t\t\t<div class=\"elementor-widget-container\">\n\t\t\t<h3 class='heading-left  divider-sm'  style=\"color:#000000\"><span>Tamir Kelep\u00e7eleri<\/span><\/h3>\t\t<\/div>\n\t\t\t\t<\/div>\n\t\t\t\t<div class=\"elementor-element elementor-element-608b0f89 elementor-widget elementor-widget-text-editor\" data-id=\"608b0f89\" data-element_type=\"widget\" data-widget_type=\"text-editor.default\">\n\t\t\t\t<div class=\"elementor-widget-container\">\n\t\t\t\t\t\t\t<p>Kaynaks\u0131z boru birle\u015ftirme kelep\u00e7esi (Kaplin), hidrostatik kuvvet, i\u00e7 kuvvetler ve d\u0131\u015f kuvvetlerin herhangi bir kombinasyonu i\u00e7in tasarlanabilir.<\/p><p>Bunlar ge\u00e7ici veya kal\u0131c\u0131 olarak kullan\u0131labilir, ayr\u0131ca yenilenip yeniden kullan\u0131labilir. Kaynaks\u0131z boru birle\u015ftirme, kaplinleri ba\u011flamak i\u00e7in ge\u00e7i\u015f c\u0131vatalar\u0131 dahil komple bir set olarak sat\u0131lmaktad\u0131r.<\/p>\t\t\t\t\t\t<\/div>\n\t\t\t\t<\/div>\n\t\t\t\t\t<\/div>\n\t\t<\/div>\n\t\t\t\t\t<\/div>\n\t\t<\/section>\n\t\t\t\t<section class=\"elementor-section elementor-top-section elementor-element elementor-element-2b996ba elementor-section-boxed elementor-section-height-default elementor-section-height-default\" data-id=\"2b996ba\" data-element_type=\"section\">\n\t\t\t\t\t\t<div class=\"elementor-container elementor-column-gap-default\">\n\t\t\t\t\t<div class=\"elementor-column elementor-col-100 elementor-top-column elementor-element elementor-element-c0b41ce\" data-id=\"c0b41ce\" data-element_type=\"column\">\n\t\t\t<div class=\"elementor-widget-wrap elementor-element-populated\">\n\t\t\t\t\t\t<div class=\"elementor-element elementor-element-814f266 elementor-widget elementor-widget-button\" data-id=\"814f266\" data-element_type=\"widget\" data-widget_type=\"button.default\">\n\t\t\t\t<div class=\"elementor-widget-container\">\n\t\t\t<a id=button-id-0 target=_blank href=https:\/\/notronpipeline.com\/wp-content\/uploads\/Clamp-Barrel-Collar.pdf class=\"btn  \" style=><i class='fa far fa-arrow-alt-circle-down'><\/i> Bro\u015f\u00fcr\u00fcm\u00fcz\u00fc \u0130ndirin<\/a>\t\t<\/div>\n\t\t\t\t<\/div>\n\t\t\t\t\t<\/div>\n\t\t<\/div>\n\t\t\t\t\t<\/div>\n\t\t<\/section>\n\t\t\t\t<\/div>\n\t\t","protected":false},"excerpt":{"rendered":"<p>Kaynaks\u0131z Boru Birle\u015ftirme Kelep\u00e7esi (Kaplin) Bunlar, boru hatt\u0131 onar\u0131mlar\u0131 ve bak\u0131m\u0131 s\u0131ras\u0131nda boruyu e\u011fme veya deforme etme tehlikesini b\u00fcy\u00fck \u00f6l\u00e7\u00fcde azaltan, muazzam bir kavrama g\u00fcc\u00fc elde etmek i\u00e7in tasarlanm\u0131\u015f ve \u00fcretilmi\u015ftir. Kaynaks\u0131z boru birle\u015ftirme kelep\u00e7esi (Kaplin), hidrostatik kuvvet, i\u00e7 kuvvetler &hellip;<\/p>\n","protected":false},"author":1,"featured_media":0,"parent":0,"menu_order":0,"comment_status":"closed","ping_status":"closed","template":"","meta":{"footnotes":""},"class_list":["post-1647","page","type-page","status-publish","hentry"],"_links":{"self":[{"href":"https:\/\/notronpipeline.com\/tr\/wp-json\/wp\/v2\/pages\/1647","targetHints":{"allow":["GET"]}}],"collection":[{"href":"https:\/\/notronpipeline.com\/tr\/wp-json\/wp\/v2\/pages"}],"about":[{"href":"https:\/\/notronpipeline.com\/tr\/wp-json\/wp\/v2\/types\/page"}],"author":[{"embeddable":true,"href":"https:\/\/notronpipeline.com\/tr\/wp-json\/wp\/v2\/users\/1"}],"replies":[{"embeddable":true,"href":"https:\/\/notronpipeline.com\/tr\/wp-json\/wp\/v2\/comments?post=1647"}],"version-history":[{"count":5,"href":"https:\/\/notronpipeline.com\/tr\/wp-json\/wp\/v2\/pages\/1647\/revisions"}],"predecessor-version":[{"id":6156,"href":"https:\/\/notronpipeline.com\/tr\/wp-json\/wp\/v2\/pages\/1647\/revisions\/6156"}],"wp:attachment":[{"href":"https:\/\/notronpipeline.com\/tr\/wp-json\/wp\/v2\/media?parent=1647"}],"curies":[{"name":"wp","href":"https:\/\/api.w.org\/{rel}","templated":true}]}}