{"id":1649,"date":"2022-02-02T14:14:12","date_gmt":"2022-02-02T14:14:12","guid":{"rendered":"https:\/\/notronpipeline.com\/flans\/"},"modified":"2025-03-27T13:46:35","modified_gmt":"2025-03-27T13:46:35","slug":"flans-kaplin","status":"publish","type":"page","link":"https:\/\/notronpipeline.com\/tr\/flans-kaplin\/","title":{"rendered":"Flan\u015f Kaplin"},"content":{"rendered":"\t\t<div data-elementor-type=\"wp-page\" data-elementor-id=\"1649\" class=\"elementor elementor-1649 elementor-762\">\n\t\t\t\t\t\t<section class=\"elementor-section elementor-top-section elementor-element elementor-element-5d94c059 elementor-section-boxed elementor-section-height-default elementor-section-height-default\" data-id=\"5d94c059\" data-element_type=\"section\">\n\t\t\t\t\t\t<div class=\"elementor-container elementor-column-gap-default\">\n\t\t\t\t\t<div class=\"elementor-column elementor-col-100 elementor-top-column elementor-element elementor-element-50a07c64\" data-id=\"50a07c64\" data-element_type=\"column\">\n\t\t\t<div class=\"elementor-widget-wrap elementor-element-populated\">\n\t\t\t\t\t\t<div class=\"elementor-element elementor-element-1f311372 elementor-widget elementor-widget-gallery_slider\" data-id=\"1f311372\" data-element_type=\"widget\" data-widget_type=\"gallery_slider.default\">\n\t\t\t\t<div class=\"elementor-widget-container\">\n\t\t\t<div class=\"gallery-fs\"><figure><img decoding=\"async\" src=\"https:\/\/notronpipeline.com\/wp-content\/uploads\/Flange-3.jpg\" alt=\"\"><\/figure><div class=\"gallery-fs-nav\"><button class=\"gallery-fs-fullscreen\"><i class=\"fa fa-arrows-alt\"><\/i><\/button><\/div><div class=\"gallery-fs-thumbnails gallery-fs-thumbnails-col-5 owl-carousel owl-loaded\"><a href='https:\/\/notronpipeline.com\/wp-content\/uploads\/Flange-3.jpg' data-caption='Flange' title='Flange' class=\"selected\"><img class='attachment-anps-gallery-thumb size-anps-gallery-thumb' src=https:\/\/notronpipeline.com\/wp-content\/uploads\/Flange-3.jpg sizes='(max-width: 280px) 100vw, 280px' width='280' height='158'><\/a><a href='https:\/\/notronpipeline.com\/wp-content\/uploads\/NT-F-2_FINAL_Y.jpg' data-caption='NT-F-2_F\u0130NAL_Y' title='NT-F-2_F\u0130NAL_Y'><img class='attachment-anps-gallery-thumb size-anps-gallery-thumb' src=https:\/\/notronpipeline.com\/wp-content\/uploads\/NT-F-2_FINAL_Y.jpg sizes='(max-width: 280px) 100vw, 280px' width='280' height='158'><\/a><\/div><\/div>\t\t<\/div>\n\t\t\t\t<\/div>\n\t\t\t\t\t<\/div>\n\t\t<\/div>\n\t\t\t\t\t<\/div>\n\t\t<\/section>\n\t\t\t\t<section class=\"elementor-section elementor-top-section elementor-element elementor-element-148aff23 elementor-section-boxed elementor-section-height-default elementor-section-height-default\" data-id=\"148aff23\" data-element_type=\"section\">\n\t\t\t\t\t\t<div class=\"elementor-container elementor-column-gap-default\">\n\t\t\t\t\t<div class=\"elementor-column elementor-col-100 elementor-top-column elementor-element elementor-element-6fe40bb5\" data-id=\"6fe40bb5\" data-element_type=\"column\">\n\t\t\t<div class=\"elementor-widget-wrap elementor-element-populated\">\n\t\t\t\t\t\t<div class=\"elementor-element elementor-element-6fd8980c elementor-widget elementor-widget-heading\" data-id=\"6fd8980c\" data-element_type=\"widget\" data-widget_type=\"heading.default\">\n\t\t\t\t<div class=\"elementor-widget-container\">\n\t\t\t<h3 class='heading-left  divider-sm'  style=\"color:#000000\"><span>Flan\u015f<\/span><\/h3>\t\t<\/div>\n\t\t\t\t<\/div>\n\t\t\t\t<div class=\"elementor-element elementor-element-5d4f8828 elementor-widget elementor-widget-text-editor\" data-id=\"5d4f8828\" data-element_type=\"widget\" data-widget_type=\"text-editor.default\">\n\t\t\t\t<div class=\"elementor-widget-container\">\n\t\t\t\t\t\t\t<p>NOTRON Flan\u015f, m\u00fc\u015fteri taraf\u0131ndan belirtilmedi\u011fi s\u00fcrece kaynak gerektirmeyen mekanik bir ba\u011flant\u0131d\u0131r. Kaynak tehlikesi olan alanlarda prefabrik geni\u015fletme ve yeniden \u00e7al\u0131\u015fma projeleri i\u00e7in ba\u011flant\u0131 ba\u011flant\u0131lar\u0131 yapmak i\u00e7in \u00f6zellikle yararl\u0131d\u0131rlar. NOTRON Flan\u015flar\u0131, ba\u015f \u00fcst\u00fc borular, kanallar, t\u00fcneller, dar manifoldlar veya tehlikeli yerler gibi ula\u015f\u0131lmas\u0131 zor yerler de dahil olmak \u00fczere bir\u00e7ok uygulama i\u00e7in kolay ve g\u00fcvenli bir \u015fekilde monte edilebilir. \u0130nce duvar uygulamalar\u0131 i\u00e7in \u00f6zel kurulum talimatlar\u0131 gereklidir. Ayr\u0131nt\u0131lar i\u00e7in NOTRON ile ileti\u015fime ge\u00e7in. NOTRON Flan\u015flar\u0131 1,5&#8243; ila 48&#8243; standart boyutlarda mevcuttur; ASME s\u0131n\u0131f 150 ila ASME s\u0131n\u0131f 600. Sp<\/p>\n\t\t\t\t\t\t<\/div>\n\t\t\t\t<\/div>\n\t\t\t\t\t<\/div>\n\t\t<\/div>\n\t\t\t\t\t<\/div>\n\t\t<\/section>\n\t\t\t\t<section class=\"elementor-section elementor-top-section elementor-element elementor-element-1890b585 elementor-section-boxed elementor-section-height-default elementor-section-height-default\" data-id=\"1890b585\" data-element_type=\"section\">\n\t\t\t\t\t\t<div class=\"elementor-container elementor-column-gap-default\">\n\t\t\t\t\t<div class=\"elementor-column elementor-col-66 elementor-top-column elementor-element elementor-element-1bf1dc91\" data-id=\"1bf1dc91\" data-element_type=\"column\">\n\t\t\t<div class=\"elementor-widget-wrap elementor-element-populated\">\n\t\t\t\t\t\t<div class=\"elementor-element elementor-element-5fbc3ac0 elementor-widget elementor-widget-heading\" data-id=\"5fbc3ac0\" data-element_type=\"widget\" data-widget_type=\"heading.default\">\n\t\t\t\t<div class=\"elementor-widget-container\">\n\t\t\t<h3 class='heading-left  divider-sm'  style=\"color:#000000\"><span>Detaylar<\/span><\/h3>\t\t<\/div>\n\t\t\t\t<\/div>\n\t\t\t\t<div class=\"elementor-element elementor-element-34be3cb7 elementor-widget elementor-widget-text-editor\" data-id=\"34be3cb7\" data-element_type=\"widget\" data-widget_type=\"text-editor.default\">\n\t\t\t\t<div class=\"elementor-widget-container\">\n\t\t\t\t\t\t\t<p>Flan\u015f, m\u00fc\u015fteri taraf\u0131ndan belirtilmedik\u00e7e kaynak gerektirmeyen mekanik bir ba\u011flant\u0131 eleman\u0131d\u0131r.<br \/>Kaynak tehlikesi olan alanlarda prefabrik geni\u015fletme ve yeniden \u00e7al\u0131\u015fma projeleri i\u00e7in ba\u011flant\u0131 ba\u011flant\u0131lar\u0131 yapmak i\u00e7in \u00f6zellikle yararl\u0131d\u0131rlar. Flan\u015flar\u0131n montaj\u0131, havai borular, kanallar, t\u00fcneller, dar manifoldlar veya tehlikeli yerler gibi ula\u015f\u0131lmas\u0131 zor yerler dahil bir\u00e7ok uygulama i\u00e7in kolay ve g\u00fcvenlidir.<\/p>\n\t\t\t\t\t\t<\/div>\n\t\t\t\t<\/div>\n\t\t\t\t<div class=\"elementor-element elementor-element-3bf1d199 elementor-widget elementor-widget-accordion\" data-id=\"3bf1d199\" data-element_type=\"widget\" data-widget_type=\"accordion.default\">\n\t\t\t\t<div class=\"elementor-widget-container\">\n\t\t\t\t\t<div class=\"elementor-accordion\">\n\t\t\t\t\t\t\t<div class=\"elementor-accordion-item\">\n\t\t\t\t\t<div id=\"elementor-tab-title-1001\" class=\"elementor-tab-title\" data-tab=\"1\" role=\"button\" aria-controls=\"elementor-tab-content-1001\" aria-expanded=\"false\">\n\t\t\t\t\t\t\t\t\t\t\t\t\t<span class=\"elementor-accordion-icon elementor-accordion-icon-left\" aria-hidden=\"true\">\n\t\t\t\t\t\t\t\t\t\t\t\t\t\t\t<span class=\"elementor-accordion-icon-closed\"><i class=\"fas fa-plus\"><\/i><\/span>\n\t\t\t\t\t\t\t\t<span class=\"elementor-accordion-icon-opened\"><i class=\"fas fa-minus\"><\/i><\/span>\n\t\t\t\t\t\t\t\t\t\t\t\t\t\t<\/span>\n\t\t\t\t\t\t\t\t\t\t\t\t<a class=\"elementor-accordion-title\" tabindex=\"0\">Standard G\u00f6vde Materyalleri <\/a>\n\t\t\t\t\t<\/div>\n\t\t\t\t\t<div id=\"elementor-tab-content-1001\" class=\"elementor-tab-content elementor-clearfix\" data-tab=\"1\" role=\"region\" aria-labelledby=\"elementor-tab-title-1001\"><p>&#8211; ASTM A106 Gr. C<br \/>&#8211; ASTM A105<br \/>&#8211; ASTM A350 Gr. LF2<\/p>\n<\/div>\n\t\t\t\t<\/div>\n\t\t\t\t\t\t\t<div class=\"elementor-accordion-item\">\n\t\t\t\t\t<div id=\"elementor-tab-title-1002\" class=\"elementor-tab-title\" data-tab=\"2\" role=\"button\" aria-controls=\"elementor-tab-content-1002\" aria-expanded=\"false\">\n\t\t\t\t\t\t\t\t\t\t\t\t\t<span class=\"elementor-accordion-icon elementor-accordion-icon-left\" aria-hidden=\"true\">\n\t\t\t\t\t\t\t\t\t\t\t\t\t\t\t<span class=\"elementor-accordion-icon-closed\"><i class=\"fas fa-plus\"><\/i><\/span>\n\t\t\t\t\t\t\t\t<span class=\"elementor-accordion-icon-opened\"><i class=\"fas fa-minus\"><\/i><\/span>\n\t\t\t\t\t\t\t\t\t\t\t\t\t\t<\/span>\n\t\t\t\t\t\t\t\t\t\t\t\t<a class=\"elementor-accordion-title\" tabindex=\"0\">Se\u00e7enekler<\/a>\n\t\t\t\t\t<\/div>\n\t\t\t\t\t<div id=\"elementor-tab-content-1002\" class=\"elementor-tab-content elementor-clearfix\" data-tab=\"2\" role=\"region\" aria-labelledby=\"elementor-tab-title-1002\"><p>\u2013 Korozyon korumas\u0131 i\u00e7in marine epoksi boyas\u0131<br \/>\u2013 NACE MR0175 \/ ISO 15156 uyumlu malzemeler<\/p>\n<\/div>\n\t\t\t\t<\/div>\n\t\t\t\t\t\t\t\t<\/div>\n\t\t\t\t<\/div>\n\t\t\t\t<\/div>\n\t\t\t\t\t<\/div>\n\t\t<\/div>\n\t\t\t\t<div class=\"elementor-column elementor-col-33 elementor-top-column elementor-element elementor-element-2e9cc042\" data-id=\"2e9cc042\" data-element_type=\"column\">\n\t\t\t<div class=\"elementor-widget-wrap elementor-element-populated\">\n\t\t\t\t\t\t<div class=\"elementor-element elementor-element-52344a92 elementor-widget elementor-widget-heading\" data-id=\"52344a92\" data-element_type=\"widget\" data-widget_type=\"heading.default\">\n\t\t\t\t<div class=\"elementor-widget-container\">\n\t\t\t<h3 class='heading-left  divider-sm'  style=\"color:#000000\"><span>Kurulum<\/span><\/h3>\t\t<\/div>\n\t\t\t\t<\/div>\n\t\t\t\t<div class=\"elementor-element elementor-element-608b0f89 elementor-widget elementor-widget-text-editor\" data-id=\"608b0f89\" data-element_type=\"widget\" data-widget_type=\"text-editor.default\">\n\t\t\t\t<div class=\"elementor-widget-container\">\n\t\t\t\t\t\t\t<p>\u0130nce duvar uygulamalar\u0131 i\u00e7in kurulum talimatlar\u0131 gereklidir. Ayr\u0131nt\u0131lar i\u00e7in bizimle ileti\u015fime ge\u00e7in.<br \/>Flan\u015flar, 1.5\u201d ila 48\u201d aras\u0131nda standart boyutlarda mevcuttur; ASME s\u0131n\u0131f\u0131 150&#8217;den ASME s\u0131n\u0131f\u0131 600&#8217;e kadar. <br \/>\u00d6zel boyutlar ve bas\u0131n\u00e7lar istek \u00fczerine mevcuttur. Buna-N ambalaj\u0131 standartt\u0131r. Viton, Silikon ve di\u011fer ambalajlar istek \u00fczerine mevcuttur.<\/p>\n\t\t\t\t\t\t<\/div>\n\t\t\t\t<\/div>\n\t\t\t\t\t<\/div>\n\t\t<\/div>\n\t\t\t\t\t<\/div>\n\t\t<\/section>\n\t\t\t\t<section class=\"elementor-section elementor-top-section elementor-element elementor-element-5d43985 elementor-section-boxed elementor-section-height-default elementor-section-height-default\" data-id=\"5d43985\" data-element_type=\"section\">\n\t\t\t\t\t\t<div class=\"elementor-container elementor-column-gap-default\">\n\t\t\t\t\t<div class=\"elementor-column elementor-col-100 elementor-top-column elementor-element elementor-element-63fc17c\" data-id=\"63fc17c\" data-element_type=\"column\">\n\t\t\t<div class=\"elementor-widget-wrap elementor-element-populated\">\n\t\t\t\t\t\t<div class=\"elementor-element elementor-element-c1bdff7 elementor-widget elementor-widget-button\" data-id=\"c1bdff7\" data-element_type=\"widget\" data-widget_type=\"button.default\">\n\t\t\t\t<div class=\"elementor-widget-container\">\n\t\t\t<a id=button-id-0 target=_blank href=https:\/\/notronpipeline.com\/wp-content\/uploads\/FLANGE-Coupling.pdf class=\"btn  \" style=><i class='fa fas fa-bars'><\/i> Bro\u015f\u00fcr\u00fcm\u00fcz\u00fc \u0130ndirin<\/a>\t\t<\/div>\n\t\t\t\t<\/div>\n\t\t\t\t\t<\/div>\n\t\t<\/div>\n\t\t\t\t\t<\/div>\n\t\t<\/section>\n\t\t\t\t<\/div>\n\t\t","protected":false},"excerpt":{"rendered":"<p>Flan\u015f NOTRON Flan\u015f, m\u00fc\u015fteri taraf\u0131ndan belirtilmedi\u011fi s\u00fcrece kaynak gerektirmeyen mekanik bir ba\u011flant\u0131d\u0131r. Kaynak tehlikesi olan alanlarda prefabrik geni\u015fletme ve yeniden \u00e7al\u0131\u015fma projeleri i\u00e7in ba\u011flant\u0131 ba\u011flant\u0131lar\u0131 yapmak i\u00e7in \u00f6zellikle yararl\u0131d\u0131rlar. NOTRON Flan\u015flar\u0131, ba\u015f \u00fcst\u00fc borular, kanallar, t\u00fcneller, dar manifoldlar veya tehlikeli &hellip;<\/p>\n","protected":false},"author":1,"featured_media":0,"parent":0,"menu_order":0,"comment_status":"closed","ping_status":"closed","template":"","meta":{"footnotes":""},"class_list":["post-1649","page","type-page","status-publish","hentry"],"_links":{"self":[{"href":"https:\/\/notronpipeline.com\/tr\/wp-json\/wp\/v2\/pages\/1649","targetHints":{"allow":["GET"]}}],"collection":[{"href":"https:\/\/notronpipeline.com\/tr\/wp-json\/wp\/v2\/pages"}],"about":[{"href":"https:\/\/notronpipeline.com\/tr\/wp-json\/wp\/v2\/types\/page"}],"author":[{"embeddable":true,"href":"https:\/\/notronpipeline.com\/tr\/wp-json\/wp\/v2\/users\/1"}],"replies":[{"embeddable":true,"href":"https:\/\/notronpipeline.com\/tr\/wp-json\/wp\/v2\/comments?post=1649"}],"version-history":[{"count":6,"href":"https:\/\/notronpipeline.com\/tr\/wp-json\/wp\/v2\/pages\/1649\/revisions"}],"predecessor-version":[{"id":6147,"href":"https:\/\/notronpipeline.com\/tr\/wp-json\/wp\/v2\/pages\/1649\/revisions\/6147"}],"wp:attachment":[{"href":"https:\/\/notronpipeline.com\/tr\/wp-json\/wp\/v2\/media?parent=1649"}],"curies":[{"name":"wp","href":"https:\/\/api.w.org\/{rel}","templated":true}]}}