{"id":1655,"date":"2022-02-02T14:16:59","date_gmt":"2022-02-02T14:16:59","guid":{"rendered":"https:\/\/notronpipeline.com\/flansli-boru-semeri\/"},"modified":"2023-09-12T13:10:08","modified_gmt":"2023-09-12T13:10:08","slug":"flansli-boru-semeri","status":"publish","type":"page","link":"https:\/\/notronpipeline.com\/tr\/flansli-boru-semeri\/","title":{"rendered":"S\u0131cak K\u0131lavuz \u00c7ekme &#8211; Sele"},"content":{"rendered":"\t\t<div data-elementor-type=\"wp-page\" data-elementor-id=\"1655\" class=\"elementor elementor-1655 elementor-770\">\n\t\t\t\t\t\t<section class=\"elementor-section elementor-top-section elementor-element elementor-element-5d94c059 elementor-section-boxed elementor-section-height-default elementor-section-height-default\" data-id=\"5d94c059\" data-element_type=\"section\">\n\t\t\t\t\t\t<div class=\"elementor-container elementor-column-gap-default\">\n\t\t\t\t\t<div class=\"elementor-column elementor-col-100 elementor-top-column elementor-element elementor-element-50a07c64\" data-id=\"50a07c64\" data-element_type=\"column\">\n\t\t\t<div class=\"elementor-widget-wrap elementor-element-populated\">\n\t\t\t\t\t\t<div class=\"elementor-element elementor-element-1f311372 elementor-widget elementor-widget-gallery_slider\" data-id=\"1f311372\" data-element_type=\"widget\" data-widget_type=\"gallery_slider.default\">\n\t\t\t\t<div class=\"elementor-widget-container\">\n\t\t\t<div class=\"gallery-fs\"><figure><img decoding=\"async\" src=\"https:\/\/notronpipeline.com\/wp-content\/uploads\/NT-HTS-1_FINAL-Y.jpg\" alt=\"\"><\/figure><div class=\"gallery-fs-nav\"><button class=\"gallery-fs-fullscreen\"><i class=\"fa fa-arrows-alt\"><\/i><\/button><\/div><div class=\"gallery-fs-thumbnails gallery-fs-thumbnails-col-5 owl-carousel owl-loaded\"><a href='https:\/\/notronpipeline.com\/wp-content\/uploads\/NT-HTS-1_FINAL-Y.jpg' data-caption='hot tapping saddle' title='hot tapping saddle' class=\"selected\"><img class='attachment-anps-gallery-thumb size-anps-gallery-thumb' src=https:\/\/notronpipeline.com\/wp-content\/uploads\/NT-HTS-1_FINAL-Y.jpg sizes='(max-width: 280px) 100vw, 280px' width='280' height='158'><\/a><a href='https:\/\/notronpipeline.com\/wp-content\/uploads\/NT-HTS-2_FINAL_Y.jpg' data-caption='NT-HTS-2_F\u0130NAL_Y' title='NT-HTS-2_F\u0130NAL_Y'><img class='attachment-anps-gallery-thumb size-anps-gallery-thumb' src=https:\/\/notronpipeline.com\/wp-content\/uploads\/NT-HTS-2_FINAL_Y.jpg sizes='(max-width: 280px) 100vw, 280px' width='280' height='158'><\/a><\/div><\/div>\t\t<\/div>\n\t\t\t\t<\/div>\n\t\t\t\t\t<\/div>\n\t\t<\/div>\n\t\t\t\t\t<\/div>\n\t\t<\/section>\n\t\t\t\t<section class=\"elementor-section elementor-top-section elementor-element elementor-element-148aff23 elementor-section-boxed elementor-section-height-default elementor-section-height-default\" data-id=\"148aff23\" data-element_type=\"section\">\n\t\t\t\t\t\t<div class=\"elementor-container elementor-column-gap-default\">\n\t\t\t\t\t<div class=\"elementor-column elementor-col-100 elementor-top-column elementor-element elementor-element-6fe40bb5\" data-id=\"6fe40bb5\" data-element_type=\"column\">\n\t\t\t<div class=\"elementor-widget-wrap elementor-element-populated\">\n\t\t\t\t\t\t<div class=\"elementor-element elementor-element-6fd8980c elementor-widget elementor-widget-heading\" data-id=\"6fd8980c\" data-element_type=\"widget\" data-widget_type=\"heading.default\">\n\t\t\t\t<div class=\"elementor-widget-container\">\n\t\t\t<h3 class='heading-left  divider-sm'  style=\"color:#000000\"><span>Flan\u015fl\u0131 Boru Semeri<\/span><\/h3>\t\t<\/div>\n\t\t\t\t<\/div>\n\t\t\t\t<div class=\"elementor-element elementor-element-5d4f8828 elementor-widget elementor-widget-text-editor\" data-id=\"5d4f8828\" data-element_type=\"widget\" data-widget_type=\"text-editor.default\">\n\t\t\t\t<div class=\"elementor-widget-container\">\n\t\t\t\t\t\t\t<p>&#8220;Takma i\u015flemleri i\u00e7in kullan\u0131ld\u0131\u011f\u0131nda, Flan\u015fl\u0131 Boru Semeri, tapay\u0131 ayarlarken fitingin hareketini k\u0131s\u0131tlamak i\u00e7in kenetleme alanlar\u0131 i\u00e7erecek \u015fekilde tasarlanm\u0131\u015ft\u0131r. Kurulum h\u0131zl\u0131d\u0131r; tork \u00f6zelliklerine g\u00f6re vidalay\u0131n, k\u0131lavuz \u00e7ekme ekipman\u0131n\u0131 monte edin, bir hidrotest ger\u00e7ekle\u015ftirin ve i\u015fleme devam edin.<\/p>\n<p>Ko\u015fullar uygun oldu\u011funda, Flan\u015fl\u0131 Boru Semeri boru hatt\u0131na kal\u0131c\u0131 olarak kaynak yap\u0131labilir. Bunlar, ASME kod b\u00f6l\u00fcm\u00fc VIII&#8217;e g\u00f6re tasarlanm\u0131\u015ft\u0131r ve API 6H\/6X&#8217;in mevcut boru hatlar\u0131nda bran\u015fman ba\u011flant\u0131lar\u0131 yapma veya kaynak yapmadan takma i\u015flemleri yapma amac\u0131n\u0131 kar\u015f\u0131lar. Daha da iyisi, boru hatt\u0131na kaynak yap\u0131lmad\u0131\u011f\u0131 takdirde geri kazan\u0131labilir, yenilenebilir ve tekrar kullan\u0131labilir.<\/p>\n<p>Muazzam bir kavrama g\u00fcc\u00fc elde etmek i\u00e7in in\u015fa edilmi\u015flerdir ve borunun i\u00e7ine girme veya boruyu deforme etme tehlikesini azaltmak i\u00e7in dikkatlice tasarlanm\u0131\u015ft\u0131r. Kaynaks\u0131z boru birle\u015ftirme kelep\u00e7esi, hidrostatik kuvvet, i\u00e7 kuvvetler ve d\u0131\u015f kuvvetlerin herhangi bir kombinasyonu i\u00e7in tasarlanabilir.<\/p>\n<p>Ge\u00e7ici veya kal\u0131c\u0131 olarak kullan\u0131labilirler ve yenilenip yeniden kullan\u0131labilirler. Kelep\u00e7e+Halkalar, iki \u00fcniteyi birbirine ba\u011flayan ge\u00e7meli c\u0131vatalar dahil komple bir set olarak sat\u0131lmaktad\u0131r.&#8221;<\/p>\n\t\t\t\t\t\t<\/div>\n\t\t\t\t<\/div>\n\t\t\t\t\t<\/div>\n\t\t<\/div>\n\t\t\t\t\t<\/div>\n\t\t<\/section>\n\t\t\t\t<section class=\"elementor-section elementor-top-section elementor-element elementor-element-1890b585 elementor-section-boxed elementor-section-height-default elementor-section-height-default\" data-id=\"1890b585\" data-element_type=\"section\">\n\t\t\t\t\t\t<div class=\"elementor-container elementor-column-gap-default\">\n\t\t\t\t\t<div class=\"elementor-column elementor-col-66 elementor-top-column elementor-element elementor-element-1bf1dc91\" data-id=\"1bf1dc91\" data-element_type=\"column\">\n\t\t\t<div class=\"elementor-widget-wrap elementor-element-populated\">\n\t\t\t\t\t\t<div class=\"elementor-element elementor-element-5fbc3ac0 elementor-widget elementor-widget-heading\" data-id=\"5fbc3ac0\" data-element_type=\"widget\" data-widget_type=\"heading.default\">\n\t\t\t\t<div class=\"elementor-widget-container\">\n\t\t\t<h3 class='heading-left  divider-sm'  style=\"color:#000000\"><span>Detaylar<\/span><\/h3>\t\t<\/div>\n\t\t\t\t<\/div>\n\t\t\t\t<div class=\"elementor-element elementor-element-3bf1d199 elementor-widget elementor-widget-accordion\" data-id=\"3bf1d199\" data-element_type=\"widget\" data-widget_type=\"accordion.default\">\n\t\t\t\t<div class=\"elementor-widget-container\">\n\t\t\t\t\t<div class=\"elementor-accordion\">\n\t\t\t\t\t\t\t<div class=\"elementor-accordion-item\">\n\t\t\t\t\t<div id=\"elementor-tab-title-1001\" class=\"elementor-tab-title\" data-tab=\"1\" role=\"button\" aria-controls=\"elementor-tab-content-1001\" aria-expanded=\"false\">\n\t\t\t\t\t\t\t\t\t\t\t\t\t<span class=\"elementor-accordion-icon elementor-accordion-icon-left\" aria-hidden=\"true\">\n\t\t\t\t\t\t\t\t\t\t\t\t\t\t\t<span class=\"elementor-accordion-icon-closed\"><i class=\"fas fa-plus\"><\/i><\/span>\n\t\t\t\t\t\t\t\t<span class=\"elementor-accordion-icon-opened\"><i class=\"fas fa-minus\"><\/i><\/span>\n\t\t\t\t\t\t\t\t\t\t\t\t\t\t<\/span>\n\t\t\t\t\t\t\t\t\t\t\t\t<a class=\"elementor-accordion-title\" tabindex=\"0\">Standat G\u00f6vde Malzemeleri<\/a>\n\t\t\t\t\t<\/div>\n\t\t\t\t\t<div id=\"elementor-tab-content-1001\" class=\"elementor-tab-content elementor-clearfix\" data-tab=\"1\" role=\"region\" aria-labelledby=\"elementor-tab-title-1001\"><p>&#8211; SA-516 Gr 70<br \/>&#8211; SA-350LF2 Cl1<br \/>&#8211; SA-352-LCC<\/p>\n<\/div>\n\t\t\t\t<\/div>\n\t\t\t\t\t\t\t<div class=\"elementor-accordion-item\">\n\t\t\t\t\t<div id=\"elementor-tab-title-1002\" class=\"elementor-tab-title\" data-tab=\"2\" role=\"button\" aria-controls=\"elementor-tab-content-1002\" aria-expanded=\"false\">\n\t\t\t\t\t\t\t\t\t\t\t\t\t<span class=\"elementor-accordion-icon elementor-accordion-icon-left\" aria-hidden=\"true\">\n\t\t\t\t\t\t\t\t\t\t\t\t\t\t\t<span class=\"elementor-accordion-icon-closed\"><i class=\"fas fa-plus\"><\/i><\/span>\n\t\t\t\t\t\t\t\t<span class=\"elementor-accordion-icon-opened\"><i class=\"fas fa-minus\"><\/i><\/span>\n\t\t\t\t\t\t\t\t\t\t\t\t\t\t<\/span>\n\t\t\t\t\t\t\t\t\t\t\t\t<a class=\"elementor-accordion-title\" tabindex=\"0\">Se\u00e7enekler<\/a>\n\t\t\t\t\t<\/div>\n\t\t\t\t\t<div id=\"elementor-tab-content-1002\" class=\"elementor-tab-content elementor-clearfix\" data-tab=\"2\" role=\"region\" aria-labelledby=\"elementor-tab-title-1002\"><p>\u2013 Korozyon korumas\u0131 i\u00e7in marine epoksi boyas\u0131<br \/>&#8211; Montaj kolayl\u0131\u011f\u0131 i\u00e7in mente\u015feler<br \/>\u2013 NACE MR0175 \/ ISO 15156 uyumlu malzemeler<\/p>\n<\/div>\n\t\t\t\t<\/div>\n\t\t\t\t\t\t\t\t<\/div>\n\t\t\t\t<\/div>\n\t\t\t\t<\/div>\n\t\t\t\t\t<\/div>\n\t\t<\/div>\n\t\t\t\t<div class=\"elementor-column elementor-col-33 elementor-top-column elementor-element elementor-element-2e9cc042\" data-id=\"2e9cc042\" data-element_type=\"column\">\n\t\t\t<div class=\"elementor-widget-wrap elementor-element-populated\">\n\t\t\t\t\t\t<div class=\"elementor-element elementor-element-52344a92 elementor-widget elementor-widget-heading\" data-id=\"52344a92\" data-element_type=\"widget\" data-widget_type=\"heading.default\">\n\t\t\t\t<div class=\"elementor-widget-container\">\n\t\t\t<h3 class='heading-left  divider-sm'  style=\"color:#000000\"><span>Kurulum<\/span><\/h3>\t\t<\/div>\n\t\t\t\t<\/div>\n\t\t\t\t<div class=\"elementor-element elementor-element-608b0f89 elementor-widget elementor-widget-text-editor\" data-id=\"608b0f89\" data-element_type=\"widget\" data-widget_type=\"text-editor.default\">\n\t\t\t\t<div class=\"elementor-widget-container\">\n\t\t\t\t\t\t\t<p>Kollar herhangi bir boyut ve bas\u0131n\u00e7 aral\u0131\u011f\u0131nda mevcuttur.<br \/>Di\u015fli, kaynakl\u0131 veya flan\u015fl\u0131 \u00e7\u0131k\u0131\u015flar mevcuttur.<br \/>Viton ambalaj standartt\u0131r.<br \/>Buna-N, Silikon ve di\u011fer ambalajlar istek \u00fczerine mevcuttur<\/p>\n\t\t\t\t\t\t<\/div>\n\t\t\t\t<\/div>\n\t\t\t\t\t<\/div>\n\t\t<\/div>\n\t\t\t\t\t<\/div>\n\t\t<\/section>\n\t\t\t\t<section class=\"elementor-section elementor-top-section elementor-element elementor-element-7a934a7 elementor-section-boxed elementor-section-height-default elementor-section-height-default\" data-id=\"7a934a7\" data-element_type=\"section\">\n\t\t\t\t\t\t<div class=\"elementor-container elementor-column-gap-default\">\n\t\t\t\t\t<div class=\"elementor-column elementor-col-100 elementor-top-column elementor-element elementor-element-f509641\" data-id=\"f509641\" data-element_type=\"column\">\n\t\t\t<div class=\"elementor-widget-wrap elementor-element-populated\">\n\t\t\t\t\t\t<div class=\"elementor-element elementor-element-d784ca1 elementor-widget elementor-widget-button\" data-id=\"d784ca1\" data-element_type=\"widget\" data-widget_type=\"button.default\">\n\t\t\t\t<div class=\"elementor-widget-container\">\n\t\t\t<a id=button-id-0 target=_blank href=https:\/\/notronpipeline.com\/wp-content\/uploads\/HOT-TAPPING-SADDLE_FINAL.pdf class=\"btn  \" style=><i class='fa far fa-arrow-alt-circle-down'><\/i> Bro\u015f\u00fcr\u00fcm\u00fcz\u00fc \u0130ndirin<\/a>\t\t<\/div>\n\t\t\t\t<\/div>\n\t\t\t\t\t<\/div>\n\t\t<\/div>\n\t\t\t\t\t<\/div>\n\t\t<\/section>\n\t\t\t\t<\/div>\n\t\t","protected":false},"excerpt":{"rendered":"<p>Flan\u015fl\u0131 Boru Semeri &#8220;Takma i\u015flemleri i\u00e7in kullan\u0131ld\u0131\u011f\u0131nda, Flan\u015fl\u0131 Boru Semeri, tapay\u0131 ayarlarken fitingin hareketini k\u0131s\u0131tlamak i\u00e7in kenetleme alanlar\u0131 i\u00e7erecek \u015fekilde tasarlanm\u0131\u015ft\u0131r. Kurulum h\u0131zl\u0131d\u0131r; tork \u00f6zelliklerine g\u00f6re vidalay\u0131n, k\u0131lavuz \u00e7ekme ekipman\u0131n\u0131 monte edin, bir hidrotest ger\u00e7ekle\u015ftirin ve i\u015fleme devam edin. Ko\u015fullar &hellip;<\/p>\n","protected":false},"author":1,"featured_media":0,"parent":0,"menu_order":0,"comment_status":"closed","ping_status":"closed","template":"","meta":{"footnotes":""},"class_list":["post-1655","page","type-page","status-publish","hentry"],"_links":{"self":[{"href":"https:\/\/notronpipeline.com\/tr\/wp-json\/wp\/v2\/pages\/1655","targetHints":{"allow":["GET"]}}],"collection":[{"href":"https:\/\/notronpipeline.com\/tr\/wp-json\/wp\/v2\/pages"}],"about":[{"href":"https:\/\/notronpipeline.com\/tr\/wp-json\/wp\/v2\/types\/page"}],"author":[{"embeddable":true,"href":"https:\/\/notronpipeline.com\/tr\/wp-json\/wp\/v2\/users\/1"}],"replies":[{"embeddable":true,"href":"https:\/\/notronpipeline.com\/tr\/wp-json\/wp\/v2\/comments?post=1655"}],"version-history":[{"count":4,"href":"https:\/\/notronpipeline.com\/tr\/wp-json\/wp\/v2\/pages\/1655\/revisions"}],"predecessor-version":[{"id":5055,"href":"https:\/\/notronpipeline.com\/tr\/wp-json\/wp\/v2\/pages\/1655\/revisions\/5055"}],"wp:attachment":[{"href":"https:\/\/notronpipeline.com\/tr\/wp-json\/wp\/v2\/media?parent=1655"}],"curies":[{"name":"wp","href":"https:\/\/api.w.org\/{rel}","templated":true}]}}