{"id":2614,"date":"2022-02-02T14:15:57","date_gmt":"2022-02-02T14:15:57","guid":{"rendered":"https:\/\/notronpipeline.com\/yukseltici-kaynak-uclar\/"},"modified":"2025-03-27T14:08:00","modified_gmt":"2025-03-27T14:08:00","slug":"yukselme-kaynakli-onarim-kaplini","status":"publish","type":"page","link":"https:\/\/notronpipeline.com\/tr\/yukselme-kaynakli-onarim-kaplini\/","title":{"rendered":"Y\u00fckselme Kaynakl\u0131 Onar\u0131m Kaplini"},"content":{"rendered":"\t\t<div data-elementor-type=\"wp-page\" data-elementor-id=\"2614\" class=\"elementor elementor-2614 elementor-767\">\n\t\t\t\t\t\t<section class=\"elementor-section elementor-top-section elementor-element elementor-element-5d94c059 elementor-section-boxed elementor-section-height-default elementor-section-height-default\" data-id=\"5d94c059\" data-element_type=\"section\">\n\t\t\t\t\t\t<div class=\"elementor-container elementor-column-gap-default\">\n\t\t\t\t\t<div class=\"elementor-column elementor-col-100 elementor-top-column elementor-element elementor-element-50a07c64\" data-id=\"50a07c64\" data-element_type=\"column\">\n\t\t\t<div class=\"elementor-widget-wrap elementor-element-populated\">\n\t\t\t\t\t\t<div class=\"elementor-element elementor-element-1f311372 elementor-widget elementor-widget-gallery_slider\" data-id=\"1f311372\" data-element_type=\"widget\" data-widget_type=\"gallery_slider.default\">\n\t\t\t\t<div class=\"elementor-widget-container\">\n\t\t\t<div class=\"gallery-fs\"><figure><img decoding=\"async\" src=\"https:\/\/notronpipeline.com\/wp-content\/uploads\/NT-RWE-2_FINAL_Y.jpg\" alt=\"\"><\/figure><div class=\"gallery-fs-nav\"><button class=\"gallery-fs-fullscreen\"><i class=\"fa fa-arrows-alt\"><\/i><\/button><\/div><div class=\"gallery-fs-thumbnails gallery-fs-thumbnails-col-5 owl-carousel owl-loaded\"><a href='https:\/\/notronpipeline.com\/wp-content\/uploads\/NT-RWE-2_FINAL_Y.jpg' data-caption='NT-RWE-2_F\u0130NAL_Y' title='NT-RWE-2_F\u0130NAL_Y' class=\"selected\"><img class='attachment-anps-gallery-thumb size-anps-gallery-thumb' src=https:\/\/notronpipeline.com\/wp-content\/uploads\/NT-RWE-2_FINAL_Y.jpg sizes='(max-width: 280px) 100vw, 280px' width='280' height='158'><\/a><a href='https:\/\/notronpipeline.com\/wp-content\/uploads\/NT-RWE-1_FINAL_Y-1.jpg' data-caption='NT-RWE-1_F\u0130NAL_Y' title='NT-RWE-1_F\u0130NAL_Y'><img class='attachment-anps-gallery-thumb size-anps-gallery-thumb' src=https:\/\/notronpipeline.com\/wp-content\/uploads\/NT-RWE-1_FINAL_Y-1.jpg sizes='(max-width: 280px) 100vw, 280px' width='280' height='158'><\/a><\/div><\/div>\t\t<\/div>\n\t\t\t\t<\/div>\n\t\t\t\t\t<\/div>\n\t\t<\/div>\n\t\t\t\t\t<\/div>\n\t\t<\/section>\n\t\t\t\t<section class=\"elementor-section elementor-top-section elementor-element elementor-element-148aff23 elementor-section-boxed elementor-section-height-default elementor-section-height-default\" data-id=\"148aff23\" data-element_type=\"section\">\n\t\t\t\t\t\t<div class=\"elementor-container elementor-column-gap-default\">\n\t\t\t\t\t<div class=\"elementor-column elementor-col-100 elementor-top-column elementor-element elementor-element-6fe40bb5\" data-id=\"6fe40bb5\" data-element_type=\"column\">\n\t\t\t<div class=\"elementor-widget-wrap elementor-element-populated\">\n\t\t\t\t\t\t<div class=\"elementor-element elementor-element-6fd8980c elementor-widget elementor-widget-heading\" data-id=\"6fd8980c\" data-element_type=\"widget\" data-widget_type=\"heading.default\">\n\t\t\t\t<div class=\"elementor-widget-container\">\n\t\t\t<h3 class='heading-left  divider-sm'  style=\"color:#000000\"><span>Y\u00fckseltme Kaynakl\u0131 Onar\u0131m Kaplini<\/span><\/h3>\t\t<\/div>\n\t\t\t\t<\/div>\n\t\t\t\t<div class=\"elementor-element elementor-element-5d4f8828 elementor-widget elementor-widget-text-editor\" data-id=\"5d4f8828\" data-element_type=\"widget\" data-widget_type=\"text-editor.default\">\n\t\t\t\t<div class=\"elementor-widget-container\">\n\t\t\t\t\t\t\t<p>Y\u00fckseltme Kaynakl\u0131 Onar\u0131m Kaplini su alt\u0131 kayna\u011f\u0131n\u0131 \u00f6nler. Y\u00fczeyde yeni yedek y\u00fckselticiye soket kayna\u011f\u0131 yap\u0131l\u0131r ve suya indirilir. Dalg\u0131\u00e7 eski y\u00fckselticiyi keser, yeni ba\u011flant\u0131 par\u00e7as\u0131n\u0131 kesilen borunun \u00fczerine saplar, ard\u0131ndan kaynak yapmadan tam s\u0131zd\u0131rmaz bir s\u0131zd\u0131rmazl\u0131k i\u00e7in s\u0131k\u0131\u015ft\u0131rma ve bask\u0131 vidalar\u0131n\u0131 torklar.<\/p><p>Y\u00fckselme Kaynakl\u0131 Onar\u0131m Kaplini, a\u00e7\u0131k deniz petrol ve gaz hatlar\u0131ndaki su alt\u0131 y\u00fckselticisinin su alt\u0131nda kaynak yap\u0131lmadan de\u011fi\u015ftirilmesini kolayla\u015ft\u0131rmak i\u00e7in tasarlanm\u0131\u015ft\u0131r. Onar\u0131m fittingi, y\u00fcksek bas\u0131n\u00e7l\u0131 boru hatlar\u0131nda s\u0131zd\u0131rmazl\u0131k sa\u011flamak ve a\u015f\u0131r\u0131 u\u00e7 \u00e7ekmeye direnmek i\u00e7in ek s\u0131k\u0131\u015ft\u0131rma ve bask\u0131 vidalar\u0131na sahiptir. \u0130nce duvar uygulamalar\u0131 i\u00e7in \u00f6zel kurulum talimatlar\u0131 gereklidir.<\/p>\t\t\t\t\t\t<\/div>\n\t\t\t\t<\/div>\n\t\t\t\t\t<\/div>\n\t\t<\/div>\n\t\t\t\t\t<\/div>\n\t\t<\/section>\n\t\t\t\t<section class=\"elementor-section elementor-top-section elementor-element elementor-element-1890b585 elementor-section-boxed elementor-section-height-default elementor-section-height-default\" data-id=\"1890b585\" data-element_type=\"section\">\n\t\t\t\t\t\t<div class=\"elementor-container elementor-column-gap-default\">\n\t\t\t\t\t<div class=\"elementor-column elementor-col-66 elementor-top-column elementor-element elementor-element-1bf1dc91\" data-id=\"1bf1dc91\" data-element_type=\"column\">\n\t\t\t<div class=\"elementor-widget-wrap elementor-element-populated\">\n\t\t\t\t\t\t<div class=\"elementor-element elementor-element-5fbc3ac0 elementor-widget elementor-widget-heading\" data-id=\"5fbc3ac0\" data-element_type=\"widget\" data-widget_type=\"heading.default\">\n\t\t\t\t<div class=\"elementor-widget-container\">\n\t\t\t<h3 class='heading-left  divider-sm'  style=\"color:#000000\"><span>Detaylar<\/span><\/h3>\t\t<\/div>\n\t\t\t\t<\/div>\n\t\t\t\t<div class=\"elementor-element elementor-element-34be3cb7 elementor-widget elementor-widget-text-editor\" data-id=\"34be3cb7\" data-element_type=\"widget\" data-widget_type=\"text-editor.default\">\n\t\t\t\t<div class=\"elementor-widget-container\">\n\t\t\t\t\t\t\t<p>Y\u00fckselme Kaynakl\u0131 Onar\u0131m Kaplini, y\u00fczeyde yeni yedek y\u00fckselticiye soket kaynakl\u0131 olarak ba\u011flan\u0131r ve suya indirilir. Bir dalg\u0131\u00e7 eski y\u00fckselticiyi keser, yeni ba\u011flant\u0131 par\u00e7as\u0131n\u0131 kesilen borunun \u00fczerine yerle\u015ftirir, ard\u0131ndan kaynak yapmadan tam bir s\u0131zd\u0131rmazl\u0131k sa\u011flamak i\u00e7in s\u0131k\u0131\u015ft\u0131rma ve bask\u0131 vidalar\u0131n\u0131 s\u0131kar.<\/p><p>Y\u00fckselme Kaynakl\u0131 Onar\u0131m Kaplini, a\u00e7\u0131k deniz petrol ve gaz hatlar\u0131ndaki su alt\u0131 y\u00fckselticilerinin su alt\u0131nda kaynak yap\u0131lmadan de\u011fi\u015ftirilmesini kolayla\u015ft\u0131rmak i\u00e7in tasarlanm\u0131\u015ft\u0131r.<br \/>Bu fitting, y\u00fcksek bas\u0131n\u00e7 i\u00e7in bir s\u0131zd\u0131rmazl\u0131k sa\u011flamak ve a\u015f\u0131r\u0131 u\u00e7 \u00e7ekmeye direnmek i\u00e7in ek s\u0131k\u0131\u015ft\u0131rma ve bask\u0131 vidalar\u0131na sahiptir. \u0130nce duvar uygulamalar\u0131 i\u00e7in \u00f6zel kurulum talimatlar\u0131 gereklidir. Ayr\u0131nt\u0131lar i\u00e7in bizimle ileti\u015fime ge\u00e7in.<\/p>\t\t\t\t\t\t<\/div>\n\t\t\t\t<\/div>\n\t\t\t\t<div class=\"elementor-element elementor-element-3bf1d199 elementor-widget elementor-widget-accordion\" data-id=\"3bf1d199\" data-element_type=\"widget\" data-widget_type=\"accordion.default\">\n\t\t\t\t<div class=\"elementor-widget-container\">\n\t\t\t\t\t<div class=\"elementor-accordion\">\n\t\t\t\t\t\t\t<div class=\"elementor-accordion-item\">\n\t\t\t\t\t<div id=\"elementor-tab-title-1001\" class=\"elementor-tab-title\" data-tab=\"1\" role=\"button\" aria-controls=\"elementor-tab-content-1001\" aria-expanded=\"false\">\n\t\t\t\t\t\t\t\t\t\t\t\t\t<span class=\"elementor-accordion-icon elementor-accordion-icon-left\" aria-hidden=\"true\">\n\t\t\t\t\t\t\t\t\t\t\t\t\t\t\t<span class=\"elementor-accordion-icon-closed\"><i class=\"fas fa-plus\"><\/i><\/span>\n\t\t\t\t\t\t\t\t<span class=\"elementor-accordion-icon-opened\"><i class=\"fas fa-minus\"><\/i><\/span>\n\t\t\t\t\t\t\t\t\t\t\t\t\t\t<\/span>\n\t\t\t\t\t\t\t\t\t\t\t\t<a class=\"elementor-accordion-title\" tabindex=\"0\">Standat G\u00f6vde Malzemeleri <\/a>\n\t\t\t\t\t<\/div>\n\t\t\t\t\t<div id=\"elementor-tab-content-1001\" class=\"elementor-tab-content elementor-clearfix\" data-tab=\"1\" role=\"region\" aria-labelledby=\"elementor-tab-title-1001\"><p>&#8211; ASTM A106 Gr. C veya ASTM A105\/A350 Gr. LF2<\/p>\n<\/div>\n\t\t\t\t<\/div>\n\t\t\t\t\t\t\t<div class=\"elementor-accordion-item\">\n\t\t\t\t\t<div id=\"elementor-tab-title-1002\" class=\"elementor-tab-title\" data-tab=\"2\" role=\"button\" aria-controls=\"elementor-tab-content-1002\" aria-expanded=\"false\">\n\t\t\t\t\t\t\t\t\t\t\t\t\t<span class=\"elementor-accordion-icon elementor-accordion-icon-left\" aria-hidden=\"true\">\n\t\t\t\t\t\t\t\t\t\t\t\t\t\t\t<span class=\"elementor-accordion-icon-closed\"><i class=\"fas fa-plus\"><\/i><\/span>\n\t\t\t\t\t\t\t\t<span class=\"elementor-accordion-icon-opened\"><i class=\"fas fa-minus\"><\/i><\/span>\n\t\t\t\t\t\t\t\t\t\t\t\t\t\t<\/span>\n\t\t\t\t\t\t\t\t\t\t\t\t<a class=\"elementor-accordion-title\" tabindex=\"0\">Se\u00e7enekler<\/a>\n\t\t\t\t\t<\/div>\n\t\t\t\t\t<div id=\"elementor-tab-content-1002\" class=\"elementor-tab-content elementor-clearfix\" data-tab=\"2\" role=\"region\" aria-labelledby=\"elementor-tab-title-1002\"><p>\u2013 Korozyon korumas\u0131 i\u00e7in marine epoksi boyas\u0131<\/p>\n<p>&#8211; NACE MR0175\/ISO 15156 uyumlu malzemeler<\/p>\n<\/div>\n\t\t\t\t<\/div>\n\t\t\t\t\t\t\t\t<\/div>\n\t\t\t\t<\/div>\n\t\t\t\t<\/div>\n\t\t\t\t\t<\/div>\n\t\t<\/div>\n\t\t\t\t<div class=\"elementor-column elementor-col-33 elementor-top-column elementor-element elementor-element-2e9cc042\" data-id=\"2e9cc042\" data-element_type=\"column\">\n\t\t\t<div class=\"elementor-widget-wrap elementor-element-populated\">\n\t\t\t\t\t\t<div class=\"elementor-element elementor-element-52344a92 elementor-widget elementor-widget-heading\" data-id=\"52344a92\" data-element_type=\"widget\" data-widget_type=\"heading.default\">\n\t\t\t\t<div class=\"elementor-widget-container\">\n\t\t\t<h3 class='heading-left  divider-sm'  style=\"color:#000000\"><span>Di\u011fer Detaylar<\/span><\/h3>\t\t<\/div>\n\t\t\t\t<\/div>\n\t\t\t\t<div class=\"elementor-element elementor-element-608b0f89 elementor-widget elementor-widget-text-editor\" data-id=\"608b0f89\" data-element_type=\"widget\" data-widget_type=\"text-editor.default\">\n\t\t\t\t<div class=\"elementor-widget-container\">\n\t\t\t\t\t\t\t<p>Standart 11 \u20442&#8243; ila 48&#8243; boyutlar\u0131nda mevcuttur.<\/p>\n<p>\u00d6zel boyutlar, \u00e7aplar, bas\u0131n\u00e7lar ve uzunluklar talep \u00fczerine temin edilebilir<br \/>\u0130stek.<\/p>\n<p>Buna-N ambalaj\u0131 standartt\u0131r.<\/p>\n<p>Viton, Silikon ve di\u011fer salmastralar istek \u00fczerine temin edilebilir.<\/p>\n\t\t\t\t\t\t<\/div>\n\t\t\t\t<\/div>\n\t\t\t\t\t<\/div>\n\t\t<\/div>\n\t\t\t\t\t<\/div>\n\t\t<\/section>\n\t\t\t\t<section class=\"elementor-section elementor-top-section elementor-element elementor-element-b8745cf elementor-section-boxed elementor-section-height-default elementor-section-height-default\" data-id=\"b8745cf\" data-element_type=\"section\">\n\t\t\t\t\t\t<div class=\"elementor-container elementor-column-gap-default\">\n\t\t\t\t\t<div class=\"elementor-column elementor-col-100 elementor-top-column elementor-element elementor-element-5608501\" data-id=\"5608501\" data-element_type=\"column\">\n\t\t\t<div class=\"elementor-widget-wrap elementor-element-populated\">\n\t\t\t\t\t\t<div class=\"elementor-element elementor-element-a4eadb4 elementor-widget elementor-widget-button\" data-id=\"a4eadb4\" data-element_type=\"widget\" data-widget_type=\"button.default\">\n\t\t\t\t<div class=\"elementor-widget-container\">\n\t\t\t<a id=button-id-0 target=_blank href=https:\/\/notronpipeline.com\/wp-content\/uploads\/Rise-Weld-on-Repair-Coupling.pdf class=\"btn  \" style=><i class='fa far fa-arrow-alt-circle-down'><\/i> Bro\u015f\u00fcr\u00fcm\u00fcz\u00fc \u0130ndirin<\/a>\t\t<\/div>\n\t\t\t\t<\/div>\n\t\t\t\t\t<\/div>\n\t\t<\/div>\n\t\t\t\t\t<\/div>\n\t\t<\/section>\n\t\t\t\t<\/div>\n\t\t","protected":false},"excerpt":{"rendered":"<p>Y\u00fckseltme Kaynakl\u0131 Onar\u0131m Kaplini Y\u00fckseltme Kaynakl\u0131 Onar\u0131m Kaplini su alt\u0131 kayna\u011f\u0131n\u0131 \u00f6nler. Y\u00fczeyde yeni yedek y\u00fckselticiye soket kayna\u011f\u0131 yap\u0131l\u0131r ve suya indirilir. Dalg\u0131\u00e7 eski y\u00fckselticiyi keser, yeni ba\u011flant\u0131 par\u00e7as\u0131n\u0131 kesilen borunun \u00fczerine saplar, ard\u0131ndan kaynak yapmadan tam s\u0131zd\u0131rmaz bir s\u0131zd\u0131rmazl\u0131k &hellip;<\/p>\n","protected":false},"author":1,"featured_media":0,"parent":0,"menu_order":0,"comment_status":"closed","ping_status":"closed","template":"","meta":{"footnotes":""},"class_list":["post-2614","page","type-page","status-publish","hentry"],"_links":{"self":[{"href":"https:\/\/notronpipeline.com\/tr\/wp-json\/wp\/v2\/pages\/2614","targetHints":{"allow":["GET"]}}],"collection":[{"href":"https:\/\/notronpipeline.com\/tr\/wp-json\/wp\/v2\/pages"}],"about":[{"href":"https:\/\/notronpipeline.com\/tr\/wp-json\/wp\/v2\/types\/page"}],"author":[{"embeddable":true,"href":"https:\/\/notronpipeline.com\/tr\/wp-json\/wp\/v2\/users\/1"}],"replies":[{"embeddable":true,"href":"https:\/\/notronpipeline.com\/tr\/wp-json\/wp\/v2\/comments?post=2614"}],"version-history":[{"count":11,"href":"https:\/\/notronpipeline.com\/tr\/wp-json\/wp\/v2\/pages\/2614\/revisions"}],"predecessor-version":[{"id":6183,"href":"https:\/\/notronpipeline.com\/tr\/wp-json\/wp\/v2\/pages\/2614\/revisions\/6183"}],"wp:attachment":[{"href":"https:\/\/notronpipeline.com\/tr\/wp-json\/wp\/v2\/media?parent=2614"}],"curies":[{"name":"wp","href":"https:\/\/api.w.org\/{rel}","templated":true}]}}