{"id":5110,"date":"2022-02-02T14:03:57","date_gmt":"2022-02-02T14:03:57","guid":{"rendered":"https:\/\/notronpipeline.com\/split-onarim-tee-elbow-cross\/"},"modified":"2023-09-12T13:14:34","modified_gmt":"2023-09-12T13:14:34","slug":"split-onarim-tee-elbow-cross","status":"publish","type":"page","link":"https:\/\/notronpipeline.com\/tr\/split-onarim-tee-elbow-cross\/","title":{"rendered":"Split &#8211; Onar\u0131m Tee\/Elbow\/Cross"},"content":{"rendered":"\t\t<div data-elementor-type=\"wp-page\" data-elementor-id=\"5110\" class=\"elementor elementor-5110 elementor-753\">\n\t\t\t\t\t\t<section class=\"elementor-section elementor-top-section elementor-element elementor-element-5d94c059 elementor-section-boxed elementor-section-height-default elementor-section-height-default\" data-id=\"5d94c059\" data-element_type=\"section\">\n\t\t\t\t\t\t<div class=\"elementor-container elementor-column-gap-default\">\n\t\t\t\t\t<div class=\"elementor-column elementor-col-100 elementor-top-column elementor-element elementor-element-50a07c64\" data-id=\"50a07c64\" data-element_type=\"column\">\n\t\t\t<div class=\"elementor-widget-wrap elementor-element-populated\">\n\t\t\t\t\t\t<div class=\"elementor-element elementor-element-1f311372 elementor-widget elementor-widget-gallery_slider\" data-id=\"1f311372\" data-element_type=\"widget\" data-widget_type=\"gallery_slider.default\">\n\t\t\t\t<div class=\"elementor-widget-container\">\n\t\t\t<div class=\"gallery-fs\"><figure><img decoding=\"async\" src=\"https:\/\/notronpipeline.com\/wp-content\/uploads\/UCU-DE-FARKLI-RESIM-OLACAK-tee-elbow-cross.jpg\" alt=\"\"><\/figure><\/div>\t\t<\/div>\n\t\t\t\t<\/div>\n\t\t\t\t\t<\/div>\n\t\t<\/div>\n\t\t\t\t\t<\/div>\n\t\t<\/section>\n\t\t\t\t<section class=\"elementor-section elementor-top-section elementor-element elementor-element-148aff23 elementor-section-boxed elementor-section-height-default elementor-section-height-default\" data-id=\"148aff23\" data-element_type=\"section\">\n\t\t\t\t\t\t<div class=\"elementor-container elementor-column-gap-default\">\n\t\t\t\t\t<div class=\"elementor-column elementor-col-100 elementor-top-column elementor-element elementor-element-6fe40bb5\" data-id=\"6fe40bb5\" data-element_type=\"column\">\n\t\t\t<div class=\"elementor-widget-wrap elementor-element-populated\">\n\t\t\t\t\t\t<div class=\"elementor-element elementor-element-6fd8980c elementor-widget elementor-widget-heading\" data-id=\"6fd8980c\" data-element_type=\"widget\" data-widget_type=\"heading.default\">\n\t\t\t\t<div class=\"elementor-widget-container\">\n\t\t\t<h3 class='heading-left  divider-sm'  style=\"color:#000000\"><span>Split + Repair Tee\/Elbow\/Cross<\/span><\/h3>\t\t<\/div>\n\t\t\t\t<\/div>\n\t\t\t\t<div class=\"elementor-element elementor-element-5d4f8828 elementor-widget elementor-widget-text-editor\" data-id=\"5d4f8828\" data-element_type=\"widget\" data-widget_type=\"text-editor.default\">\n\t\t\t\t<div class=\"elementor-widget-container\">\n\t\t\t\t\t\t\t<p>Split+Repair Ell, Split+Repair Tee ve Split+Repair Cross ba\u011flant\u0131 par\u00e7alar\u0131 g\u00fcvenli ve g\u00fcvenilir olmalar\u0131n\u0131n yan\u0131 s\u0131ra kolay ve h\u0131zl\u0131 monte edilirler.<\/p>\n<p>Bu ba\u011flant\u0131 par\u00e7alar\u0131ndan herhangi biri hatta d\u00fczg\u00fcn bir \u015fekilde c\u0131vataland\u0131\u011f\u0131nda s\u0131z\u0131nt\u0131 h\u0131zla kontrol alt\u0131na al\u0131n\u0131r. Onar\u0131m s\u0131ras\u0131nda kapatmaya gerek yoktur. Hatt\u0131n boyutuna ve bas\u0131nc\u0131na ba\u011fl\u0131 olarak, dengesiz kuvvetlere kar\u015f\u0131 koymak i\u00e7in s\u0131k\u0131\u015ft\u0131rma u\u00e7lar\u0131na ihtiya\u00e7 duyulabilir.<\/p>\n<p>Split+Repair Ells, Tees ve Cross&#8217;lar\u0131m\u0131z, hat hizmetteyken kal\u0131c\u0131 bir onar\u0131m i\u00e7in kaynaklanabilir. Ge\u00e7ici bir ba\u011flant\u0131 par\u00e7as\u0131 olarak kullan\u0131l\u0131rsa ve hatta kaynak yap\u0131lmazsa, bu ba\u011flant\u0131 par\u00e7alar\u0131ndan herhangi biri \u00e7\u0131kar\u0131labilir ve yenilenmek \u00fczere fabrikaya geri g\u00f6nderilebilir ve ard\u0131ndan m\u00fc\u015fteri envanterine iade edilebilir.<\/p>\n<p>Split+Repair Ell 45\u00b0, 90\u00b0, k\u0131sa yar\u0131\u00e7apl\u0131, uzun yar\u0131\u00e7apl\u0131, te\u011fetli uzun yar\u0131\u00e7apl\u0131, vidal\u0131 ve soket kaynakl\u0131 ve \u00f6zel boyutlar ve a\u00e7\u0131lar dahil olmak \u00fczere bir\u00e7ok konfig\u00fcrasyonda mevcuttur. Bu ba\u011flant\u0131 par\u00e7as\u0131 kavisli veya a\u00e7\u0131l\u0131 borular\u0131 onarmak i\u00e7in kullan\u0131l\u0131r.<\/p>\n\t\t\t\t\t\t<\/div>\n\t\t\t\t<\/div>\n\t\t\t\t\t<\/div>\n\t\t<\/div>\n\t\t\t\t\t<\/div>\n\t\t<\/section>\n\t\t\t\t<section class=\"elementor-section elementor-top-section elementor-element elementor-element-1890b585 elementor-section-boxed elementor-section-height-default elementor-section-height-default\" data-id=\"1890b585\" data-element_type=\"section\">\n\t\t\t\t\t\t<div class=\"elementor-container elementor-column-gap-default\">\n\t\t\t\t\t<div class=\"elementor-column elementor-col-66 elementor-top-column elementor-element elementor-element-1bf1dc91\" data-id=\"1bf1dc91\" data-element_type=\"column\">\n\t\t\t<div class=\"elementor-widget-wrap elementor-element-populated\">\n\t\t\t\t\t\t<div class=\"elementor-element elementor-element-5fbc3ac0 elementor-widget elementor-widget-heading\" data-id=\"5fbc3ac0\" data-element_type=\"widget\" data-widget_type=\"heading.default\">\n\t\t\t\t<div class=\"elementor-widget-container\">\n\t\t\t<h3 class='heading-left  divider-sm'  style=\"color:#000000\"><span>Detaylar<\/span><\/h3>\t\t<\/div>\n\t\t\t\t<\/div>\n\t\t\t\t<div class=\"elementor-element elementor-element-34be3cb7 elementor-widget elementor-widget-text-editor\" data-id=\"34be3cb7\" data-element_type=\"widget\" data-widget_type=\"text-editor.default\">\n\t\t\t\t<div class=\"elementor-widget-container\">\n\t\t\t\t\t\t\t<p>Split+Repair Ell, Split+Repair Tee ve Split+Repar Cross ba\u011flant\u0131 par\u00e7alar\u0131 hem g\u00fcvenli hem de g\u00fcvenilirdir<br \/>kurulumu kolay ve h\u0131zl\u0131d\u0131r. Contalar\u0131 yerinde tutmak ve montaj s\u0131ras\u0131nda yer de\u011fi\u015ftirmelerini ve hasar g\u00f6rmelerini \u00f6nlemek i\u00e7in \u00e7elik GirderRing&#8217;e sahiptirler. Ba\u011flant\u0131 par\u00e7as\u0131 hatta d\u00fczg\u00fcn bir \u015fekilde vidaland\u0131\u011f\u0131nda s\u0131z\u0131nt\u0131 kontrol alt\u0131na al\u0131n\u0131r. S\u0131z\u0131nt\u0131 onar\u0131l\u0131rken kapatmaya gerek yoktur.<\/p>\n<p>Boyut ve bas\u0131nca ba\u011fl\u0131 olarak, dengesiz kuvvetlere ve\/veya m\u00fc\u015fteri taraf\u0131ndan belirlenen kuvvetlere kar\u015f\u0131 koymak i\u00e7in s\u0131k\u0131\u015ft\u0131rma u\u00e7lar\u0131 eklemek gerekebilir.<\/p>\n<p>Split+Repair Ells, Tees ve Crosses, hat hizmetteyken kal\u0131c\u0131 bir onar\u0131m i\u00e7in kaynaklanabilir. Ge\u00e7ici bir fitting olarak kullan\u0131l\u0131yorsa ve hatta kaynak yap\u0131lmam\u0131\u015fsa, bu se\u00e7eneklerden herhangi biri \u00e7\u0131kar\u0131labilir ve yenilenmek \u00fczere fabrikaya geri g\u00f6nderilebilir ve ard\u0131ndan<br \/>envanteriniz.<\/p>\n\t\t\t\t\t\t<\/div>\n\t\t\t\t<\/div>\n\t\t\t\t<div class=\"elementor-element elementor-element-3bf1d199 elementor-widget elementor-widget-accordion\" data-id=\"3bf1d199\" data-element_type=\"widget\" data-widget_type=\"accordion.default\">\n\t\t\t\t<div class=\"elementor-widget-container\">\n\t\t\t\t\t<div class=\"elementor-accordion\">\n\t\t\t\t\t\t\t<div class=\"elementor-accordion-item\">\n\t\t\t\t\t<div id=\"elementor-tab-title-1001\" class=\"elementor-tab-title\" data-tab=\"1\" role=\"button\" aria-controls=\"elementor-tab-content-1001\" aria-expanded=\"false\">\n\t\t\t\t\t\t\t\t\t\t\t\t\t<span class=\"elementor-accordion-icon elementor-accordion-icon-left\" aria-hidden=\"true\">\n\t\t\t\t\t\t\t\t\t\t\t\t\t\t\t<span class=\"elementor-accordion-icon-closed\"><i class=\"fas fa-plus\"><\/i><\/span>\n\t\t\t\t\t\t\t\t<span class=\"elementor-accordion-icon-opened\"><i class=\"fas fa-minus\"><\/i><\/span>\n\t\t\t\t\t\t\t\t\t\t\t\t\t\t<\/span>\n\t\t\t\t\t\t\t\t\t\t\t\t<a class=\"elementor-accordion-title\" tabindex=\"0\">Standard G\u00f6vde Materyalleri <\/a>\n\t\t\t\t\t<\/div>\n\t\t\t\t\t<div id=\"elementor-tab-content-1001\" class=\"elementor-tab-content elementor-clearfix\" data-tab=\"1\" role=\"region\" aria-labelledby=\"elementor-tab-title-1001\"><p>&#8211; SA-A516 Gr. 70 steel plate<br \/>&#8211; SA-350 LF2 Cl1<br \/>&#8211; SA-352-LCC<\/p>\n<\/div>\n\t\t\t\t<\/div>\n\t\t\t\t\t\t\t<div class=\"elementor-accordion-item\">\n\t\t\t\t\t<div id=\"elementor-tab-title-1002\" class=\"elementor-tab-title\" data-tab=\"2\" role=\"button\" aria-controls=\"elementor-tab-content-1002\" aria-expanded=\"false\">\n\t\t\t\t\t\t\t\t\t\t\t\t\t<span class=\"elementor-accordion-icon elementor-accordion-icon-left\" aria-hidden=\"true\">\n\t\t\t\t\t\t\t\t\t\t\t\t\t\t\t<span class=\"elementor-accordion-icon-closed\"><i class=\"fas fa-plus\"><\/i><\/span>\n\t\t\t\t\t\t\t\t<span class=\"elementor-accordion-icon-opened\"><i class=\"fas fa-minus\"><\/i><\/span>\n\t\t\t\t\t\t\t\t\t\t\t\t\t\t<\/span>\n\t\t\t\t\t\t\t\t\t\t\t\t<a class=\"elementor-accordion-title\" tabindex=\"0\">Standart c\u0131vatalama:<\/a>\n\t\t\t\t\t<\/div>\n\t\t\t\t\t<div id=\"elementor-tab-content-1002\" class=\"elementor-tab-content elementor-clearfix\" data-tab=\"2\" role=\"region\" aria-labelledby=\"elementor-tab-title-1002\"><p>&#8211; SA-A193 Gr. B7 with A194 Gr. 2H nuts<\/p>\n<\/div>\n\t\t\t\t<\/div>\n\t\t\t\t\t\t\t<div class=\"elementor-accordion-item\">\n\t\t\t\t\t<div id=\"elementor-tab-title-1003\" class=\"elementor-tab-title\" data-tab=\"3\" role=\"button\" aria-controls=\"elementor-tab-content-1003\" aria-expanded=\"false\">\n\t\t\t\t\t\t\t\t\t\t\t\t\t<span class=\"elementor-accordion-icon elementor-accordion-icon-left\" aria-hidden=\"true\">\n\t\t\t\t\t\t\t\t\t\t\t\t\t\t\t<span class=\"elementor-accordion-icon-closed\"><i class=\"fas fa-plus\"><\/i><\/span>\n\t\t\t\t\t\t\t\t<span class=\"elementor-accordion-icon-opened\"><i class=\"fas fa-minus\"><\/i><\/span>\n\t\t\t\t\t\t\t\t\t\t\t\t\t\t<\/span>\n\t\t\t\t\t\t\t\t\t\t\t\t<a class=\"elementor-accordion-title\" tabindex=\"0\">Se\u00e7enekler<\/a>\n\t\t\t\t\t<\/div>\n\t\t\t\t\t<div id=\"elementor-tab-content-1003\" class=\"elementor-tab-content elementor-clearfix\" data-tab=\"3\" role=\"region\" aria-labelledby=\"elementor-tab-title-1003\"><p>\u2013 Korozyon korumas\u0131 i\u00e7in marine epoksi boyas\u0131<br \/>&#8211; Montaj kolayl\u0131\u011f\u0131 i\u00e7in mente\u015feler<br \/>&#8211; Anotlar<br \/>\u2013 NACE MR0175 \/ ISO 15156 uyumlu malzemeler<\/p>\n<\/div>\n\t\t\t\t<\/div>\n\t\t\t\t\t\t\t\t<\/div>\n\t\t\t\t<\/div>\n\t\t\t\t<\/div>\n\t\t\t\t\t<\/div>\n\t\t<\/div>\n\t\t\t\t<div class=\"elementor-column elementor-col-33 elementor-top-column elementor-element elementor-element-2e9cc042\" data-id=\"2e9cc042\" data-element_type=\"column\">\n\t\t\t<div class=\"elementor-widget-wrap elementor-element-populated\">\n\t\t\t\t\t\t<div class=\"elementor-element elementor-element-52344a92 elementor-widget elementor-widget-heading\" data-id=\"52344a92\" data-element_type=\"widget\" data-widget_type=\"heading.default\">\n\t\t\t\t<div class=\"elementor-widget-container\">\n\t\t\t<h3 class='heading-left  divider-sm'  style=\"color:#000000\"><span>\u00d6zel \u0130malat<\/span><\/h3>\t\t<\/div>\n\t\t\t\t<\/div>\n\t\t\t\t<div class=\"elementor-element elementor-element-608b0f89 elementor-widget elementor-widget-text-editor\" data-id=\"608b0f89\" data-element_type=\"widget\" data-widget_type=\"text-editor.default\">\n\t\t\t\t<div class=\"elementor-widget-container\">\n\t\t\t\t\t\t\t<p>Split+Repair Ell 45\u00b0, 90\u00b0, k\u0131sa yar\u0131\u00e7apl\u0131, uzun yar\u0131\u00e7apl\u0131, te\u011fetli uzun yar\u0131\u00e7apl\u0131, vidal\u0131 ve soket kaynakl\u0131 olmak \u00fczere bir\u00e7ok konfig\u00fcrasyonda mevcuttur. Talep \u00fczerine \u00f6zel boyutlar ve a\u00e7\u0131lar da mevcuttur.<\/p>\n<p>Split+Repair Tee ve Split+Repair Cross, m\u00fc\u015fteri taraf\u0131ndan sa\u011flanan spesifikasyonlara g\u00f6re \u00f6zel olarak \u00fcretilir.<\/p>\n<p>Viton ambalaj standartt\u0131r. Buna-N, Silikon, Kevlar, Hycar ve di\u011fer salmastralar talep \u00fczerine temin edilebilir.<\/p>\n\t\t\t\t\t\t<\/div>\n\t\t\t\t<\/div>\n\t\t\t\t\t<\/div>\n\t\t<\/div>\n\t\t\t\t\t<\/div>\n\t\t<\/section>\n\t\t\t\t<section class=\"elementor-section elementor-top-section elementor-element elementor-element-f5ccc57 elementor-section-boxed elementor-section-height-default elementor-section-height-default\" data-id=\"f5ccc57\" data-element_type=\"section\">\n\t\t\t\t\t\t<div class=\"elementor-container elementor-column-gap-default\">\n\t\t\t\t\t<div class=\"elementor-column elementor-col-100 elementor-top-column elementor-element elementor-element-faec4d7\" data-id=\"faec4d7\" data-element_type=\"column\">\n\t\t\t<div class=\"elementor-widget-wrap elementor-element-populated\">\n\t\t\t\t\t\t<div class=\"elementor-element elementor-element-3ced53c elementor-widget elementor-widget-button\" data-id=\"3ced53c\" data-element_type=\"widget\" data-widget_type=\"button.default\">\n\t\t\t\t<div class=\"elementor-widget-container\">\n\t\t\t<a id=button-id-0 target=_blabk href=https:\/\/notronpipeline.com\/wp-content\/uploads\/split-repair-ell-tee-cros.pdf class=\"btn  \" style=><i class='fa far fa-arrow-alt-circle-down'><\/i> Bro\u015f\u00fcr\u00fcm\u00fcz\u00fc \u0130ndirin<\/a>\t\t<\/div>\n\t\t\t\t<\/div>\n\t\t\t\t\t<\/div>\n\t\t<\/div>\n\t\t\t\t\t<\/div>\n\t\t<\/section>\n\t\t\t\t<\/div>\n\t\t","protected":false},"excerpt":{"rendered":"<p>Split + Repair Tee\/Elbow\/Cross Split+Repair Ell, Split+Repair Tee ve Split+Repair Cross ba\u011flant\u0131 par\u00e7alar\u0131 g\u00fcvenli ve g\u00fcvenilir olmalar\u0131n\u0131n yan\u0131 s\u0131ra kolay ve h\u0131zl\u0131 monte edilirler. Bu ba\u011flant\u0131 par\u00e7alar\u0131ndan herhangi biri hatta d\u00fczg\u00fcn bir \u015fekilde c\u0131vataland\u0131\u011f\u0131nda s\u0131z\u0131nt\u0131 h\u0131zla kontrol alt\u0131na al\u0131n\u0131r. Onar\u0131m &hellip;<\/p>\n","protected":false},"author":1,"featured_media":0,"parent":0,"menu_order":0,"comment_status":"closed","ping_status":"closed","template":"","meta":{"footnotes":""},"class_list":["post-5110","page","type-page","status-publish","hentry"],"_links":{"self":[{"href":"https:\/\/notronpipeline.com\/tr\/wp-json\/wp\/v2\/pages\/5110","targetHints":{"allow":["GET"]}}],"collection":[{"href":"https:\/\/notronpipeline.com\/tr\/wp-json\/wp\/v2\/pages"}],"about":[{"href":"https:\/\/notronpipeline.com\/tr\/wp-json\/wp\/v2\/types\/page"}],"author":[{"embeddable":true,"href":"https:\/\/notronpipeline.com\/tr\/wp-json\/wp\/v2\/users\/1"}],"replies":[{"embeddable":true,"href":"https:\/\/notronpipeline.com\/tr\/wp-json\/wp\/v2\/comments?post=5110"}],"version-history":[{"count":1,"href":"https:\/\/notronpipeline.com\/tr\/wp-json\/wp\/v2\/pages\/5110\/revisions"}],"predecessor-version":[{"id":5111,"href":"https:\/\/notronpipeline.com\/tr\/wp-json\/wp\/v2\/pages\/5110\/revisions\/5111"}],"wp:attachment":[{"href":"https:\/\/notronpipeline.com\/tr\/wp-json\/wp\/v2\/media?parent=5110"}],"curies":[{"name":"wp","href":"https:\/\/api.w.org\/{rel}","templated":true}]}}